{"id":444,"date":"2021-08-09T06:02:23","date_gmt":"2021-08-09T06:02:23","guid":{"rendered":"http:\/\/localhost\/pool-services\/?page_id=444"},"modified":"2024-02-25T16:51:49","modified_gmt":"2024-02-25T16:51:49","slug":"o-nama","status":"publish","type":"page","link":"https:\/\/juma.hr\/zh\/\u5173\u4e8e\u6211\u4eec\/","title":{"rendered":"\u5173\u4e8e\u6211\u4eec"},"content":{"rendered":"<div data-elementor-type=\"wp-page\" data-elementor-id=\"444\" class=\"elementor elementor-444\" data-elementor-post-type=\"page\">\n\t\t\t\t\t\t\t\t\t<section class=\"elementor-section elementor-top-section elementor-element elementor-element-eac29af elementor-section-full_width elementor-section-height-default elementor-section-height-default\" data-id=\"eac29af\" data-element_type=\"section\">\n\t\t\t\t\t\t<div class=\"elementor-container elementor-column-gap-no\">\n\t\t\t\t\t<div class=\"elementor-column elementor-col-100 elementor-top-column elementor-element elementor-element-14c2844\" data-id=\"14c2844\" data-element_type=\"column\">\n\t\t\t<div class=\"elementor-widget-wrap elementor-element-populated\">\n\t\t\t\t\t\t\t\t<div class=\"elementor-element elementor-element-9d3c7eb elementor-widget elementor-widget-pool_services_about\" data-id=\"9d3c7eb\" data-element_type=\"widget\" data-widget_type=\"pool_services_about.default\">\n\t\t\t\t<div class=\"elementor-widget-container\">\n\t\t\t\t\t\t<div class=\"section-indent\">\n\t\t\t\t<div class=\"container tt-position__relative tt-position__relative-level-up\">\n\t\t\t\t\t<div class=\"row\">\n\t\t\t\t\t\t<div class=\"col-md-6\">\n\t\t\t\t\t\t\t<div class=\"blocktitle blocktitle__shift\">\n\t\t\t\t\t\t\t\t<div class=\"blocktitle__subtitle\">\u6b63\u5728\u5bfb\u627e\u5b8c\u7f8e\u7684\u6cf3\u6c60\uff1f\u8054\u7cfb\u4e13\u5bb6\uff01\t\t\t\t\t\t\t\t<\/div>\n\t\t\t\t\t\t\t\t<div class=\"blocktitle__title\">JUMA\u662f\u4e00\u5bb6\u4e13\u4e1a\u4ece\u4e8b\u6e38\u6cf3\u6c60\u5efa\u8bbe\u548c\u7ef4\u62a4\u7684\u516c\u53f8<\/div>\n\t\t\t\t\t\t\t<\/div>\n\t\t\t\t\t\t\t<strong>\n\u6b22\u8fce\u6765\u5230 JUMA\uff0c\u60a8\u7684\u9876\u7ea7\u6cf3\u6c60\u5efa\u8bbe\u548c\u7ef4\u62a4\u4e13\u5bb6\u3002\u51ed\u501f\u5341\u591a\u5e74\u7684\u4e30\u5bcc\u7ecf\u9a8c\u548c\u4e00\u767e\u591a\u4e2a\u6210\u529f\u5b8c\u6210\u7684\u9879\u76ee\u7684\u4ee4\u4eba\u5370\u8c61\u6df1\u523b\u7684\u7ec4\u5408\uff0c\u6211\u4eec\u81f4\u529b\u4e8e\u4f7f\u60a8\u7684\u5b8c\u7f8e\u6cf3\u6c60\u68a6\u60f3\u6210\u4e3a\u73b0\u5b9e\u3002<\/strong>\n\t\t\t\t\t\t\t<ul class=\"tt-list tt-list__top\">\n\t\t\t\t\t\t\t\t <li>\u514d\u8d39\u4e13\u4e1a\u54a8\u8be2<\/li>\n <li>\u5feb\u901f\u9879\u76ee\u8bc4\u4f30<\/li>\n<li>\u4ece\u9879\u76ee\u5230\u7ef4\u62a4<\/li>\n<li>\u79c1\u4eba\u548c\u516c\u5171\u8bbe\u65bd<\/li>\t\t\t\t\t\t\t<\/ul>\n\t\t\t\t\t\t\t <a class=\"tt-icon-point tt-icon-point__top\" href=\"tel:\u202d 385 95 3776 396\u202c\"><span class=\"icon-733464\"><\/span> +385 95 3776 396<\/a>\t\t\t\t\t\t<\/div>\n\t\t\t\t\t\t<div class=\"divider-size-md tt-visible__table\"><\/div>\n\t\t\t\t\t\t<div class=\"col-md-6\">\n\t\t\t\t\t\t\t<div class=\"img-box\">\n\t\t\t\t\t\t\t\t<div class=\"img-box__img\">\n\t\t\t\t\t\t\t\t\t<picture>\n\t\t\t\t\t\t\t\t\t\t<img fetchpriority=\"high\" decoding=\"async\" width=\"2560\" height=\"1829\" src=\"https:\/\/juma.hr\/wp-content\/uploads\/2024\/01\/DJI_0195h-scaled.jpg\" class=\"attachment-full size-full\" alt=\"\" \/>\t\t\t\t\t\t\t\t\t<\/picture>\n\t\t\t\t\t\t\t\t<\/div>\n\t\t\t\t\t\t\t\t<div class=\"img-box__bg\">\n\t\t\t\t\t\t\t\t\t<picture>\n\t\t\t\t\t\t\t\t\t\t<img decoding=\"async\" width=\"301\" height=\"220\" src=\"https:\/\/juma.hr\/wp-content\/uploads\/2021\/08\/img-box__bg.png\" class=\"attachment-full size-full\" alt=\"\" \/>\t\t\t\t\t\t\t\t\t<\/picture>\n\t\t\t\t\t\t\t\t<\/div>\n\t\t\t\t\t\t\t\t<div class=\"img-box__label\">\n\t\t\t\t\t\t\t\t\t<div class=\"img-box__label-text01\">15<\/div>\n\t\t\t\t\t\t\t\t\t<div class=\"img-box__label-text02\">\u5e74\u4e8e <br> \u884c\u4e1a<\/div>\n\t\t\t\t\t\t\t\t<\/div>\n\t\t\t\t\t\t\t\t<div class=\"img-box__content\">\n\t\t\t\t\t\t\t\t\t<div class=\"img-box__title\">\u51c6\u5907\u597d\u804a\u5929\u4e86\u5417\uff1f<\/div>\n\t\t\t\t\t\t\t\t\t<p>\n\t\t\t\t\t\t\t\t\t\t\u7acb\u5373\u8054\u7cfb\u6211\u4eec\u5b89\u6392\u4e0e\u6211\u4eec\u56e2\u961f\u7684\u514d\u8d39\u4f1a\u8bae\u3002\t\t\t\t\t\t\t\t\t<\/p>\n\t\t\t\t\t\t\t\t\t\t\t\t\t\t\t\t\t\t\t\t\t\t\t\t\t\t\t\t\t<a href=\"https:\/\/juma.hr\/zh\/\u63a5\u89e6\/\"   class=\"tt-btn tt-btn01 img-box__btn\">\n\t\t\t\t\t\t\t\t\t\t\t<span class=\"tt-btn__text\" data-effect=\"Po\u0161alji upit\">\u53d1\u9001\u8be2\u95ee<\/span>\n\t\t\t\t\t\t\t\t\t\t\t<span class=\"tt-btn__icon icon-142042\"><\/span>\n\t\t\t\t\t\t\t\t\t\t<\/a>\n\t\t\t\t\t\t\t\t\t\t\t\t\t\t\t\t\t\t\t\t\t\t\t\t\t\t\t<\/div>\n\t\t\t\t\t\t\t<\/div>\n\t\t\t\t\t\t<\/div>\n\t\t\t\t\t<\/div>\n\t\t\t\t<\/div>\n\t\t\t<\/div>\n\t\t\t\t<\/div>\n\t\t\t\t<\/div>\n\t\t\t\t\t<\/div>\n\t\t<\/div>\n\t\t\t\t\t\t\t<\/div>\n\t\t<\/section>\n\t\t\t\t<section class=\"elementor-section elementor-top-section elementor-element elementor-element-baf2025 elementor-section-full_width elementor-section-height-default elementor-section-height-default\" data-id=\"baf2025\" data-element_type=\"section\">\n\t\t\t\t\t\t<div class=\"elementor-container elementor-column-gap-no\">\n\t\t\t\t\t<div class=\"elementor-column elementor-col-100 elementor-top-column elementor-element elementor-element-2a11c52\" data-id=\"2a11c52\" data-element_type=\"column\">\n\t\t\t<div class=\"elementor-widget-wrap elementor-element-populated\">\n\t\t\t\t\t\t\t\t<div class=\"elementor-element elementor-element-6b1fdf3 elementor-widget elementor-widget-pool_service_provider\" data-id=\"6b1fdf3\" data-element_type=\"widget\" data-widget_type=\"pool_service_provider.default\">\n\t\t\t\t<div class=\"elementor-widget-container\">\n\t\t\t\t\t<div class=\"section-indent tt-position__relative\">\n\t\t\t<div class=\"tt-bg bg-about-02 lazyload\" data-bg=\"https:\/\/juma.hr\/wp-content\/uploads\/2021\/08\/bg-about-02.png\"><\/div>\n\t\t\t<div class=\"container\">\n\t\t\t\t<div class=\"blocktitle blocktitle__center\">\n\t\t\t\t\t<div class=\"blocktitle__subtitle\"><\/div>\n\t\t\t\t\t<div class=\"blocktitle__title\">\u4e3a\u4ec0\u4e48\u9009\u62e9\u6211\u4eec\uff1f<\/div>\n\t\t\t\t<\/div>\n\t\t\t\t<div class=\"box-info04__wrapper\">\n\t\t\t\t\t<div class=\"swiper-container tt-notcrop\" data-carousel=\"swiper\" data-space-between=\"30\" data-space-between-lg=\"20\" data-slides-xl=\"3\" data-slides-lg=\"3\" data-slides-md=\"2\" data-slides-sm=\"1\">\n\t\t\t\t\t\t<div class=\"swiper-wrapper\">\n\t\t\t\t\t\t\t\t\t\t\t\t\t\t\t<div class=\"swiper-slide\">\n\t\t\t\t\t\t\t\t\t<div class=\"box-info04\">\n\t\t\t\t\t\t\t\t\t\t<div class=\"box-info04__img\">\n\t\t\t\t\t\t\t\t\t\t\t<picture>\n\t\t\t\t\t\t\t\t\t\t\t\t<source srcset=\"https:\/\/juma.hr\/wp-content\/uploads\/2021\/08\/offers02__img06-1.jpg\" data-srcset=\"https:\/\/juma.hr\/wp-content\/uploads\/2021\/08\/offers02__img06-1.jpg\" type=\"image\/jpg\">\n\t\t\t\t\t\t\t\t\t\t\t\t<img decoding=\"async\" width=\"370\" height=\"280\" src=\"https:\/\/juma.hr\/wp-content\/uploads\/2021\/08\/offers02__img06-1.jpg\" class=\"attachment-full size-full\" alt=\"\" \/>\t\t\t\t\t\t\t\t\t\t\t<\/picture>\n\t\t\t\t\t\t\t\t\t\t<\/div>\n\t\t\t\t\t\t\t\t\t\t<div class=\"box-info04__content\" data-value=\"1\">\n\t\t\t\t\t\t\t\t\t\t\t<h6 class=\"box-info04__title\">\u62a5\u4ef7\u8303\u56f4<\/h6>\n\t\t\t\t\t\t\t\t\t\t\t<p>\u4ece\u60f3\u6cd5\u5230\u7b2c\u4e00\u6b21\u6d74\u5ba4\u548c\u6240\u6709\u89c4\u6a21\u9879\u76ee\u7684\u6c38\u4e45\u7ef4\u62a4\uff0c\u65e0\u8bba\u5b83\u662f\u60a8\u9662\u5b50\u91cc\u7684\u79c1\u4eba\u5929\u5802\u89d2\u843d\u8fd8\u662f\u4ee4\u4eba\u5370\u8c61\u6df1\u523b\u7684\u516c\u5171\u5efa\u7b51\u7fa4\u3002 <\/p>\n\t\t\t\t\t\t\t\t\t\t<\/div>\n\t\t\t\t\t\t\t\t\t<\/div>\n\t\t\t\t\t\t\t\t<\/div>\n\t\t\t\t\t\t\t\t\t\t\t\t\t\t\t\t<div class=\"swiper-slide\">\n\t\t\t\t\t\t\t\t\t<div class=\"box-info04\">\n\t\t\t\t\t\t\t\t\t\t<div class=\"box-info04__img\">\n\t\t\t\t\t\t\t\t\t\t\t<picture>\n\t\t\t\t\t\t\t\t\t\t\t\t<source srcset=\"https:\/\/juma.hr\/wp-content\/uploads\/2021\/09\/box-info04-img02.jpg\" data-srcset=\"https:\/\/juma.hr\/wp-content\/uploads\/2021\/09\/box-info04-img02.jpg\" type=\"image\/jpg\">\n\t\t\t\t\t\t\t\t\t\t\t\t<img loading=\"lazy\" decoding=\"async\" width=\"370\" height=\"280\" src=\"https:\/\/juma.hr\/wp-content\/uploads\/2021\/09\/box-info04-img02.jpg\" class=\"attachment-full size-full\" alt=\"\" \/>\t\t\t\t\t\t\t\t\t\t\t<\/picture>\n\t\t\t\t\t\t\t\t\t\t<\/div>\n\t\t\t\t\t\t\t\t\t\t<div class=\"box-info04__content\" data-value=\"2\">\n\t\t\t\t\t\t\t\t\t\t\t<h6 class=\"box-info04__title\">\u591a\u5e74\u7ecf\u9a8c<\/h6>\n\t\t\t\t\t\t\t\t\t\t\t<p>\u4e0e\u6211\u4eec\u4e00\u8d77\uff0c\u60a8\u4e0d\u4ec5\u4f1a\u5f97\u5230\u4e00\u4e2a\u6e38\u6cf3\u6c60\uff0c\u800c\u4e14\u8fd8\u4f1a\u5f97\u5230\u81ea\u59cb\u81f3\u7ec8\u7684\u5b89\u5168\u548c\u8d28\u91cf\u3002\u8fd9\u662f\u6211\u4eec\u591a\u5e74\u7684\u7ecf\u9a8c\u548c\u6570\u767e\u4e2a\u5df2\u5b8c\u6210\u9879\u76ee\u7684\u4fdd\u8bc1\u3002 <\/p>\n\t\t\t\t\t\t\t\t\t\t<\/div>\n\t\t\t\t\t\t\t\t\t<\/div>\n\t\t\t\t\t\t\t\t<\/div>\n\t\t\t\t\t\t\t\t\t\t\t\t\t\t\t\t<div class=\"swiper-slide\">\n\t\t\t\t\t\t\t\t\t<div class=\"box-info04\">\n\t\t\t\t\t\t\t\t\t\t<div class=\"box-info04__img\">\n\t\t\t\t\t\t\t\t\t\t\t<picture>\n\t\t\t\t\t\t\t\t\t\t\t\t<source srcset=\"https:\/\/juma.hr\/wp-content\/uploads\/2021\/08\/offers02__img03.jpg\" data-srcset=\"https:\/\/juma.hr\/wp-content\/uploads\/2021\/08\/offers02__img03.jpg\" type=\"image\/jpg\">\n\t\t\t\t\t\t\t\t\t\t\t\t<img loading=\"lazy\" decoding=\"async\" width=\"370\" height=\"280\" src=\"https:\/\/juma.hr\/wp-content\/uploads\/2021\/08\/offers02__img03.jpg\" class=\"attachment-full size-full\" alt=\"\" \/>\t\t\t\t\t\t\t\t\t\t\t<\/picture>\n\t\t\t\t\t\t\t\t\t\t<\/div>\n\t\t\t\t\t\t\t\t\t\t<div class=\"box-info04__content\" data-value=\"3\">\n\t\t\t\t\t\t\t\t\t\t\t<h6 class=\"box-info04__title\">\u8fd0\u4f5c\u65b9\u5f0f<\/h6>\n\t\t\t\t\t\t\t\t\t\t\t<p>\u627f\u8bfa\u6309\u65f6\u5b8c\u6210\u5e76\u4ee5\u60a8\u7684\u5e78\u798f\u4e3a\u57fa\u7840\u5efa\u7acb\u58f0\u8a89\u662f\u6211\u4eec\u7684\u9996\u8981\u4efb\u52a1\u3002\u5230\u76ee\u524d\u4e3a\u6b62\uff0c\u6211\u4eec\u7684\u9879\u76ee\u6267\u884c\u53d6\u5f97\u4e86100%\u7684\u6210\u529f\uff0c\u5ba2\u6237\u7684\u6ee1\u610f\u662f\u6211\u4eec\u6700\u597d\u7684\u63a8\u8350\u3002 <\/p>\n\t\t\t\t\t\t\t\t\t\t<\/div>\n\t\t\t\t\t\t\t\t\t<\/div>\n\t\t\t\t\t\t\t\t<\/div>\n\t\t\t\t\t\t\t\t\t\t\t\t\t\t<\/div>\n\t\t\t\t\t\t<div class=\"swiper-pagination  swiper-pagination__center\"><\/div>\n\t\t\t\t\t<\/div>\n\t\t\t\t<\/div>\n\t\t\t<\/div>\n\t\t<\/div>\n\t\t\t\t<\/div>\n\t\t\t\t<\/div>\n\t\t\t\t\t<\/div>\n\t\t<\/div>\n\t\t\t\t\t\t\t<\/div>\n\t\t<\/section>\n\t\t\t\t<section class=\"elementor-section elementor-top-section elementor-element elementor-element-24179d8 elementor-section-full_width elementor-hidden-desktop elementor-hidden-tablet elementor-hidden-mobile elementor-section-height-default elementor-section-height-default\" data-id=\"24179d8\" data-element_type=\"section\">\n\t\t\t\t\t\t<div class=\"elementor-container elementor-column-gap-narrow\">\n\t\t\t\t\t<div class=\"elementor-column elementor-col-100 elementor-top-column elementor-element elementor-element-9dc1563\" data-id=\"9dc1563\" data-element_type=\"column\">\n\t\t\t<div class=\"elementor-widget-wrap elementor-element-populated\">\n\t\t\t\t\t\t\t\t<div class=\"elementor-element elementor-element-1480da5 elementor-widget elementor-widget-pool_service_certified\" data-id=\"1480da5\" data-element_type=\"widget\" data-widget_type=\"pool_service_certified.default\">\n\t\t\t\t<div class=\"elementor-widget-container\">\n\t\t\t\t\t<div class=\"section-indent\">\n\t\t\t<div class=\"section__fluid-left\">\n\t\t\t\t<div class=\"layout02 swiper__btn-wrapper\">\n\t\t\t\t\t<div class=\"layout02__bg\">\n\t\t\t\t\t\t<picture>\n\t\t\t\t\t\t\t<source media=\"(min-width: 768px)\" srcset=\"data:image\/gif;base64,R0lGODlhAQABAAAAACH5BAEKAAEALAAAAAABAAEAAAICTAEAOw==\" data-srcset=\"https:\/\/juma.hr\/wp-content\/uploads\/2021\/08\/layout01__bg.jpg\" type=\"image\/jpg\">\n\t\t\t\t\t\t\t<img decoding=\"async\" src=\"data:image\/gif;base64,R0lGODlhAQABAAAAACH5BAEKAAEALAAAAAABAAEAAAICTAEAOw==\" class=\"lazyload\" alt=\"\">\n\t\t\t\t\t\t<\/picture>\n\t\t\t\t\t<\/div>\n\t\t\t\t\t<div class=\"layout02__description\">\n\t\t\t\t\t\t<div class=\"layout02__bg-mobile\">\n\t\t\t\t\t\t\t<picture>\n\t\t\t\t\t\t\t\t<source media=\"(max-width: 768px)\" srcset=\"data:image\/gif;base64,R0lGODlhAQABAAAAACH5BAEKAAEALAAAAAABAAEAAAICTAEAOw==\" data-srcset=\"https:\/\/juma.hr\/wp-content\/uploads\/2021\/08\/layout01__bg.jpg\" type=\"image\/jpg\">\n\t\t\t\t\t\t\t\t<img decoding=\"async\" src=\"data:image\/gif;base64,R0lGODlhAQABAAAAACH5BAEKAAEALAAAAAABAAEAAAICTAEAOw==\" class=\"lazyload\" alt=\"\">\n\t\t\t\t\t\t\t<\/picture>\n\t\t\t\t\t\t<\/div>\n\t\t\t\t\t\t<div class=\"layout02__description-inner\">\n\t\t\t\t\t\t\t<div class=\"blocktitle blocktitle__color01\">\n\t\t\t\t\t\t\t\t<div class=\"blocktitle__subtitle\"><\/div>\n\t\t\t\t\t\t\t\t<div class=\"blocktitle__title\">\u8bc1\u4e66\u3001\u6210\u5c31\u3001\u6709\u8da3\u7684\u9879\u76ee<\/div>\n\t\t\t\t\t\t\t<\/div>\n\t\t\t\t\t\t\t<p>\n\t\t\t\t\t\t\t\t\u5728\u8fd9\u91cc\u5c55\u793a\u516c\u53f8\u7684\u4e13\u4e1a\u77e5\u8bc6\u548c\u5b9e\u529b\t\t\t\t\t\t\t<\/p>\n\t\t\t\t\t\t\t<div class=\"swiper__btn swiper__btn-color01\">\n\t\t\t\t\t\t\t\t<div class=\"swiper__btn-prev icon-142042\"><\/div>\n\t\t\t\t\t\t\t\t<div class=\"swiper__btn-next icon-142042\"><\/div>\n\t\t\t\t\t\t\t<\/div>\n\t\t\t\t\t\t\t<div id=\"bullets03\" class=\"swiper-pagination swiper-pagination__color02\"><\/div>\n\t\t\t\t\t\t<\/div>\n\t\t\t\t\t<\/div>\n\t\t\t\t\t<div class=\"layout02__carusel\">\n\t\t\t\t\t\t<div class=\"layout02__carusel-indent\">\n\t\t\t\t\t\t\t<div class=\"swiper-container tt-notcrop\" data-carousel=\"swiper\" data-loop=\"false\" data-space-between=\"20\" data-space-between-lg=\"15\" data-slides-xxl=\"3.7\" data-slides-xl=\"2.6\" data-slides-lg=\"2.6\" data-slides-md=\"3\" data-slides-sm=\"2\" data-pagination-otherwhere=\"bullets03\" data-button-prev=\"swiper__btn-prev\" data-button-next=\"swiper__btn-next\" data-button-wrapper=\"swiper__btn-wrapper\">\n\t\t\t\t\t\t\t\t<div class=\"swiper-wrapper tt-gallery__wrapper\">\n\t\t\t\t\t\t\t\t\t\t\t\t\t\t\t\t\t\t\t<div class=\"swiper-slide\">\n\t\t\t\t\t\t\t\t\t\t\t<a href=\"https:\/\/juma.hr\/wp-content\/uploads\/2021\/08\/certificates-img01.jpg\" class=\"tt-item-img tt-gallery\" data-modal=\"gallery\">\n\t\t\t\t\t\t\t\t\t\t\t\t<picture>\n\t\t\t\t\t\t\t\t\t\t\t\t\t<img loading=\"lazy\" decoding=\"async\" width=\"286\" height=\"370\" src=\"https:\/\/juma.hr\/wp-content\/uploads\/2021\/08\/certificates-img01.jpg\" class=\"attachment-full size-full\" alt=\"\" \/>\t\t\t\t\t\t\t\t\t\t\t\t<\/picture>\n\t\t\t\t\t\t\t\t\t\t\t<\/a>\n\t\t\t\t\t\t\t\t\t\t<\/div>\n\t\t\t\t\t\t\t\t\t\t\t\t\t\t\t\t\t\t\t\t<div class=\"swiper-slide\">\n\t\t\t\t\t\t\t\t\t\t\t<a href=\"https:\/\/juma.hr\/wp-content\/uploads\/2021\/08\/certificates-img02.jpg\" class=\"tt-item-img tt-gallery\" data-modal=\"gallery\">\n\t\t\t\t\t\t\t\t\t\t\t\t<picture>\n\t\t\t\t\t\t\t\t\t\t\t\t\t<img loading=\"lazy\" decoding=\"async\" width=\"286\" height=\"370\" src=\"https:\/\/juma.hr\/wp-content\/uploads\/2021\/08\/certificates-img02.jpg\" class=\"attachment-full size-full\" alt=\"\" \/>\t\t\t\t\t\t\t\t\t\t\t\t<\/picture>\n\t\t\t\t\t\t\t\t\t\t\t<\/a>\n\t\t\t\t\t\t\t\t\t\t<\/div>\n\t\t\t\t\t\t\t\t\t\t\t\t\t\t\t\t\t\t\t\t<div class=\"swiper-slide\">\n\t\t\t\t\t\t\t\t\t\t\t<a href=\"https:\/\/juma.hr\/wp-content\/uploads\/2021\/08\/certificates-img03.jpg\" class=\"tt-item-img tt-gallery\" data-modal=\"gallery\">\n\t\t\t\t\t\t\t\t\t\t\t\t<picture>\n\t\t\t\t\t\t\t\t\t\t\t\t\t<img loading=\"lazy\" decoding=\"async\" width=\"286\" height=\"370\" src=\"https:\/\/juma.hr\/wp-content\/uploads\/2021\/08\/certificates-img03.jpg\" class=\"attachment-full size-full\" alt=\"\" \/>\t\t\t\t\t\t\t\t\t\t\t\t<\/picture>\n\t\t\t\t\t\t\t\t\t\t\t<\/a>\n\t\t\t\t\t\t\t\t\t\t<\/div>\n\t\t\t\t\t\t\t\t\t\t\t\t\t\t\t\t\t\t\t\t<div class=\"swiper-slide\">\n\t\t\t\t\t\t\t\t\t\t\t<a href=\"https:\/\/juma.hr\/wp-content\/uploads\/2021\/08\/certificates-img04.jpg\" class=\"tt-item-img tt-gallery\" data-modal=\"gallery\">\n\t\t\t\t\t\t\t\t\t\t\t\t<picture>\n\t\t\t\t\t\t\t\t\t\t\t\t\t<img loading=\"lazy\" decoding=\"async\" width=\"286\" height=\"370\" src=\"https:\/\/juma.hr\/wp-content\/uploads\/2021\/08\/certificates-img04.jpg\" class=\"attachment-full size-full\" alt=\"\" \/>\t\t\t\t\t\t\t\t\t\t\t\t<\/picture>\n\t\t\t\t\t\t\t\t\t\t\t<\/a>\n\t\t\t\t\t\t\t\t\t\t<\/div>\n\t\t\t\t\t\t\t\t\t\t\t\t\t\t\t\t\t\t\t\t<div class=\"swiper-slide\">\n\t\t\t\t\t\t\t\t\t\t\t<a href=\"https:\/\/juma.hr\/wp-content\/uploads\/2021\/08\/certificates-img05.jpg\" class=\"tt-item-img tt-gallery\" data-modal=\"gallery\">\n\t\t\t\t\t\t\t\t\t\t\t\t<picture>\n\t\t\t\t\t\t\t\t\t\t\t\t\t<img loading=\"lazy\" decoding=\"async\" width=\"286\" height=\"370\" src=\"https:\/\/juma.hr\/wp-content\/uploads\/2021\/08\/certificates-img05.jpg\" class=\"attachment-full size-full\" alt=\"\" \/>\t\t\t\t\t\t\t\t\t\t\t\t<\/picture>\n\t\t\t\t\t\t\t\t\t\t\t<\/a>\n\t\t\t\t\t\t\t\t\t\t<\/div>\n\t\t\t\t\t\t\t\t\t\t\t\t\t\t\t\t\t\t<\/div>\n\t\t\t\t\t\t\t\t<div class=\"swiper-pagination  swiper-pagination__center\"><\/div>\n\t\t\t\t\t\t\t<\/div>\n\t\t\t\t\t\t<\/div>\n\t\t\t\t\t<\/div>\n\t\t\t\t<\/div>\n\t\t\t<\/div>\n\t\t<\/div>\n\t\t\t\t<\/div>\n\t\t\t\t<\/div>\n\t\t\t\t\t<\/div>\n\t\t<\/div>\n\t\t\t\t\t\t\t<\/div>\n\t\t<\/section>\n\t\t\t\t<section class=\"elementor-section elementor-top-section elementor-element elementor-element-fdffe12 elementor-section-full_width elementor-section-height-default elementor-section-height-default\" data-id=\"fdffe12\" data-element_type=\"section\">\n\t\t\t\t\t\t<div class=\"elementor-container elementor-column-gap-no\">\n\t\t\t\t\t<div class=\"elementor-column elementor-col-100 elementor-top-column elementor-element elementor-element-49062bd\" data-id=\"49062bd\" data-element_type=\"column\">\n\t\t\t<div class=\"elementor-widget-wrap elementor-element-populated\">\n\t\t\t\t\t\t\t\t<div class=\"elementor-element elementor-element-2ea2bd3 elementor-widget elementor-widget-pool_service_deal\" data-id=\"2ea2bd3\" data-element_type=\"widget\" data-widget_type=\"pool_service_deal.default\">\n\t\t\t\t<div class=\"elementor-widget-container\">\n\t\t\t\t\t<div class=\"section-indent\">\n\t\t\t<div class=\"container\">\n\t\t\t\t<div class=\"blocktitle blocktitle__center\">\n\t\t\t\t\t\t\t\t\t\t<div class=\"blocktitle__title\">\u52a0\u5165\u4e00\u957f\u4e32\u6ee1\u610f\u7684\u5ba2\u6237\u540d\u5355\u3002<\/div>\n\t\t\t\t<\/div>\n\t\t\t\t<div class=\"info-contact\">\n\t\t\t\t\t<p>\n\t\t\t\t\t\t\u60a8\u60f3\u51fa\u79df\u3001\u5347\u7ea7\u8fd8\u662f\u53ea\u662f\u4eab\u53d7\u60a8\u7684\u623f\u4ea7\uff1f\u6211\u4eec\u63d0\u4f9b\u5168\u9762\u7684\u89e3\u51b3\u65b9\u6848 - \u4ece\u9879\u76ee\u5230\u7ef4\u62a4\uff0c\u4ee5\u6ee1\u8db3\u60a8\u7684\u613f\u671b\u3002\t\t\t\t\t<\/p>\n\t\t\t\t\t<a class=\"tt-icon-point\" href=\"tel:\u202d 385 95 3776 396\u202c\"><span class=\"icon-733464\"><\/span>+385 95 3776 396<\/a>\n\t\t\t\t<\/div>\n\t\t\t<\/div>\n\t\t<\/div>\n\t\t\t\t<\/div>\n\t\t\t\t<\/div>\n\t\t\t\t\t<\/div>\n\t\t<\/div>\n\t\t\t\t\t\t\t<\/div>\n\t\t<\/section>\n\t\t\t\t\t\t\t<\/div>","protected":false},"excerpt":{"rendered":"<p>\u6b63\u5728\u5bfb\u627e\u5b8c\u7f8e\u7684\u6cf3\u6c60\uff1f\u8054\u7cfb\u4e13\u5bb6\uff01 JUMA\uff0c\u6cf3\u6c60\u5efa\u8bbe\u548c\u7ef4\u62a4\u7684\u4e13\u4e1a\u516c\u53f8\u6b22\u8fce\u6765\u5230JUMA\uff0c\u60a8\u7684\u6cf3\u6c60\u5efa\u8bbe\u548c\u7ef4\u62a4\u7684\u9876\u7ea7\u4e13\u5bb6\u3002\u51ed\u501f\u5341\u591a\u5e74\u7684\u4e30\u5bcc\u7ecf\u9a8c\u548c\u4e00\u767e\u591a\u4e2a\u6210\u529f\u5b8c\u6210\u7684\u9879\u76ee\u7684\u4ee4\u4eba\u5370\u8c61\u6df1\u523b\u7684\u6295\u8d44\u7ec4\u5408\uff0c\u6211\u4eec\u81f4\u529b\u4e8e\u4f7f\u60a8\u7684\u5b8c\u7f8e\u6cf3\u6c60\u68a6\u60f3\u6210\u4e3a\u73b0\u5b9e\u3002\uff1a\u514d\u8d39\u4e13\u5bb6\u5efa\u8bae\u5feb\u901f\u4f30\u7b97[...]<\/p>","protected":false},"author":1,"featured_media":1534,"parent":0,"menu_order":0,"comment_status":"closed","ping_status":"closed","template":"elementor_header_footer","meta":{"footnotes":""},"class_list":["post-444","page","type-page","status-publish","has-post-thumbnail","hentry"],"yoast_head":"<!-- This site is optimized with the Yoast SEO plugin v21.8 - https:\/\/yoast.com\/wordpress\/plugins\/seo\/ -->\n<title>O nama - Juma | Izgradnja i odr\u017eavanje bazena<\/title>\n<meta name=\"robots\" content=\"index, follow, max-snippet:-1, max-image-preview:large, max-video-preview:-1\" \/>\n<link rel=\"canonical\" href=\"https:\/\/juma.hr\/zh\/\u5173\u4e8e\u6211\u4eec\/\" \/>\n<meta property=\"og:locale\" content=\"zh_CN\" \/>\n<meta property=\"og:type\" content=\"article\" \/>\n<meta property=\"og:title\" content=\"O nama - Juma | Izgradnja i odr\u017eavanje bazena\" \/>\n<meta property=\"og:description\" content=\"Tra\u017eite savr\u0161en bazen? Obratite se stru\u010dnjacima! J.U.M.A. specijalizirana firma za izgradnju i odr\u017eavanje bazena Dobrodo\u0161li u J.U.M.A., va\u0161eg vrhunskog stru\u010dnjaka za izgradnju i odr\u017eavanje bazena. S bogatstvom iskustva koje prema\u0161uje desetlje\u0107e i impresivnim portfeljem od preko stotinu uspje\u0161no realiziranih projekata, posve\u0107eni smo pretvaranju va\u0161ih snova o savr\u0161enom bazenu u stvarnost.: Besplatna stru\u010dna savjetovanja Brza procjena [&hellip;]\" \/>\n<meta property=\"og:url\" content=\"https:\/\/juma.hr\/zh\/\u5173\u4e8e\u6211\u4eec\/\" \/>\n<meta property=\"og:site_name\" content=\"Juma | Izgradnja i odr\u017eavanje bazena\" \/>\n<meta property=\"article:modified_time\" content=\"2024-02-25T16:51:49+00:00\" \/>\n<meta property=\"og:image\" content=\"https:\/\/juma.hr\/wp-content\/uploads\/2021\/09\/pagetitle_bg01.jpg\" \/>\n\t<meta property=\"og:image:width\" content=\"1760\" \/>\n\t<meta property=\"og:image:height\" content=\"292\" \/>\n\t<meta property=\"og:image:type\" content=\"image\/jpeg\" \/>\n<meta name=\"twitter:card\" content=\"summary_large_image\" \/>\n<meta name=\"twitter:label1\" content=\"\u9884\u8ba1\u9605\u8bfb\u65f6\u95f4\" \/>\n\t<meta name=\"twitter:data1\" content=\"6 \u5206\" \/>\n<script type=\"application\/ld+json\" class=\"yoast-schema-graph\">{\"@context\":\"https:\/\/schema.org\",\"@graph\":[{\"@type\":\"WebPage\",\"@id\":\"https:\/\/juma.hr\/o-nama\/\",\"url\":\"https:\/\/juma.hr\/o-nama\/\",\"name\":\"O nama - Juma | Izgradnja i odr\u017eavanje bazena\",\"isPartOf\":{\"@id\":\"https:\/\/juma.hr\/#website\"},\"datePublished\":\"2021-08-09T06:02:23+00:00\",\"dateModified\":\"2024-02-25T16:51:49+00:00\",\"breadcrumb\":{\"@id\":\"https:\/\/juma.hr\/o-nama\/#breadcrumb\"},\"inLanguage\":\"zh-Hans\",\"potentialAction\":[{\"@type\":\"ReadAction\",\"target\":[\"https:\/\/juma.hr\/o-nama\/\"]}]},{\"@type\":\"BreadcrumbList\",\"@id\":\"https:\/\/juma.hr\/o-nama\/#breadcrumb\",\"itemListElement\":[{\"@type\":\"ListItem\",\"position\":1,\"name\":\"Home\",\"item\":\"https:\/\/juma.hr\/\"},{\"@type\":\"ListItem\",\"position\":2,\"name\":\"O nama\"}]},{\"@type\":\"WebSite\",\"@id\":\"https:\/\/juma.hr\/#website\",\"url\":\"https:\/\/juma.hr\/\",\"name\":\"Juma | Izgradnja i odr\u017eavanje bazena\",\"description\":\"\",\"potentialAction\":[{\"@type\":\"SearchAction\",\"target\":{\"@type\":\"EntryPoint\",\"urlTemplate\":\"https:\/\/juma.hr\/?s={search_term_string}\"},\"query-input\":\"required name=search_term_string\"}],\"inLanguage\":\"zh-Hans\"}]}<\/script>\n<!-- \/ Yoast SEO plugin. -->","yoast_head_json":{"title":"O nama - Juma | Izgradnja i odr\u017eavanje bazena","robots":{"index":"index","follow":"follow","max-snippet":"max-snippet:-1","max-image-preview":"max-image-preview:large","max-video-preview":"max-video-preview:-1"},"canonical":"https:\/\/juma.hr\/zh\/\u5173\u4e8e\u6211\u4eec\/","og_locale":"zh_CN","og_type":"article","og_title":"O nama - Juma | Izgradnja i odr\u017eavanje bazena","og_description":"Tra\u017eite savr\u0161en bazen? Obratite se stru\u010dnjacima! J.U.M.A. specijalizirana firma za izgradnju i odr\u017eavanje bazena Dobrodo\u0161li u J.U.M.A., va\u0161eg vrhunskog stru\u010dnjaka za izgradnju i odr\u017eavanje bazena. S bogatstvom iskustva koje prema\u0161uje desetlje\u0107e i impresivnim portfeljem od preko stotinu uspje\u0161no realiziranih projekata, posve\u0107eni smo pretvaranju va\u0161ih snova o savr\u0161enom bazenu u stvarnost.: Besplatna stru\u010dna savjetovanja Brza procjena [&hellip;]","og_url":"https:\/\/juma.hr\/zh\/\u5173\u4e8e\u6211\u4eec\/","og_site_name":"Juma | Izgradnja i odr\u017eavanje bazena","article_modified_time":"2024-02-25T16:51:49+00:00","og_image":[{"width":1760,"height":292,"url":"https:\/\/juma.hr\/wp-content\/uploads\/2021\/09\/pagetitle_bg01.jpg","type":"image\/jpeg"}],"twitter_card":"summary_large_image","twitter_misc":{"\u9884\u8ba1\u9605\u8bfb\u65f6\u95f4":"6 \u5206"},"schema":{"@context":"https:\/\/schema.org","@graph":[{"@type":"WebPage","@id":"https:\/\/juma.hr\/o-nama\/","url":"https:\/\/juma.hr\/o-nama\/","name":"O nama - Juma | Izgradnja i odr\u017eavanje bazena","isPartOf":{"@id":"https:\/\/juma.hr\/#website"},"datePublished":"2021-08-09T06:02:23+00:00","dateModified":"2024-02-25T16:51:49+00:00","breadcrumb":{"@id":"https:\/\/juma.hr\/o-nama\/#breadcrumb"},"inLanguage":"zh-Hans","potentialAction":[{"@type":"ReadAction","target":["https:\/\/juma.hr\/o-nama\/"]}]},{"@type":"BreadcrumbList","@id":"https:\/\/juma.hr\/o-nama\/#breadcrumb","itemListElement":[{"@type":"ListItem","position":1,"name":"Home","item":"https:\/\/juma.hr\/"},{"@type":"ListItem","position":2,"name":"O nama"}]},{"@type":"WebSite","@id":"https:\/\/juma.hr\/#website","url":"https:\/\/juma.hr\/","name":"Juma | Izgradnja i odr\u017eavanje bazena","description":"","potentialAction":[{"@type":"SearchAction","target":{"@type":"EntryPoint","urlTemplate":"https:\/\/juma.hr\/?s={search_term_string}"},"query-input":"required name=search_term_string"}],"inLanguage":"zh-Hans"}]}},"_links":{"self":[{"href":"https:\/\/juma.hr\/zh\/wp-json\/wp\/v2\/pages\/444","targetHints":{"allow":["GET"]}}],"collection":[{"href":"https:\/\/juma.hr\/zh\/wp-json\/wp\/v2\/pages"}],"about":[{"href":"https:\/\/juma.hr\/zh\/wp-json\/wp\/v2\/types\/page"}],"author":[{"embeddable":true,"href":"https:\/\/juma.hr\/zh\/wp-json\/wp\/v2\/users\/1"}],"replies":[{"embeddable":true,"href":"https:\/\/juma.hr\/zh\/wp-json\/wp\/v2\/comments?post=444"}],"version-history":[{"count":40,"href":"https:\/\/juma.hr\/zh\/wp-json\/wp\/v2\/pages\/444\/revisions"}],"predecessor-version":[{"id":4570,"href":"https:\/\/juma.hr\/zh\/wp-json\/wp\/v2\/pages\/444\/revisions\/4570"}],"wp:featuredmedia":[{"embeddable":true,"href":"https:\/\/juma.hr\/zh\/wp-json\/wp\/v2\/media\/1534"}],"wp:attachment":[{"href":"https:\/\/juma.hr\/zh\/wp-json\/wp\/v2\/media?parent=444"}],"curies":[{"name":"wp","href":"https:\/\/api.w.org\/{rel}","templated":true}]}}