{"id":3740,"date":"2024-01-25T22:11:37","date_gmt":"2024-01-25T22:11:37","guid":{"rendered":"https:\/\/juma.hr\/?page_id=3740"},"modified":"2024-03-16T18:18:34","modified_gmt":"2024-03-16T18:18:34","slug":"odrzavanje-bazena","status":"publish","type":"page","link":"https:\/\/juma.hr\/zh\/\u6cf3\u6c60\u7ef4\u62a4\/","title":{"rendered":"\u6cf3\u6c60\u7ef4\u62a4"},"content":{"rendered":"<div data-elementor-type=\"wp-page\" data-elementor-id=\"3740\" class=\"elementor elementor-3740\" data-elementor-post-type=\"page\">\n\t\t\t\t\t\t\t<div class=\"elementor-element elementor-element-0e883f5 e-con-full e-flex e-con e-parent\" data-id=\"0e883f5\" data-element_type=\"container\" data-settings=\"{&quot;content_width&quot;:&quot;full&quot;}\" data-core-v316-plus=\"true\">\n\t\t\t\t<div class=\"elementor-element elementor-element-c8c7332 elementor-widget elementor-widget-heading\" data-id=\"c8c7332\" data-element_type=\"widget\" data-widget_type=\"heading.default\">\n\t\t\t\t<div class=\"elementor-widget-container\">\n\t\t\t<style>\/*! elementor - v3.18.0 - 20-12-2023 *\/\n.elementor-heading-title{padding:0;margin:0;line-height:1}.elementor-widget-heading .elementor-heading-title[class*=elementor-size-]>a{color:inherit;font-size:inherit;line-height:inherit}.elementor-widget-heading .elementor-heading-title.elementor-size-small{font-size:15px}.elementor-widget-heading .elementor-heading-title.elementor-size-medium{font-size:19px}.elementor-widget-heading .elementor-heading-title.elementor-size-large{font-size:29px}.elementor-widget-heading .elementor-heading-title.elementor-size-xl{font-size:39px}.elementor-widget-heading .elementor-heading-title.elementor-size-xxl{font-size:59px}<\/style><h1 class=\"elementor-heading-title elementor-size-xxl\">\u6cf3\u6c60\u7ef4\u62a4<\/h1>\t\t<\/div>\n\t\t\t\t<\/div>\n\t\t\t\t<\/div>\n\t\t\t\t<section class=\"elementor-section elementor-top-section elementor-element elementor-element-57223bb elementor-section-full_width elementor-section-height-default elementor-section-height-default\" data-id=\"57223bb\" data-element_type=\"section\">\n\t\t\t\t\t\t<div class=\"elementor-container elementor-column-gap-no\">\n\t\t\t\t\t<div class=\"elementor-column elementor-col-100 elementor-top-column elementor-element elementor-element-041d56f\" data-id=\"041d56f\" data-element_type=\"column\">\n\t\t\t<div class=\"elementor-widget-wrap elementor-element-populated\">\n\t\t\t\t\t\t\t\t<div class=\"elementor-element elementor-element-9239e98 elementor-widget elementor-widget-text-editor\" data-id=\"9239e98\" data-element_type=\"widget\" data-widget_type=\"text-editor.default\">\n\t\t\t\t<div class=\"elementor-widget-container\">\n\t\t\t<style>\/*! elementor - v3.18.0 - 20-12-2023 *\/\n.elementor-widget-text-editor.elementor-drop-cap-view-stacked .elementor-drop-cap{background-color:#69727d;color:#fff}.elementor-widget-text-editor.elementor-drop-cap-view-framed .elementor-drop-cap{color:#69727d;border:3px solid;background-color:transparent}.elementor-widget-text-editor:not(.elementor-drop-cap-view-default) .elementor-drop-cap{margin-top:8px}.elementor-widget-text-editor:not(.elementor-drop-cap-view-default) .elementor-drop-cap-letter{width:1em;height:1em}.elementor-widget-text-editor .elementor-drop-cap{float:left;text-align:center;line-height:1;font-size:50px}.elementor-widget-text-editor .elementor-drop-cap-letter{display:inline-block}<\/style>\t\t\t\t<p>\u4f5c\u4e3a\u4e00\u5bb6\u4e13\u4e1a\u4ece\u4e8b\u6df7\u51dd\u571f\u6c34\u6c60\u5efa\u8bbe\u548c\u7ef4\u62a4\u7684\u516c\u53f8\uff0c\u6211\u4eec\u63d0\u4f9b\u5168\u9762\u7684\u670d\u52a1\uff0c\u6ee1\u8db3\u60a8\u7684\u6240\u6709\u613f\u671b\u3002 <br \/><br \/><b>\u5b89\u6392\u5b9a\u671f\u548c\u5b63\u8282\u6027\u7ef4\u62a4\u6216\u4ec5\u5b89\u6392\u5bf9\u673a\u8231\u8fdb\u884c\u6280\u672f\u68c0\u67e5\u3002<\/b><\/p>\t\t\t\t\t\t<\/div>\n\t\t\t\t<\/div>\n\t\t\t\t<div class=\"elementor-element elementor-element-8a74fe3 non-clickable elementor-widget elementor-widget-pool_our_service\" data-id=\"8a74fe3\" data-element_type=\"widget\" data-widget_type=\"pool_our_service.default\">\n\t\t\t\t<div class=\"elementor-widget-container\">\n\t\t\t\t\t\t<div class=\"section-indent\">\n\t\t\t\t<div class=\"container\">\n\t\t\t\t\t<div class=\"blocktitle blocktitle__center blocktitle__maxwidth-03\">\n\t\t\t\t\t\t<div class=\"blocktitle__subtitle\"><\/div>\n\t\t\t\t\t\t<div class=\"blocktitle__title\"><\/div>\n\t\t\t\t\t<\/div>\n\t\t\t\t\t<div class=\"tt-services__wrapper\">\n\t\t\t\t\t\t<div class=\"swiper-container\" data-carousel=\"swiper\" data-space-between=\"0\" data-auto-height=\"false\" data-slides-xl=\"3\" data-slides-lg=\"3\" data-slides-md=\"2\" data-slides-sm=\"1\">\n\t\t\t\t\t\t\t<div class=\"swiper-wrapper\">\n\t\t\t\t\t\t\t\t\t\t\t\t\t\t\t\t\t<div class=\"swiper-slide\">\n\t\t\t\t\t\t\t\t\t\t<a href=\"\"   class=\"tt-services\">\n\t\t\t\t\t\t\t\t\t\t\t<div class=\"tt-services__icon\">\n\t\t\t\t\t\t\t\t\t\t\t\t<i aria-hidden=\"true\" class=\"icon-780833\"><\/i>\t\t\t\t\t\t\t\t\t\t\t<\/div>\n\t\t\t\t\t\t\t\t\t\t\t<div class=\"tt-services__title\">\u5e73\u8861\u5316\u5b66\u54c1<\/div>\n\t\t\t\t\t\t\t\t\t\t\t<p>\u901a\u8fc7\u6211\u4eec\u7cbe\u786e\u7684\u6c34\u8d28\u7ba1\u7406\u786e\u4fdd\u6cf3\u6c60\u7684\u6e05\u6d01\uff1a\u7406\u60f3\u7684 pH \u503c\u3001\u5e72\u51c0\u7684\u6c34\u3001\u65e0\u85fb\u7c7b\u3002\u6e05\u6d01\u548c\u5b89\u5168\uff0c\u6beb\u4e0d\u59a5\u534f\u3002<\/p>\n\t\t\t\t\t\t\t\t\t\t<\/a>\n\t\t\t\t\t\t\t\t\t<\/div>\n\t\t\t\t\t\t\t\t\t\t\t\t\t\t\t\t\t\t<div class=\"swiper-slide\">\n\t\t\t\t\t\t\t\t\t\t<a href=\"\"   class=\"tt-services tt-services__color02\">\n\t\t\t\t\t\t\t\t\t\t\t<div class=\"tt-services__icon\">\n\t\t\t\t\t\t\t\t\t\t\t\t<i aria-hidden=\"true\" class=\"icon-wrench-and-screwdriver-crossed\"><\/i>\t\t\t\t\t\t\t\t\t\t\t<\/div>\n\t\t\t\t\t\t\t\t\t\t\t<div class=\"tt-services__title\">\u6280\u672f\u6c60\u7ef4\u62a4<\/div>\n\t\t\t\t\t\t\t\t\t\t\t<p>\u4fdd\u6301\u6cf3\u6c60\u6b63\u5e38\u8fd0\u8f6c\uff1a\u4ece\u6cf5\u3001\u6487\u6e23\u5668\u3001\u52a0\u70ed\u5668\u5230\u706f\u5149\u8fdb\u884c\u7cbe\u786e\u7ef4\u62a4\u3002\u5b8c\u7f8e\u8fd0\u884c\uff0c\u5b89\u5168\u6709\u4fdd\u969c\u3002\n<\/p>\n\t\t\t\t\t\t\t\t\t\t<\/a>\n\t\t\t\t\t\t\t\t\t<\/div>\n\t\t\t\t\t\t\t\t\t\t\t\t\t\t\t\t\t\t<div class=\"swiper-slide\">\n\t\t\t\t\t\t\t\t\t\t<a href=\"\"   class=\"tt-services\">\n\t\t\t\t\t\t\t\t\t\t\t<div class=\"tt-services__icon\">\n\t\t\t\t\t\t\t\t\t\t\t\t<i aria-hidden=\"true\" class=\"icon-787888\"><\/i>\t\t\t\t\t\t\t\t\t\t\t<\/div>\n\t\t\t\t\t\t\t\t\t\t\t<div class=\"tt-services__title\">\u5b63\u8282\u6027\u6cf3\u6c60\u7ef4\u62a4<\/div>\n\t\t\t\t\t\t\t\t\t\t\t<p>\u4ece\u51ac\u5b63\u6e05\u6d01\u5230\u590f\u5b63\u6e05\u6d01\uff0c\u6211\u4eec\u786e\u4fdd\u60a8\u7684\u6cf3\u6c60\u59cb\u7ec8\u51c6\u5907\u5c31\u7eea\u3001\u6e05\u6d01\u4e14\u5b89\u5168\u3002\u65e0\u8bba\u5929\u6c14\u6761\u4ef6\u5982\u4f55\uff0c\u6211\u4eec\u7684\u670d\u52a1\u90fd\u80fd\u4fdd\u8bc1\u5b89\u5168\u548c\u529f\u80fd\u3002<\/p>\n\t\t\t\t\t\t\t\t\t\t<\/a>\n\t\t\t\t\t\t\t\t\t<\/div>\n\t\t\t\t\t\t\t\t\t\t\t\t\t\t\t\t<\/div>\n\t\t\t\t\t\t\t<div class=\"swiper-pagination  swiper-pagination__center\"><\/div>\n\t\t\t\t\t\t<\/div>\n\t\t\t\t\t<\/div>\n\t\t\t\t<\/div>\n\t\t\t<\/div>\n\t\t\t\t\t<\/div>\n\t\t\t\t<\/div>\n\t\t\t\t\t<\/div>\n\t\t<\/div>\n\t\t\t\t\t\t\t<\/div>\n\t\t<\/section>\n\t\t<div class=\"elementor-element elementor-element-360a41a e-con-full e-flex e-con e-parent\" data-id=\"360a41a\" data-element_type=\"container\" data-settings=\"{&quot;content_width&quot;:&quot;full&quot;}\" data-core-v316-plus=\"true\">\n\t\t\t\t<div class=\"elementor-element elementor-element-f111523 elementor-widget elementor-widget-heading\" data-id=\"f111523\" data-element_type=\"widget\" data-widget_type=\"heading.default\">\n\t\t\t\t<div class=\"elementor-widget-container\">\n\t\t\t<h2 class=\"elementor-heading-title elementor-size-xl\">\u4f60\u53ea\u662f\u60f3\u4eab\u53d7\u81ea\u5df1\u5417\uff1f\u65e0\u9700\u5de5\u4f5c\u7684\u6cf3\u6c60\u7ef4\u62a4\uff1a<\/h2>\t\t<\/div>\n\t\t\t\t<\/div>\n\t\t\t\t<div class=\"elementor-element elementor-element-2c3687d elementor-widget elementor-widget-text-editor\" data-id=\"2c3687d\" data-element_type=\"widget\" data-widget_type=\"text-editor.default\">\n\t\t\t\t<div class=\"elementor-widget-container\">\n\t\t\t\t\t\t\t<p>\u6211\u4eec\u7684\u4f7f\u547d\u662f\u786e\u4fdd\u60a8\u7684\u6cf3\u6c60\u4fdd\u6301\u5b8c\u5168\u6e05\u6d01\u3001\u5b89\u5168\u5e76\u968f\u65f6\u53ef\u4f9b\u4eab\u53d7\u3002\u6709\u4e86\u6211\u4eec\u4e13\u4e1a\u7684\u7ef4\u62a4\u670d\u52a1\uff0c\u6e38\u6cf3\u6c60\u4e0d\u518d\u53ea\u662f\u4e00\u4e2a\u6e38\u6cf3\u7684\u5730\u65b9\uff0c\u800c\u662f\u60a8\u9662\u5b50\u91cc\u5b81\u9759\u548c\u653e\u677e\u7684\u7eff\u6d32\u3002<\/p><h3>\u4e13\u4e1a\u6e05\u6d01\u548c\u7ef4\u62a4<\/h3><h4>\u7eaf\u7cb9\u800c\u4e0d\u59a5\u534f<\/h4><p>\u6211\u4eec\u7684\u670d\u52a1\u5305\u62ec\u5f7b\u5e95\u5438\u5c18\u6c60\u5e95\u3001\u6e05\u6d01\u6c60\u58c1\u4ee5\u53ca\u6e05\u9664\u6240\u6709\u6f02\u6d6e\u788e\u7247\u3002\u901a\u8fc7\u6211\u4eec\u7684\u5b9a\u671f\u7ef4\u62a4\uff0c\u60a8\u7684\u6cf3\u6c60\u4e0d\u4ec5\u770b\u8d77\u6765\u5b8c\u7f8e\u65e0\u7455\uff0c\u800c\u4e14\u8fd8\u6210\u4e3a\u60a8\u4eab\u53d7\u5065\u5eb7\u7684\u573a\u6240\u3002<\/p><h4>\u8fc7\u6ee4\u7cfb\u7edf\u653e\u5728\u9996\u4f4d<\/h4><p>\u6211\u4eec\u77e5\u9053\u8fc7\u6ee4\u7cfb\u7edf\u7684\u6b63\u786e\u64cd\u4f5c\u5bf9\u4e8e\u4fdd\u6301\u6c34\u7684\u7eaf\u5ea6\u6709\u591a\u4e48\u91cd\u8981\u3002\u6211\u4eec\u7684\u4e13\u5bb6\u5b9a\u671f\u68c0\u67e5\u548c\u6e05\u6d01\u8fc7\u6ee4\u5668\u3001\u6487\u6e23\u5668\u548c\u55b7\u5634\uff0c\u786e\u4fdd\u60a8\u7684\u6cf3\u6c60\u59cb\u7ec8\u5b8c\u7f8e\u8fd0\u884c\u3002<\/p><h3>\u5316\u5b66\u5e73\u8861\u65b9\u9762\u7684\u4e13\u4e1a\u77e5\u8bc6<\/h3><h4>\u5b8c\u7f8e\u7684\u5316\u5b66\u5e73\u8861<\/h4><p>\u4f17\u6240\u5468\u77e5\uff0c\u9002\u5f53\u7684\u5316\u5b66\u5e73\u8861\u662f\u5065\u5eb7\u6cf3\u6c60\u6c34\u7684\u5173\u952e\u3002\u6211\u4eec\u7684\u56e2\u961f\u4f7f\u7528\u5148\u8fdb\u7684\u6280\u672f\u6765\u6d4b\u91cf\u548c\u8c03\u6574 pH \u503c <br \/>\u6c34\u7684\u503c\u3001\u78b1\u5ea6\u548c\u786c\u5ea6\uff0c\u786e\u4fdd\u6761\u4ef6\u59cb\u7ec8\u7406\u60f3\u3002<\/p><p>\u00a0<\/p><h3>\u5353\u8d8a\u6280\u672f<\/h3><h4>\u65e0\u8bbe\u5907\u62c5\u5fe7<\/h4><p>\u4ece\u6cf5\u5230\u7167\u660e\u706f\u5177\uff0c\u6211\u4eec\u7684\u6280\u672f\u670d\u52a1\u6db5\u76d6\u4e00\u5207\u3002\u5b9a\u671f\u68c0\u67e5\u548c\u7ef4\u62a4\u53ef\u786e\u4fdd\u6cf3\u6c60\u7684\u6bcf\u4e2a\u90e8\u5206\u90fd\u80fd\u9ad8\u6548\u5de5\u4f5c\uff0c\u4ece\u957f\u8fdc\u6765\u770b\u53ef\u4ee5\u8282\u7701\u60a8\u7684\u65f6\u95f4\u548c\u91d1\u94b1\u3002<\/p><p>\u00a0<\/p><h3>\u8282\u7701\u6210\u672c\u7684\u521b\u65b0<\/h3><h4>\u964d\u4f4e\u6210\u672c\uff0c\u800c\u4e0d\u662f\u8d28\u91cf<\/h4><p>\u901a\u8fc7\u6211\u4eec\u7684\u8282\u7701\u63d0\u793a\u548c\u6280\u5de7\uff0c\u4f8b\u5982\u4f18\u5316\u6cf5\u7684\u8fd0\u884c\u548c\u9ad8\u6548\u4f7f\u7528\u52a0\u70ed\u5668\uff0c\u60a8\u7684\u6cf3\u6c60\u4e0d\u4ec5\u4f1a\u6e05\u6d01\u3001\u5b89\u5168\uff0c\u800c\u4e14\u4f1a\u66f4\u52a0\u7ecf\u6d4e\u3002\u6211\u4eec\u7684\u65b9\u6cd5\u610f\u5473\u7740\u66f4\u5c11\u7684\u80fd\u6e90\u548c\u5316\u5b66\u54c1\u6210\u672c\uff0c\u800c\u4e0d\u5f71\u54cd\u8d28\u91cf\u3002<\/p><p>\u00a0<\/p><h3>\u6cf3\u6c60\u7ef4\u62a4\u7684\u672a\u6765<\/h3><h4>\u6280\u672f\u5728\u60a8\u8eab\u8fb9<\/h4><p>\u6211\u4eec\u5c55\u793a\u6cf3\u6c60\u7ef4\u62a4\u7684\u6700\u65b0\u6280\u672f\uff0c\u4ece\u6c34\u7535\u89e3\u5230\u81ea\u52a8\u6e05\u6d01\u5668\u3002\u6211\u4eec\u7684\u89e3\u51b3\u65b9\u6848\u6811\u7acb\u4e86\u884c\u4e1a\u65b0\u6807\u51c6\uff0c\u4f7f\u7ef4\u62a4\u66f4\u7b80\u5355\u3001\u66f4\u9ad8\u6548\u3002<\/p><p>\u00a0<\/p><h3>\u6211\u4eec\u5bf9\u60a8\u7684\u627f\u8bfa<\/h3><p>\u6211\u4eec\u7684\u6cf3\u6c60\u7ef4\u62a4\u4e13\u5bb6\u56e2\u961f\u81f4\u529b\u4e8e\u786e\u4fdd\u60a8\u7684\u6cf3\u6c60\u59cb\u7ec8\u7115\u7136\u4e00\u65b0\u3002\u4ece\u5b9a\u671f\u6e05\u6d01\u5230\u5148\u8fdb\u7684\u6280\u672f\u89e3\u51b3\u65b9\u6848\uff0c\u6211\u4eec\u7684\u670d\u52a1\u5168\u9762\u3001\u4e13\u4e1a\uff0c\u5e76\u6839\u636e\u60a8\u7684\u9700\u6c42\u91cf\u8eab\u5b9a\u5236\u3002\u8ba9\u6211\u4eec\u8d1f\u8d23\u60a8\u7684\u6cf3\u6c60\u7ef4\u62a4\uff0c\u8ba9\u60a8\u65e0\u5fe7\u65e0\u8651\u5730\u4eab\u53d7\u5b83\u3002<\/p><p>\u7acb\u5373\u8054\u7cfb\u6211\u4eec\uff0c\u4e86\u89e3\u6211\u4eec\u7684\u670d\u52a1\u5982\u4f55\u6539\u53d8\u60a8\u7684\u6cf3\u6c60\u4f53\u9a8c\uff0c\u4f7f\u5176\u6bd4\u4ee5\u5f80\u66f4\u7f8e\u4e3d\u3001\u66f4\u5b89\u5168\u3001\u66f4\u6109\u5feb\u3002<\/p><p>\u4e86\u89e3\u66f4\u591a <a href=\"https:\/\/juma.hr\/zh\/\u6cf3\u6c60\u7ef4\u62a4-\u60a8\u9700\u8981\u77e5\u9053\u7684\u4e00\u5207\/\" data-wplink-edit=\"true\"><span style=\"text-decoration: underline;\"><em><strong>\u6709\u5173\u6cf3\u6c60\u7ef4\u62a4\u7684\u8be6\u7ec6\u4fe1\u606f\u3002<\/strong><\/em><\/span><\/a><\/p>\t\t\t\t\t\t<\/div>\n\t\t\t\t<\/div>\n\t\t\t\t<\/div>\n\t\t\t\t<section class=\"elementor-section elementor-top-section elementor-element elementor-element-7f4ed76 elementor-section-full_width elementor-section-height-default elementor-section-height-default\" data-id=\"7f4ed76\" data-element_type=\"section\">\n\t\t\t\t\t\t<div class=\"elementor-container elementor-column-gap-no\">\n\t\t\t\t\t<div class=\"elementor-column elementor-col-100 elementor-top-column elementor-element elementor-element-1f7c9b0\" data-id=\"1f7c9b0\" data-element_type=\"column\">\n\t\t\t<div class=\"elementor-widget-wrap elementor-element-populated\">\n\t\t\t\t\t\t\t\t<div class=\"elementor-element elementor-element-35c244a elementor-widget elementor-widget-pool_services_home_contact\" data-id=\"35c244a\" data-element_type=\"widget\" data-widget_type=\"pool_services_home_contact.default\">\n\t\t\t\t<div class=\"elementor-widget-container\">\n\t\t\t\t\t<div class=\"section-indent\">\n\t\t\t<div class=\"tt-bg bg-index-03 lazyload\" data-bg=\"https:\/\/juma.hr\/wp-content\/uploads\/2021\/08\/bg-index-03.png\"><\/div>\n\t\t\t<div class=\"container tt-position__relative\">\n\t\t\t\t<div class=\"row align-items-center\">\n\t\t\t\t\t<div class=\"col-md-6\">\n\t\t\t\t\t\t<div class=\"box-info03__wrapper\">\n\t\t\t\t\t\t\t<div class=\"row\">\n\t\t\t\t\t\t\t\t<div class=\"col-sm-6\">\n\t\t\t\t\t\t\t\t\t\t\t\t\t\t\t\t\t\t\t<div class=\"box-info03\">\n\t\t\t\t\t\t\t\t\t\t\t<div class=\"box-info03__icon\"><span>100+<\/span><\/div>\n\t\t\t\t\t\t\t\t\t\t\t<div class=\"box-info03__title\">\u5efa\u6709\u6e38\u6cf3\u6c60<\/div>\n\t\t\t\t\t\t\t\t\t\t\t\t\t\t\t\t\t\t\t\t\t<\/div>\n\t\t\t\t\t\t\t\t\t\t\t\t\t\t\t\t\t\t\t\t<div class=\"box-info03\">\n\t\t\t\t\t\t\t\t\t\t\t<div class=\"box-info03__icon\"><span>40+<\/span><\/div>\n\t\t\t\t\t\t\t\t\t\t\t<div class=\"box-info03__title\">\u5408\u540c\u7ef4\u62a4<\/div>\n\t\t\t\t\t\t\t\t\t\t\t\t\t\t\t\t\t\t\t\t\t<\/div>\n\t\t\t\t\t\t\t\t\t\t\t\t\t\t\t\t\t\t<\/div>\n\t\t\t\t\t\t\t\t<div class=\"col-sm-6\">\n\t\t\t\t\t\t\t\t\t\t\t\t\t\t\t\t\t\t\t\t<div class=\"box-info03\">\n\t\t\t\t\t\t\t\t\t\t\t\t<div class=\"box-info03__icon\"><span>10+<\/span><\/div>\n\t\t\t\t\t\t\t\t\t\t\t\t<div class=\"box-info03__title\">\u96c7\u5458<\/div>\n\t\t\t\t\t\t\t\t\t\t\t\t\t\t\t\t\t\t\t\t\t\t\t<\/div>\n\t\t\t\t\t\t\t\t\t\t\t\t\t\t\t\t\t\t\t\t\t\t<div class=\"box-info03\">\n\t\t\t\t\t\t\t\t\t\t\t\t<div class=\"box-info03__icon\"><span>20+<\/span><\/div>\n\t\t\t\t\t\t\t\t\t\t\t\t<div class=\"box-info03__title\">\u6ee1\u610f\u7684\u5408\u4f5c\u4f19\u4f34<\/div>\n\t\t\t\t\t\t\t\t\t\t\t\t\t\t\t\t\t\t\t\t\t\t\t<\/div>\n\t\t\t\t\t\t\t\t\t\t\t\t\t\t\t\t\t\t\t<\/div>\n\t\t\t\t\t\t\t<\/div>\n\t\t\t\t\t\t<\/div>\n\t\t\t\t\t<\/div>\n\t\t\t\t\t<div class=\"divider-size-md tt-visible__mobile\"><\/div>\n\t\t\t\t\t<div class=\"col-md-6\">\n\t\t\t\t\t\t<div class=\"tt-box-wrapper01\">\n\t\t\t\t\t\t\t<div class=\"blocktitle\">\n\t\t\t\t\t\t\t\t<div class=\"blocktitle__title\">\u8054\u7cfb\u6211\u4eec<\/div>\n\t\t\t\t\t\t\t<\/div>\n\t\t\t\t\t\t\t\n<div class=\"wpcf7 no-js\" id=\"wpcf7-f3692-o1\" lang=\"en-US\" dir=\"ltr\">\n<div class=\"screen-reader-response\"><p role=\"status\" aria-live=\"polite\" aria-atomic=\"true\"><\/p> <ul><\/ul><\/div>\n<form action=\"\/zh\/wp-json\/wp\/v2\/pages\/3740#wpcf7-f3692-o1\" method=\"post\" class=\"wpcf7-form init\" aria-label=\"\u8054\u7cfb\u8868\" novalidate=\"novalidate\" data-status=\"init\" data-trp-original-action=\"\/zh\/wp-json\/wp\/v2\/pages\/3740#wpcf7-f3692-o1\">\n<div style=\"display: none;\">\n<input type=\"hidden\" name=\"_wpcf7\" value=\"3692\" \/>\n<input type=\"hidden\" name=\"_wpcf7_version\" value=\"5.8.6\" \/>\n<input type=\"hidden\" name=\"_wpcf7_locale\" value=\"en_US\" \/>\n<input type=\"hidden\" name=\"_wpcf7_unit_tag\" value=\"wpcf7-f3692-o1\" \/>\n<input type=\"hidden\" name=\"_wpcf7_container_post\" value=\"0\" \/>\n<input type=\"hidden\" name=\"_wpcf7_posted_data_hash\" value=\"\" \/>\n<\/div>\n<div class=\"tt-form\">\n\t<div class=\"tt-form__group\">\n\t\t<p><span class=\"wpcf7-form-control-wrap\" data-name=\"your-name\"><input size=\"40\" class=\"wpcf7-form-control wpcf7-text tt-form__control\" aria-invalid=\"false\" value=\"Va\u0161e puno ime\" type=\"text\" name=\"your-name\" \/><\/span>\n\t\t<\/p>\n\t<\/div>\n\t<div class=\"row\">\n\t\t<div class=\"col-lg-6\">\n\t\t\t<div class=\"tt-form__group\">\n\t\t\t\t<p><span class=\"wpcf7-form-control-wrap\" data-name=\"your-email\"><input size=\"40\" class=\"wpcf7-form-control wpcf7-email wpcf7-text wpcf7-validates-as-email tt-form__control\" aria-invalid=\"false\" placeholder=\"\u7535\u5b50\u90ae\u4ef6\" value=\"\" type=\"email\" name=\"your-email\" \/><\/span>\n\t\t\t\t<\/p>\n\t\t\t<\/div>\n\t\t<\/div>\n\t\t<div class=\"col-lg-6\">\n\t\t\t<div class=\"tt-form__group\">\n\t\t\t\t<p><span class=\"wpcf7-form-control-wrap\" data-name=\"phonenumber\"><input size=\"40\" class=\"wpcf7-form-control wpcf7-text tt-form__control\" aria-invalid=\"false\" placeholder=\"\u7535\u8bdd\" value=\"\" type=\"text\" name=\"phonenumber\" \/><\/span>\n\t\t\t\t<\/p>\n\t\t\t<\/div>\n\t\t<\/div>\n\t\t<div class=\"tt-form__group\">\n\t\t\t<div class=\"custom-select\">\n\t\t\t\t<p><span class=\"wpcf7-form-control-wrap\" data-name=\"services\"><select class=\"wpcf7-form-control wpcf7-select\" aria-invalid=\"false\" name=\"services\"><option value=\"Projektiranje i izgradnja bazena\">\u6e38\u6cf3\u6c60\u7684\u8bbe\u8ba1\u548c\u65bd\u5de5<\/option><option value=\"Odr\u017eavanje bazena\">\u6cf3\u6c60\u7ef4\u62a4<\/option><option value=\"Konzultacije\">\u54a8\u8be2<\/option><option value=\"Partnerstvo\">\u5408\u4f19<\/option><\/select><\/span>\n\t\t\t\t<\/p>\n\t\t\t<\/div>\n\t\t<\/div>\n\t\t<div class=\"tt-form__group\">\n\t\t\t<p><span class=\"wpcf7-form-control-wrap\" data-name=\"your-message\"><textarea cols=\"40\" rows=\"10\" class=\"wpcf7-form-control wpcf7-textarea tt-form__control\" aria-invalid=\"false\" placeholder=\"\u9644\u52a0\u4fe1\u606f...\" name=\"your-message\"><\/textarea><\/span>\n\t\t\t<\/p>\n\t\t<\/div>\n\t\t<div class=\"tt-form__btn\">\n\t\t\t<p><button type=\"submit\" class=\"tt-btn tt-btn02 wpcf7-form-control wpcf7-submit\"><span class=\"tt-btn__text\" data-effect=\"Po\u0161alji upit\">\u63d0\u4ea4\u8bf7\u6c42<\/span><span class=\"tt-btn__icon icon-142042\"><\/span><\/button>\n\t\t\t<\/p>\n\t\t<\/div>\n\t<\/div>\n<\/div><div class=\"wpcf7-response-output\" aria-hidden=\"true\"><\/div>\n<input type=\"hidden\" name=\"trp-form-language\" value=\"zh\"\/><\/form>\n<\/div>\n\t\t\t\t\t\t<\/div>\n\t\t\t\t\t<\/div>\n\t\t\t\t<\/div>\n\t\t\t<\/div>\n\t\t<\/div>\n\t\t\t\t<\/div>\n\t\t\t\t<\/div>\n\t\t\t\t\t<\/div>\n\t\t<\/div>\n\t\t\t\t\t\t\t<\/div>\n\t\t<\/section>\n\t\t\t\t\t\t\t<\/div>","protected":false},"excerpt":{"rendered":"<p>\u6c34\u6c60\u7ef4\u62a4 \u4f5c\u4e3a\u4e00\u5bb6\u4e13\u95e8\u4ece\u4e8b\u6df7\u51dd\u571f\u6c34\u6c60\u5efa\u8bbe\u548c\u7ef4\u62a4\u7684\u516c\u53f8\uff0c\u6211\u4eec\u63d0\u4f9b\u5168\u9762\u7684\u670d\u52a1\uff0c\u6ee1\u8db3\u60a8\u7684\u6240\u6709\u613f\u671b\u3002\u5b89\u6392\u5b9a\u671f\u548c\u5b63\u8282\u6027\u7ef4\u62a4\u6216\u4ec5\u5b89\u6392\u5bf9\u673a\u8231\u8fdb\u884c\u6280\u672f\u68c0\u67e5\u3002\u5e73\u8861\u5316\u5b66\u54c1 \u901a\u8fc7\u6211\u4eec\u7cbe\u786e\u7684\u6c34\u8d28\u7ba1\u7406\u786e\u4fdd\u6cf3\u6c60\u6e05\u6d01\uff1a\u7406\u60f3\u7684 pH \u503c\u3001\u5e72\u51c0\u7684\u6c34\u3001\u65e0\u85fb\u7c7b\u3002\u6e05\u6d01\u548c\u5b89\u5168\uff0c\u6beb\u4e0d\u59a5\u534f\u3002\u6280\u672f\u6c60\u7ef4\u62a4 [...]<\/p>","protected":false},"author":1,"featured_media":0,"parent":0,"menu_order":0,"comment_status":"closed","ping_status":"closed","template":"","meta":{"footnotes":""},"class_list":["post-3740","page","type-page","status-publish","hentry"],"yoast_head":"<!-- This site is optimized with the Yoast SEO plugin v21.8 - https:\/\/yoast.com\/wordpress\/plugins\/seo\/ -->\n<title>Odr\u017eavanje bazena\u200b | Skimmerski i preljevni bazen<\/title>\n<meta name=\"description\" content=\"Juma d.o.o. je tvrtka specijalizirana za izgradnju i odr\u017eavanje betonskih bazena. U na\u0161oj ponudi nalaze se skimmerski bazeni, preljevni bazeni i masa\u017ene kade. Uspje\u0161no smo realizirali vi\u0161e od 100 projekata!\" \/>\n<meta name=\"robots\" content=\"index, follow, max-snippet:-1, max-image-preview:large, max-video-preview:-1\" \/>\n<link rel=\"canonical\" href=\"https:\/\/juma.hr\/zh\/\u6cf3\u6c60\u7ef4\u62a4\/\" \/>\n<meta property=\"og:locale\" content=\"zh_CN\" \/>\n<meta property=\"og:type\" content=\"article\" \/>\n<meta property=\"og:title\" content=\"Odr\u017eavanje bazena\u200b | Skimmerski i preljevni bazen\" \/>\n<meta property=\"og:description\" content=\"Juma d.o.o. je tvrtka specijalizirana za izgradnju i odr\u017eavanje betonskih bazena. U na\u0161oj ponudi nalaze se skimmerski bazeni, preljevni bazeni i masa\u017ene kade. Uspje\u0161no smo realizirali vi\u0161e od 100 projekata!\" \/>\n<meta property=\"og:url\" content=\"https:\/\/juma.hr\/zh\/\u6cf3\u6c60\u7ef4\u62a4\/\" \/>\n<meta property=\"og:site_name\" content=\"Juma | Izgradnja i odr\u017eavanje bazena\" \/>\n<meta property=\"article:modified_time\" content=\"2024-03-16T18:18:34+00:00\" \/>\n<meta name=\"twitter:card\" content=\"summary_large_image\" \/>\n<meta name=\"twitter:label1\" content=\"\u9884\u8ba1\u9605\u8bfb\u65f6\u95f4\" \/>\n\t<meta name=\"twitter:data1\" content=\"3 \u5206\" \/>\n<script type=\"application\/ld+json\" class=\"yoast-schema-graph\">{\"@context\":\"https:\/\/schema.org\",\"@graph\":[{\"@type\":\"WebPage\",\"@id\":\"https:\/\/juma.hr\/odrzavanje-bazena\/\",\"url\":\"https:\/\/juma.hr\/odrzavanje-bazena\/\",\"name\":\"Odr\u017eavanje bazena\u200b | Skimmerski i preljevni bazen\",\"isPartOf\":{\"@id\":\"https:\/\/juma.hr\/#website\"},\"datePublished\":\"2024-01-25T22:11:37+00:00\",\"dateModified\":\"2024-03-16T18:18:34+00:00\",\"description\":\"Juma d.o.o. je tvrtka specijalizirana za izgradnju i odr\u017eavanje betonskih bazena. U na\u0161oj ponudi nalaze se skimmerski bazeni, preljevni bazeni i masa\u017ene kade. Uspje\u0161no smo realizirali vi\u0161e od 100 projekata!\",\"breadcrumb\":{\"@id\":\"https:\/\/juma.hr\/odrzavanje-bazena\/#breadcrumb\"},\"inLanguage\":\"zh-Hans\",\"potentialAction\":[{\"@type\":\"ReadAction\",\"target\":[\"https:\/\/juma.hr\/odrzavanje-bazena\/\"]}]},{\"@type\":\"BreadcrumbList\",\"@id\":\"https:\/\/juma.hr\/odrzavanje-bazena\/#breadcrumb\",\"itemListElement\":[{\"@type\":\"ListItem\",\"position\":1,\"name\":\"Home\",\"item\":\"https:\/\/juma.hr\/\"},{\"@type\":\"ListItem\",\"position\":2,\"name\":\"Odr\u017eavanje bazena\"}]},{\"@type\":\"WebSite\",\"@id\":\"https:\/\/juma.hr\/#website\",\"url\":\"https:\/\/juma.hr\/\",\"name\":\"Juma | Izgradnja i odr\u017eavanje bazena\",\"description\":\"\",\"potentialAction\":[{\"@type\":\"SearchAction\",\"target\":{\"@type\":\"EntryPoint\",\"urlTemplate\":\"https:\/\/juma.hr\/?s={search_term_string}\"},\"query-input\":\"required name=search_term_string\"}],\"inLanguage\":\"zh-Hans\"}]}<\/script>\n<!-- \/ Yoast SEO plugin. -->","yoast_head_json":{"title":"Odr\u017eavanje bazena\u200b | Skimmerski i preljevni bazen","description":"Juma d.o.o. je tvrtka specijalizirana za izgradnju i odr\u017eavanje betonskih bazena. U na\u0161oj ponudi nalaze se skimmerski bazeni, preljevni bazeni i masa\u017ene kade. Uspje\u0161no smo realizirali vi\u0161e od 100 projekata!","robots":{"index":"index","follow":"follow","max-snippet":"max-snippet:-1","max-image-preview":"max-image-preview:large","max-video-preview":"max-video-preview:-1"},"canonical":"https:\/\/juma.hr\/zh\/\u6cf3\u6c60\u7ef4\u62a4\/","og_locale":"zh_CN","og_type":"article","og_title":"Odr\u017eavanje bazena\u200b | Skimmerski i preljevni bazen","og_description":"Juma d.o.o. je tvrtka specijalizirana za izgradnju i odr\u017eavanje betonskih bazena. U na\u0161oj ponudi nalaze se skimmerski bazeni, preljevni bazeni i masa\u017ene kade. Uspje\u0161no smo realizirali vi\u0161e od 100 projekata!","og_url":"https:\/\/juma.hr\/zh\/\u6cf3\u6c60\u7ef4\u62a4\/","og_site_name":"Juma | Izgradnja i odr\u017eavanje bazena","article_modified_time":"2024-03-16T18:18:34+00:00","twitter_card":"summary_large_image","twitter_misc":{"\u9884\u8ba1\u9605\u8bfb\u65f6\u95f4":"3 \u5206"},"schema":{"@context":"https:\/\/schema.org","@graph":[{"@type":"WebPage","@id":"https:\/\/juma.hr\/odrzavanje-bazena\/","url":"https:\/\/juma.hr\/odrzavanje-bazena\/","name":"Odr\u017eavanje bazena\u200b | Skimmerski i preljevni bazen","isPartOf":{"@id":"https:\/\/juma.hr\/#website"},"datePublished":"2024-01-25T22:11:37+00:00","dateModified":"2024-03-16T18:18:34+00:00","description":"Juma d.o.o. je tvrtka specijalizirana za izgradnju i odr\u017eavanje betonskih bazena. U na\u0161oj ponudi nalaze se skimmerski bazeni, preljevni bazeni i masa\u017ene kade. Uspje\u0161no smo realizirali vi\u0161e od 100 projekata!","breadcrumb":{"@id":"https:\/\/juma.hr\/odrzavanje-bazena\/#breadcrumb"},"inLanguage":"zh-Hans","potentialAction":[{"@type":"ReadAction","target":["https:\/\/juma.hr\/odrzavanje-bazena\/"]}]},{"@type":"BreadcrumbList","@id":"https:\/\/juma.hr\/odrzavanje-bazena\/#breadcrumb","itemListElement":[{"@type":"ListItem","position":1,"name":"Home","item":"https:\/\/juma.hr\/"},{"@type":"ListItem","position":2,"name":"Odr\u017eavanje bazena"}]},{"@type":"WebSite","@id":"https:\/\/juma.hr\/#website","url":"https:\/\/juma.hr\/","name":"Juma | Izgradnja i odr\u017eavanje bazena","description":"","potentialAction":[{"@type":"SearchAction","target":{"@type":"EntryPoint","urlTemplate":"https:\/\/juma.hr\/?s={search_term_string}"},"query-input":"required name=search_term_string"}],"inLanguage":"zh-Hans"}]}},"_links":{"self":[{"href":"https:\/\/juma.hr\/zh\/wp-json\/wp\/v2\/pages\/3740","targetHints":{"allow":["GET"]}}],"collection":[{"href":"https:\/\/juma.hr\/zh\/wp-json\/wp\/v2\/pages"}],"about":[{"href":"https:\/\/juma.hr\/zh\/wp-json\/wp\/v2\/types\/page"}],"author":[{"embeddable":true,"href":"https:\/\/juma.hr\/zh\/wp-json\/wp\/v2\/users\/1"}],"replies":[{"embeddable":true,"href":"https:\/\/juma.hr\/zh\/wp-json\/wp\/v2\/comments?post=3740"}],"version-history":[{"count":94,"href":"https:\/\/juma.hr\/zh\/wp-json\/wp\/v2\/pages\/3740\/revisions"}],"predecessor-version":[{"id":4638,"href":"https:\/\/juma.hr\/zh\/wp-json\/wp\/v2\/pages\/3740\/revisions\/4638"}],"wp:attachment":[{"href":"https:\/\/juma.hr\/zh\/wp-json\/wp\/v2\/media?parent=3740"}],"curies":[{"name":"wp","href":"https:\/\/api.w.org\/{rel}","templated":true}]}}