{"id":3740,"date":"2024-01-25T22:11:37","date_gmt":"2024-01-25T22:11:37","guid":{"rendered":"https:\/\/juma.hr\/?page_id=3740"},"modified":"2024-03-16T18:18:34","modified_gmt":"2024-03-16T18:18:34","slug":"odrzavanje-bazena","status":"publish","type":"page","link":"https:\/\/juma.hr\/pt\/manutencao-de-piscina\/","title":{"rendered":"Manuten\u00e7\u00e3o de piscina"},"content":{"rendered":"<div data-elementor-type=\"wp-page\" data-elementor-id=\"3740\" class=\"elementor elementor-3740\" data-elementor-post-type=\"page\">\n\t\t\t\t\t\t\t<div class=\"elementor-element elementor-element-0e883f5 e-con-full e-flex e-con e-parent\" data-id=\"0e883f5\" data-element_type=\"container\" data-settings=\"{&quot;content_width&quot;:&quot;full&quot;}\" data-core-v316-plus=\"true\">\n\t\t\t\t<div class=\"elementor-element elementor-element-c8c7332 elementor-widget elementor-widget-heading\" data-id=\"c8c7332\" data-element_type=\"widget\" data-widget_type=\"heading.default\">\n\t\t\t\t<div class=\"elementor-widget-container\">\n\t\t\t<style>\/*! elementor - v3.18.0 - 20-12-2023 *\/\n.elementor-heading-title{padding:0;margin:0;line-height:1}.elementor-widget-heading .elementor-heading-title[class*=elementor-size-]>a{color:inherit;font-size:inherit;line-height:inherit}.elementor-widget-heading .elementor-heading-title.elementor-size-small{font-size:15px}.elementor-widget-heading .elementor-heading-title.elementor-size-medium{font-size:19px}.elementor-widget-heading .elementor-heading-title.elementor-size-large{font-size:29px}.elementor-widget-heading .elementor-heading-title.elementor-size-xl{font-size:39px}.elementor-widget-heading .elementor-heading-title.elementor-size-xxl{font-size:59px}<\/style><h1 class=\"elementor-heading-title elementor-size-xxl\">Manuten\u00e7\u00e3o de piscina<\/h1>\t\t<\/div>\n\t\t\t\t<\/div>\n\t\t\t\t<\/div>\n\t\t\t\t<section class=\"elementor-section elementor-top-section elementor-element elementor-element-57223bb elementor-section-full_width elementor-section-height-default elementor-section-height-default\" data-id=\"57223bb\" data-element_type=\"section\">\n\t\t\t\t\t\t<div class=\"elementor-container elementor-column-gap-no\">\n\t\t\t\t\t<div class=\"elementor-column elementor-col-100 elementor-top-column elementor-element elementor-element-041d56f\" data-id=\"041d56f\" data-element_type=\"column\">\n\t\t\t<div class=\"elementor-widget-wrap elementor-element-populated\">\n\t\t\t\t\t\t\t\t<div class=\"elementor-element elementor-element-9239e98 elementor-widget elementor-widget-text-editor\" data-id=\"9239e98\" data-element_type=\"widget\" data-widget_type=\"text-editor.default\">\n\t\t\t\t<div class=\"elementor-widget-container\">\n\t\t\t<style>\/*! elementor - v3.18.0 - 20-12-2023 *\/\n.elementor-widget-text-editor.elementor-drop-cap-view-stacked .elementor-drop-cap{background-color:#69727d;color:#fff}.elementor-widget-text-editor.elementor-drop-cap-view-framed .elementor-drop-cap{color:#69727d;border:3px solid;background-color:transparent}.elementor-widget-text-editor:not(.elementor-drop-cap-view-default) .elementor-drop-cap{margin-top:8px}.elementor-widget-text-editor:not(.elementor-drop-cap-view-default) .elementor-drop-cap-letter{width:1em;height:1em}.elementor-widget-text-editor .elementor-drop-cap{float:left;text-align:center;line-height:1;font-size:50px}.elementor-widget-text-editor .elementor-drop-cap-letter{display:inline-block}<\/style>\t\t\t\t<p>Como empresa especializada na constru\u00e7\u00e3o e manuten\u00e7\u00e3o de piscinas de bet\u00e3o, oferecemos um servi\u00e7o completo que satisfaz todos os seus desejos. <br \/><br \/><b>Providencie manuten\u00e7\u00f5es regulares e sazonais ou simplesmente agende uma inspe\u00e7\u00e3o t\u00e9cnica da casa de m\u00e1quinas.<\/b><\/p>\t\t\t\t\t\t<\/div>\n\t\t\t\t<\/div>\n\t\t\t\t<div class=\"elementor-element elementor-element-8a74fe3 non-clickable elementor-widget elementor-widget-pool_our_service\" data-id=\"8a74fe3\" data-element_type=\"widget\" data-widget_type=\"pool_our_service.default\">\n\t\t\t\t<div class=\"elementor-widget-container\">\n\t\t\t\t\t\t<div class=\"section-indent\">\n\t\t\t\t<div class=\"container\">\n\t\t\t\t\t<div class=\"blocktitle blocktitle__center blocktitle__maxwidth-03\">\n\t\t\t\t\t\t<div class=\"blocktitle__subtitle\"><\/div>\n\t\t\t\t\t\t<div class=\"blocktitle__title\"><\/div>\n\t\t\t\t\t<\/div>\n\t\t\t\t\t<div class=\"tt-services__wrapper\">\n\t\t\t\t\t\t<div class=\"swiper-container\" data-carousel=\"swiper\" data-space-between=\"0\" data-auto-height=\"false\" data-slides-xl=\"3\" data-slides-lg=\"3\" data-slides-md=\"2\" data-slides-sm=\"1\">\n\t\t\t\t\t\t\t<div class=\"swiper-wrapper\">\n\t\t\t\t\t\t\t\t\t\t\t\t\t\t\t\t\t<div class=\"swiper-slide\">\n\t\t\t\t\t\t\t\t\t\t<a href=\"\"   class=\"tt-services\">\n\t\t\t\t\t\t\t\t\t\t\t<div class=\"tt-services__icon\">\n\t\t\t\t\t\t\t\t\t\t\t\t<i aria-hidden=\"true\" class=\"icon-780833\"><\/i>\t\t\t\t\t\t\t\t\t\t\t<\/div>\n\t\t\t\t\t\t\t\t\t\t\t<div class=\"tt-services__title\">Equilibrando Produtos Qu\u00edmicos<\/div>\n\t\t\t\t\t\t\t\t\t\t\t<p>Garanta a limpeza da piscina com a nossa gest\u00e3o precisa da qualidade da \u00e1gua: pH ideal, \u00e1gua limpa, sem algas. Limpeza e seguran\u00e7a, sem compromisso.<\/p>\n\t\t\t\t\t\t\t\t\t\t<\/a>\n\t\t\t\t\t\t\t\t\t<\/div>\n\t\t\t\t\t\t\t\t\t\t\t\t\t\t\t\t\t\t<div class=\"swiper-slide\">\n\t\t\t\t\t\t\t\t\t\t<a href=\"\"   class=\"tt-services tt-services__color02\">\n\t\t\t\t\t\t\t\t\t\t\t<div class=\"tt-services__icon\">\n\t\t\t\t\t\t\t\t\t\t\t\t<i aria-hidden=\"true\" class=\"icon-wrench-and-screwdriver-crossed\"><\/i>\t\t\t\t\t\t\t\t\t\t\t<\/div>\n\t\t\t\t\t\t\t\t\t\t\t<div class=\"tt-services__title\">Manuten\u00e7\u00e3o T\u00e9cnica de Piscinas<\/div>\n\t\t\t\t\t\t\t\t\t\t\t<p>Mantenha a piscina funcional: manuten\u00e7\u00e3o precisa desde a bomba, skimmer, aquecedor at\u00e9 \u00e0s luzes. Opera\u00e7\u00e3o impec\u00e1vel, seguran\u00e7a garantida.\n<\/p>\n\t\t\t\t\t\t\t\t\t\t<\/a>\n\t\t\t\t\t\t\t\t\t<\/div>\n\t\t\t\t\t\t\t\t\t\t\t\t\t\t\t\t\t\t<div class=\"swiper-slide\">\n\t\t\t\t\t\t\t\t\t\t<a href=\"\"   class=\"tt-services\">\n\t\t\t\t\t\t\t\t\t\t\t<div class=\"tt-services__icon\">\n\t\t\t\t\t\t\t\t\t\t\t\t<i aria-hidden=\"true\" class=\"icon-787888\"><\/i>\t\t\t\t\t\t\t\t\t\t\t<\/div>\n\t\t\t\t\t\t\t\t\t\t\t<div class=\"tt-services__title\">Manuten\u00e7\u00e3o sazonal da piscina<\/div>\n\t\t\t\t\t\t\t\t\t\t\t<p>Da limpeza de inverno ao brilho do ver\u00e3o, garantimos que a sua piscina esteja sempre pronta, limpa e segura. Independentemente das condi\u00e7\u00f5es meteorol\u00f3gicas, o nosso servi\u00e7o garante tranquilidade e funcionalidade.<\/p>\n\t\t\t\t\t\t\t\t\t\t<\/a>\n\t\t\t\t\t\t\t\t\t<\/div>\n\t\t\t\t\t\t\t\t\t\t\t\t\t\t\t\t<\/div>\n\t\t\t\t\t\t\t<div class=\"swiper-pagination  swiper-pagination__center\"><\/div>\n\t\t\t\t\t\t<\/div>\n\t\t\t\t\t<\/div>\n\t\t\t\t<\/div>\n\t\t\t<\/div>\n\t\t\t\t\t<\/div>\n\t\t\t\t<\/div>\n\t\t\t\t\t<\/div>\n\t\t<\/div>\n\t\t\t\t\t\t\t<\/div>\n\t\t<\/section>\n\t\t<div class=\"elementor-element elementor-element-360a41a e-con-full e-flex e-con e-parent\" data-id=\"360a41a\" data-element_type=\"container\" data-settings=\"{&quot;content_width&quot;:&quot;full&quot;}\" data-core-v316-plus=\"true\">\n\t\t\t\t<div class=\"elementor-element elementor-element-f111523 elementor-widget elementor-widget-heading\" data-id=\"f111523\" data-element_type=\"widget\" data-widget_type=\"heading.default\">\n\t\t\t\t<div class=\"elementor-widget-container\">\n\t\t\t<h2 class=\"elementor-heading-title elementor-size-xl\">Voc\u00ea s\u00f3 quer se divertir? Manuten\u00e7\u00e3o de piscina sem trabalho:<\/h2>\t\t<\/div>\n\t\t\t\t<\/div>\n\t\t\t\t<div class=\"elementor-element elementor-element-2c3687d elementor-widget elementor-widget-text-editor\" data-id=\"2c3687d\" data-element_type=\"widget\" data-widget_type=\"text-editor.default\">\n\t\t\t\t<div class=\"elementor-widget-container\">\n\t\t\t\t\t\t\t<p>A nossa miss\u00e3o \u00e9 garantir que a sua piscina permanece perfeitamente limpa, segura e pronta a desfrutar em todos os momentos. Com os nossos servi\u00e7os de manuten\u00e7\u00e3o profissional, a piscina n\u00e3o tem de ser apenas um local para nadar, mas sim um o\u00e1sis de paz e relaxamento no seu quintal.<\/p><h3>Limpeza e Manuten\u00e7\u00e3o Profissional<\/h3><h4>Pureza sem compromisso<\/h4><p>Os nossos servi\u00e7os incluem aspira\u00e7\u00e3o completa do fundo da piscina, limpeza das paredes e remo\u00e7\u00e3o de todos os detritos flutuantes. Com a nossa manuten\u00e7\u00e3o regular, a sua piscina n\u00e3o s\u00f3 ter\u00e1 um aspecto imaculado, mas tamb\u00e9m ser\u00e1 um local mais saud\u00e1vel para desfrutar.<\/p><h4>Sistema de filtragem em primeiro lugar<\/h4><p>Sabemos a import\u00e2ncia do correto funcionamento do sistema de filtra\u00e7\u00e3o para preservar a pureza da \u00e1gua. Os nossos especialistas verificam e limpam regularmente os filtros, skimmers e jatos, garantindo que a sua piscina funciona sempre perfeitamente.<\/p><h3>Especializa\u00e7\u00e3o em Balanceamento Qu\u00edmico<\/h3><h4>Equil\u00edbrio Qu\u00edmico Perfeito<\/h4><p>N\u00e3o \u00e9 nenhum segredo que o equil\u00edbrio qu\u00edmico adequado \u00e9 fundamental para uma \u00e1gua de piscina saud\u00e1vel. Nossa equipe utiliza t\u00e9cnicas avan\u00e7adas para medir e ajustar o pH <br \/>valores, alcalinidade e dureza da \u00e1gua, garantindo que as condi\u00e7\u00f5es s\u00e3o sempre ideais.<\/p><p>\u00a0<\/p><h3>Excel\u00eancia T\u00e9cnica<\/h3><h4>N\u00e3o se preocupe com equipamentos<\/h4><p>Desde bombas a lumin\u00e1rias, o nosso servi\u00e7o t\u00e9cnico cobre tudo. As inspe\u00e7\u00f5es e manuten\u00e7\u00f5es regulares garantem que todas as partes da sua piscina funcionam de forma eficiente, poupando-lhe tempo e dinheiro a longo prazo.<\/p><p>\u00a0<\/p><h3>Inova\u00e7\u00f5es que salvam<\/h3><h4>Reduza custos, n\u00e3o qualidade<\/h4><p>Com as nossas dicas e truques para poupar, como otimizar o funcionamento da bomba e utilizar eficientemente o aquecedor, a sua piscina n\u00e3o s\u00f3 ficar\u00e1 limpa e segura, mas tamb\u00e9m mais econ\u00f3mica. Nossa abordagem significa menos custos de energia e produtos qu\u00edmicos, sem comprometer a qualidade.<\/p><p>\u00a0<\/p><h3>O futuro da manuten\u00e7\u00e3o de piscinas<\/h3><h4>Tecnologia ao seu lado<\/h4><p>Apresentamos as mais recentes tecnologias em manuten\u00e7\u00e3o de piscinas, desde a eletr\u00f3lise da \u00e1gua at\u00e9 aos limpadores autom\u00e1ticos. Nossas solu\u00e7\u00f5es estabelecem novos padr\u00f5es na ind\u00fastria, tornando a manuten\u00e7\u00e3o mais simples e eficiente.<\/p><p>\u00a0<\/p><h3>Nossa promessa para voc\u00ea<\/h3><p>Nossa equipe de especialistas em manuten\u00e7\u00e3o de piscinas se dedica a garantir que sua piscina sempre pare\u00e7a nova. Desde a limpeza regular at\u00e9 solu\u00e7\u00f5es tecnol\u00f3gicas avan\u00e7adas, o nosso servi\u00e7o \u00e9 abrangente, profissional e adaptado \u00e0s suas necessidades. Deixe-nos cuidar da manuten\u00e7\u00e3o da sua piscina, para que voc\u00ea possa aproveit\u00e1-la sem preocupa\u00e7\u00f5es.<\/p><p>Contacte-nos hoje e descubra como o nosso servi\u00e7o pode transformar a sua experi\u00eancia na piscina, tornando-a mais bonita, segura e agrad\u00e1vel do que nunca.<\/p><p>Saiba mais <a href=\"https:\/\/juma.hr\/pt\/manutencao-de-piscinas-tudo-o-que-voce-precisa-saber\/\" data-wplink-edit=\"true\"><span style=\"text-decoration: underline;\"><em><strong>detalhes sobre a manuten\u00e7\u00e3o da piscina.<\/strong><\/em><\/span><\/a><\/p>\t\t\t\t\t\t<\/div>\n\t\t\t\t<\/div>\n\t\t\t\t<\/div>\n\t\t\t\t<section class=\"elementor-section elementor-top-section elementor-element elementor-element-7f4ed76 elementor-section-full_width elementor-section-height-default elementor-section-height-default\" data-id=\"7f4ed76\" data-element_type=\"section\">\n\t\t\t\t\t\t<div class=\"elementor-container elementor-column-gap-no\">\n\t\t\t\t\t<div class=\"elementor-column elementor-col-100 elementor-top-column elementor-element elementor-element-1f7c9b0\" data-id=\"1f7c9b0\" data-element_type=\"column\">\n\t\t\t<div class=\"elementor-widget-wrap elementor-element-populated\">\n\t\t\t\t\t\t\t\t<div class=\"elementor-element elementor-element-35c244a elementor-widget elementor-widget-pool_services_home_contact\" data-id=\"35c244a\" data-element_type=\"widget\" data-widget_type=\"pool_services_home_contact.default\">\n\t\t\t\t<div class=\"elementor-widget-container\">\n\t\t\t\t\t<div class=\"section-indent\">\n\t\t\t<div class=\"tt-bg bg-index-03 lazyload\" data-bg=\"https:\/\/juma.hr\/wp-content\/uploads\/2021\/08\/bg-index-03.png\"><\/div>\n\t\t\t<div class=\"container tt-position__relative\">\n\t\t\t\t<div class=\"row align-items-center\">\n\t\t\t\t\t<div class=\"col-md-6\">\n\t\t\t\t\t\t<div class=\"box-info03__wrapper\">\n\t\t\t\t\t\t\t<div class=\"row\">\n\t\t\t\t\t\t\t\t<div class=\"col-sm-6\">\n\t\t\t\t\t\t\t\t\t\t\t\t\t\t\t\t\t\t\t<div class=\"box-info03\">\n\t\t\t\t\t\t\t\t\t\t\t<div class=\"box-info03__icon\"><span>100+<\/span><\/div>\n\t\t\t\t\t\t\t\t\t\t\t<div class=\"box-info03__title\">Piscinas constru\u00eddas<\/div>\n\t\t\t\t\t\t\t\t\t\t\t\t\t\t\t\t\t\t\t\t\t<\/div>\n\t\t\t\t\t\t\t\t\t\t\t\t\t\t\t\t\t\t\t\t<div class=\"box-info03\">\n\t\t\t\t\t\t\t\t\t\t\t<div class=\"box-info03__icon\"><span>40+<\/span><\/div>\n\t\t\t\t\t\t\t\t\t\t\t<div class=\"box-info03__title\">Manuten\u00e7\u00e3o contratada<\/div>\n\t\t\t\t\t\t\t\t\t\t\t\t\t\t\t\t\t\t\t\t\t<\/div>\n\t\t\t\t\t\t\t\t\t\t\t\t\t\t\t\t\t\t<\/div>\n\t\t\t\t\t\t\t\t<div class=\"col-sm-6\">\n\t\t\t\t\t\t\t\t\t\t\t\t\t\t\t\t\t\t\t\t<div class=\"box-info03\">\n\t\t\t\t\t\t\t\t\t\t\t\t<div class=\"box-info03__icon\"><span>10+<\/span><\/div>\n\t\t\t\t\t\t\t\t\t\t\t\t<div class=\"box-info03__title\">Funcion\u00e1rios<\/div>\n\t\t\t\t\t\t\t\t\t\t\t\t\t\t\t\t\t\t\t\t\t\t\t<\/div>\n\t\t\t\t\t\t\t\t\t\t\t\t\t\t\t\t\t\t\t\t\t\t<div class=\"box-info03\">\n\t\t\t\t\t\t\t\t\t\t\t\t<div class=\"box-info03__icon\"><span>20+<\/span><\/div>\n\t\t\t\t\t\t\t\t\t\t\t\t<div class=\"box-info03__title\">Parceiros satisfeitos<\/div>\n\t\t\t\t\t\t\t\t\t\t\t\t\t\t\t\t\t\t\t\t\t\t\t<\/div>\n\t\t\t\t\t\t\t\t\t\t\t\t\t\t\t\t\t\t\t<\/div>\n\t\t\t\t\t\t\t<\/div>\n\t\t\t\t\t\t<\/div>\n\t\t\t\t\t<\/div>\n\t\t\t\t\t<div class=\"divider-size-md tt-visible__mobile\"><\/div>\n\t\t\t\t\t<div class=\"col-md-6\">\n\t\t\t\t\t\t<div class=\"tt-box-wrapper01\">\n\t\t\t\t\t\t\t<div class=\"blocktitle\">\n\t\t\t\t\t\t\t\t<div class=\"blocktitle__title\">Contate-nos<\/div>\n\t\t\t\t\t\t\t<\/div>\n\t\t\t\t\t\t\t\n<div class=\"wpcf7 no-js\" id=\"wpcf7-f3692-o1\" lang=\"en-US\" dir=\"ltr\">\n<div class=\"screen-reader-response\"><p role=\"status\" aria-live=\"polite\" aria-atomic=\"true\"><\/p> <ul><\/ul><\/div>\n<form action=\"\/pt\/wp-json\/wp\/v2\/pages\/3740#wpcf7-f3692-o1\" method=\"post\" class=\"wpcf7-form init\" aria-label=\"Formul\u00e1rio de contato\" novalidate=\"novalidate\" data-status=\"init\" data-trp-original-action=\"\/pt\/wp-json\/wp\/v2\/pages\/3740#wpcf7-f3692-o1\">\n<div style=\"display: none;\">\n<input type=\"hidden\" name=\"_wpcf7\" value=\"3692\" \/>\n<input type=\"hidden\" name=\"_wpcf7_version\" value=\"5.8.6\" \/>\n<input type=\"hidden\" name=\"_wpcf7_locale\" value=\"en_US\" \/>\n<input type=\"hidden\" name=\"_wpcf7_unit_tag\" value=\"wpcf7-f3692-o1\" \/>\n<input type=\"hidden\" name=\"_wpcf7_container_post\" value=\"0\" \/>\n<input type=\"hidden\" name=\"_wpcf7_posted_data_hash\" value=\"\" \/>\n<\/div>\n<div class=\"tt-form\">\n\t<div class=\"tt-form__group\">\n\t\t<p><span class=\"wpcf7-form-control-wrap\" data-name=\"your-name\"><input size=\"40\" class=\"wpcf7-form-control wpcf7-text tt-form__control\" aria-invalid=\"false\" value=\"Va\u0161e puno ime\" type=\"text\" name=\"your-name\" \/><\/span>\n\t\t<\/p>\n\t<\/div>\n\t<div class=\"row\">\n\t\t<div class=\"col-lg-6\">\n\t\t\t<div class=\"tt-form__group\">\n\t\t\t\t<p><span class=\"wpcf7-form-control-wrap\" data-name=\"your-email\"><input size=\"40\" class=\"wpcf7-form-control wpcf7-email wpcf7-text wpcf7-validates-as-email tt-form__control\" aria-invalid=\"false\" placeholder=\"E-mail\" value=\"\" type=\"email\" name=\"your-email\" \/><\/span>\n\t\t\t\t<\/p>\n\t\t\t<\/div>\n\t\t<\/div>\n\t\t<div class=\"col-lg-6\">\n\t\t\t<div class=\"tt-form__group\">\n\t\t\t\t<p><span class=\"wpcf7-form-control-wrap\" data-name=\"phonenumber\"><input size=\"40\" class=\"wpcf7-form-control wpcf7-text tt-form__control\" aria-invalid=\"false\" placeholder=\"Telefone\" value=\"\" type=\"text\" name=\"phonenumber\" \/><\/span>\n\t\t\t\t<\/p>\n\t\t\t<\/div>\n\t\t<\/div>\n\t\t<div class=\"tt-form__group\">\n\t\t\t<div class=\"custom-select\">\n\t\t\t\t<p><span class=\"wpcf7-form-control-wrap\" data-name=\"services\"><select class=\"wpcf7-form-control wpcf7-select\" aria-invalid=\"false\" name=\"services\"><option value=\"Projektiranje i izgradnja bazena\">Projeto e constru\u00e7\u00e3o de piscinas<\/option><option value=\"Odr\u017eavanje bazena\">Manuten\u00e7\u00e3o de piscina<\/option><option value=\"Konzultacije\">Consultas<\/option><option value=\"Partnerstvo\">Parceria<\/option><\/select><\/span>\n\t\t\t\t<\/p>\n\t\t\t<\/div>\n\t\t<\/div>\n\t\t<div class=\"tt-form__group\">\n\t\t\t<p><span class=\"wpcf7-form-control-wrap\" data-name=\"your-message\"><textarea cols=\"40\" rows=\"10\" class=\"wpcf7-form-control wpcf7-textarea tt-form__control\" aria-invalid=\"false\" placeholder=\"Informa\u00e7\u00f5es adicionais...\" name=\"your-message\"><\/textarea><\/span>\n\t\t\t<\/p>\n\t\t<\/div>\n\t\t<div class=\"tt-form__btn\">\n\t\t\t<p><button type=\"submit\" class=\"tt-btn tt-btn02 wpcf7-form-control wpcf7-submit\"><span class=\"tt-btn__text\" data-effect=\"Po\u0161alji upit\">Enviar solicita\u00e7\u00e3o<\/span><span class=\"tt-btn__icon icon-142042\"><\/span><\/button>\n\t\t\t<\/p>\n\t\t<\/div>\n\t<\/div>\n<\/div><div class=\"wpcf7-response-output\" aria-hidden=\"true\"><\/div>\n<input type=\"hidden\" name=\"trp-form-language\" value=\"pt\"\/><\/form>\n<\/div>\n\t\t\t\t\t\t<\/div>\n\t\t\t\t\t<\/div>\n\t\t\t\t<\/div>\n\t\t\t<\/div>\n\t\t<\/div>\n\t\t\t\t<\/div>\n\t\t\t\t<\/div>\n\t\t\t\t\t<\/div>\n\t\t<\/div>\n\t\t\t\t\t\t\t<\/div>\n\t\t<\/section>\n\t\t\t\t\t\t\t<\/div>","protected":false},"excerpt":{"rendered":"<p>Manuten\u00e7\u00e3o de piscinas Como empresa especializada na constru\u00e7\u00e3o e manuten\u00e7\u00e3o de piscinas em bet\u00e3o, oferecemos um servi\u00e7o completo que vai ao encontro de todos os seus desejos. Providencie manuten\u00e7\u00f5es regulares e sazonais ou simplesmente agende uma inspe\u00e7\u00e3o t\u00e9cnica da casa de m\u00e1quinas. Produtos Qu\u00edmicos de Equil\u00edbrio Garanta a limpeza da piscina com a nossa gest\u00e3o precisa da qualidade da \u00e1gua: pH ideal, \u00e1gua limpa, sem algas. Limpeza e seguran\u00e7a, sem compromisso. Manuten\u00e7\u00e3o T\u00e9cnica de Piscina [\u2026]<\/p>","protected":false},"author":1,"featured_media":0,"parent":0,"menu_order":0,"comment_status":"closed","ping_status":"closed","template":"","meta":{"footnotes":""},"class_list":["post-3740","page","type-page","status-publish","hentry"],"yoast_head":"<!-- This site is optimized with the Yoast SEO plugin v21.8 - https:\/\/yoast.com\/wordpress\/plugins\/seo\/ -->\n<title>Odr\u017eavanje bazena\u200b | Skimmerski i preljevni bazen<\/title>\n<meta name=\"description\" content=\"Juma d.o.o. je tvrtka specijalizirana za izgradnju i odr\u017eavanje betonskih bazena. U na\u0161oj ponudi nalaze se skimmerski bazeni, preljevni bazeni i masa\u017ene kade. Uspje\u0161no smo realizirali vi\u0161e od 100 projekata!\" \/>\n<meta name=\"robots\" content=\"index, follow, max-snippet:-1, max-image-preview:large, max-video-preview:-1\" \/>\n<link rel=\"canonical\" href=\"https:\/\/juma.hr\/pt\/manutencao-de-piscina\/\" \/>\n<meta property=\"og:locale\" content=\"pt_PT\" \/>\n<meta property=\"og:type\" content=\"article\" \/>\n<meta property=\"og:title\" content=\"Odr\u017eavanje bazena\u200b | Skimmerski i preljevni bazen\" \/>\n<meta property=\"og:description\" content=\"Juma d.o.o. je tvrtka specijalizirana za izgradnju i odr\u017eavanje betonskih bazena. U na\u0161oj ponudi nalaze se skimmerski bazeni, preljevni bazeni i masa\u017ene kade. Uspje\u0161no smo realizirali vi\u0161e od 100 projekata!\" \/>\n<meta property=\"og:url\" content=\"https:\/\/juma.hr\/pt\/manutencao-de-piscina\/\" \/>\n<meta property=\"og:site_name\" content=\"Juma | Izgradnja i odr\u017eavanje bazena\" \/>\n<meta property=\"article:modified_time\" content=\"2024-03-16T18:18:34+00:00\" \/>\n<meta name=\"twitter:card\" content=\"summary_large_image\" \/>\n<meta name=\"twitter:label1\" content=\"Tempo estimado de leitura\" \/>\n\t<meta name=\"twitter:data1\" content=\"3 minutos\" \/>\n<script type=\"application\/ld+json\" class=\"yoast-schema-graph\">{\"@context\":\"https:\/\/schema.org\",\"@graph\":[{\"@type\":\"WebPage\",\"@id\":\"https:\/\/juma.hr\/odrzavanje-bazena\/\",\"url\":\"https:\/\/juma.hr\/odrzavanje-bazena\/\",\"name\":\"Odr\u017eavanje bazena\u200b | Skimmerski i preljevni bazen\",\"isPartOf\":{\"@id\":\"https:\/\/juma.hr\/#website\"},\"datePublished\":\"2024-01-25T22:11:37+00:00\",\"dateModified\":\"2024-03-16T18:18:34+00:00\",\"description\":\"Juma d.o.o. je tvrtka specijalizirana za izgradnju i odr\u017eavanje betonskih bazena. U na\u0161oj ponudi nalaze se skimmerski bazeni, preljevni bazeni i masa\u017ene kade. Uspje\u0161no smo realizirali vi\u0161e od 100 projekata!\",\"breadcrumb\":{\"@id\":\"https:\/\/juma.hr\/odrzavanje-bazena\/#breadcrumb\"},\"inLanguage\":\"pt-PT\",\"potentialAction\":[{\"@type\":\"ReadAction\",\"target\":[\"https:\/\/juma.hr\/odrzavanje-bazena\/\"]}]},{\"@type\":\"BreadcrumbList\",\"@id\":\"https:\/\/juma.hr\/odrzavanje-bazena\/#breadcrumb\",\"itemListElement\":[{\"@type\":\"ListItem\",\"position\":1,\"name\":\"Home\",\"item\":\"https:\/\/juma.hr\/\"},{\"@type\":\"ListItem\",\"position\":2,\"name\":\"Odr\u017eavanje bazena\"}]},{\"@type\":\"WebSite\",\"@id\":\"https:\/\/juma.hr\/#website\",\"url\":\"https:\/\/juma.hr\/\",\"name\":\"Juma | Izgradnja i odr\u017eavanje bazena\",\"description\":\"\",\"potentialAction\":[{\"@type\":\"SearchAction\",\"target\":{\"@type\":\"EntryPoint\",\"urlTemplate\":\"https:\/\/juma.hr\/?s={search_term_string}\"},\"query-input\":\"required name=search_term_string\"}],\"inLanguage\":\"pt-PT\"}]}<\/script>\n<!-- \/ Yoast SEO plugin. -->","yoast_head_json":{"title":"Odr\u017eavanje bazena\u200b | Skimmerski i preljevni bazen","description":"Juma d.o.o. je tvrtka specijalizirana za izgradnju i odr\u017eavanje betonskih bazena. U na\u0161oj ponudi nalaze se skimmerski bazeni, preljevni bazeni i masa\u017ene kade. Uspje\u0161no smo realizirali vi\u0161e od 100 projekata!","robots":{"index":"index","follow":"follow","max-snippet":"max-snippet:-1","max-image-preview":"max-image-preview:large","max-video-preview":"max-video-preview:-1"},"canonical":"https:\/\/juma.hr\/pt\/manutencao-de-piscina\/","og_locale":"pt_PT","og_type":"article","og_title":"Odr\u017eavanje bazena\u200b | Skimmerski i preljevni bazen","og_description":"Juma d.o.o. je tvrtka specijalizirana za izgradnju i odr\u017eavanje betonskih bazena. U na\u0161oj ponudi nalaze se skimmerski bazeni, preljevni bazeni i masa\u017ene kade. Uspje\u0161no smo realizirali vi\u0161e od 100 projekata!","og_url":"https:\/\/juma.hr\/pt\/manutencao-de-piscina\/","og_site_name":"Juma | Izgradnja i odr\u017eavanje bazena","article_modified_time":"2024-03-16T18:18:34+00:00","twitter_card":"summary_large_image","twitter_misc":{"Tempo estimado de leitura":"3 minutos"},"schema":{"@context":"https:\/\/schema.org","@graph":[{"@type":"WebPage","@id":"https:\/\/juma.hr\/odrzavanje-bazena\/","url":"https:\/\/juma.hr\/odrzavanje-bazena\/","name":"Odr\u017eavanje bazena\u200b | Skimmerski i preljevni bazen","isPartOf":{"@id":"https:\/\/juma.hr\/#website"},"datePublished":"2024-01-25T22:11:37+00:00","dateModified":"2024-03-16T18:18:34+00:00","description":"Juma d.o.o. je tvrtka specijalizirana za izgradnju i odr\u017eavanje betonskih bazena. U na\u0161oj ponudi nalaze se skimmerski bazeni, preljevni bazeni i masa\u017ene kade. Uspje\u0161no smo realizirali vi\u0161e od 100 projekata!","breadcrumb":{"@id":"https:\/\/juma.hr\/odrzavanje-bazena\/#breadcrumb"},"inLanguage":"pt-PT","potentialAction":[{"@type":"ReadAction","target":["https:\/\/juma.hr\/odrzavanje-bazena\/"]}]},{"@type":"BreadcrumbList","@id":"https:\/\/juma.hr\/odrzavanje-bazena\/#breadcrumb","itemListElement":[{"@type":"ListItem","position":1,"name":"Home","item":"https:\/\/juma.hr\/"},{"@type":"ListItem","position":2,"name":"Odr\u017eavanje bazena"}]},{"@type":"WebSite","@id":"https:\/\/juma.hr\/#website","url":"https:\/\/juma.hr\/","name":"Juma | Izgradnja i odr\u017eavanje bazena","description":"","potentialAction":[{"@type":"SearchAction","target":{"@type":"EntryPoint","urlTemplate":"https:\/\/juma.hr\/?s={search_term_string}"},"query-input":"required name=search_term_string"}],"inLanguage":"pt-PT"}]}},"_links":{"self":[{"href":"https:\/\/juma.hr\/pt\/wp-json\/wp\/v2\/pages\/3740","targetHints":{"allow":["GET"]}}],"collection":[{"href":"https:\/\/juma.hr\/pt\/wp-json\/wp\/v2\/pages"}],"about":[{"href":"https:\/\/juma.hr\/pt\/wp-json\/wp\/v2\/types\/page"}],"author":[{"embeddable":true,"href":"https:\/\/juma.hr\/pt\/wp-json\/wp\/v2\/users\/1"}],"replies":[{"embeddable":true,"href":"https:\/\/juma.hr\/pt\/wp-json\/wp\/v2\/comments?post=3740"}],"version-history":[{"count":94,"href":"https:\/\/juma.hr\/pt\/wp-json\/wp\/v2\/pages\/3740\/revisions"}],"predecessor-version":[{"id":4638,"href":"https:\/\/juma.hr\/pt\/wp-json\/wp\/v2\/pages\/3740\/revisions\/4638"}],"wp:attachment":[{"href":"https:\/\/juma.hr\/pt\/wp-json\/wp\/v2\/media?parent=3740"}],"curies":[{"name":"wp","href":"https:\/\/api.w.org\/{rel}","templated":true}]}}