{"id":4538,"date":"2024-02-25T16:24:57","date_gmt":"2024-02-25T16:24:57","guid":{"rendered":"https:\/\/juma.hr\/?page_id=4538"},"modified":"2024-02-25T16:27:08","modified_gmt":"2024-02-25T16:27:08","slug":"portfolio","status":"publish","type":"page","link":"https:\/\/juma.hr\/nl\/portefeuille\/","title":{"rendered":"Projecten"},"content":{"rendered":"<div data-elementor-type=\"wp-page\" data-elementor-id=\"4538\" class=\"elementor elementor-4538\" data-elementor-post-type=\"page\">\n\t\t\t\t\t\t\t<div class=\"elementor-element elementor-element-29e8044 e-con-full e-flex e-con e-parent\" data-id=\"29e8044\" data-element_type=\"container\" data-settings=\"{&quot;content_width&quot;:&quot;full&quot;,&quot;background_background&quot;:&quot;classic&quot;}\" data-core-v316-plus=\"true\">\n\t\t\t\t<div class=\"elementor-element elementor-element-133df5f elementor-hidden-mobile elementor-widget elementor-widget-heading\" data-id=\"133df5f\" data-element_type=\"widget\" data-widget_type=\"heading.default\">\n\t\t\t\t<div class=\"elementor-widget-container\">\n\t\t\t<style>\/*! elementor - v3.18.0 - 20-12-2023 *\/\n.elementor-heading-title{padding:0;margin:0;line-height:1}.elementor-widget-heading .elementor-heading-title[class*=elementor-size-]>a{color:inherit;font-size:inherit;line-height:inherit}.elementor-widget-heading .elementor-heading-title.elementor-size-small{font-size:15px}.elementor-widget-heading .elementor-heading-title.elementor-size-medium{font-size:19px}.elementor-widget-heading .elementor-heading-title.elementor-size-large{font-size:29px}.elementor-widget-heading .elementor-heading-title.elementor-size-xl{font-size:39px}.elementor-widget-heading .elementor-heading-title.elementor-size-xxl{font-size:59px}<\/style><h1 class=\"elementor-heading-title elementor-size-xxl\">Onze projecten<\/h1>\t\t<\/div>\n\t\t\t\t<\/div>\n\t\t\t\t<div class=\"elementor-element elementor-element-03046e7 elementor-hidden-desktop elementor-hidden-tablet elementor-widget elementor-widget-heading\" data-id=\"03046e7\" data-element_type=\"widget\" data-widget_type=\"heading.default\">\n\t\t\t\t<div class=\"elementor-widget-container\">\n\t\t\t<h1 class=\"elementor-heading-title elementor-size-xl\">Onze projecten<\/h1>\t\t<\/div>\n\t\t\t\t<\/div>\n\t\t\t\t<\/div>\n\t\t<div class=\"elementor-element elementor-element-5a68677 e-flex e-con-boxed e-con e-parent\" data-id=\"5a68677\" data-element_type=\"container\" data-settings=\"{&quot;content_width&quot;:&quot;boxed&quot;}\" data-core-v316-plus=\"true\">\n\t\t\t\t\t<div class=\"e-con-inner\">\n\t\t\t\t<div class=\"elementor-element elementor-element-c4515c2 elementor-widget elementor-widget-jet-listing-grid\" data-id=\"c4515c2\" data-element_type=\"widget\" data-settings=\"{&quot;columns&quot;:&quot;3&quot;,&quot;columns_mobile&quot;:&quot;1&quot;}\" data-widget_type=\"jet-listing-grid.default\">\n\t\t\t\t<div class=\"elementor-widget-container\">\n\t\t\t<div class=\"jet-listing-grid jet-listing-grid--lazy-load jet-listing jet-listing-grid-loading\" data-lazy-load=\"{&quot;offset&quot;:&quot;0px&quot;,&quot;post_id&quot;:4538,&quot;queried_id&quot;:&quot;4538|WP_Post&quot;}\"><div class=\"jet-listing-grid__loader\"><div class=\"jet-listing-grid__loader-spinner\"><\/div><\/div><\/div>\t\t<\/div>\n\t\t\t\t<\/div>\n\t\t\t\t\t<\/div>\n\t\t\t\t<\/div>\n\t\t\t\t\t\t\t<\/div>","protected":false},"excerpt":{"rendered":"<p>Onze projecten Onze projecten<\/p>","protected":false},"author":1,"featured_media":0,"parent":0,"menu_order":0,"comment_status":"closed","ping_status":"closed","template":"elementor_header_footer","meta":{"footnotes":""},"class_list":["post-4538","page","type-page","status-publish","hentry"],"yoast_head":"<!-- This site is optimized with the Yoast SEO plugin v21.8 - https:\/\/yoast.com\/wordpress\/plugins\/seo\/ -->\n<title>Projekti - Juma | Izgradnja i odr\u017eavanje bazena<\/title>\n<meta name=\"robots\" content=\"index, follow, max-snippet:-1, max-image-preview:large, max-video-preview:-1\" \/>\n<link rel=\"canonical\" href=\"https:\/\/juma.hr\/nl\/portefeuille\/\" \/>\n<meta property=\"og:locale\" content=\"nl_NL\" \/>\n<meta property=\"og:type\" content=\"article\" \/>\n<meta property=\"og:title\" content=\"Projekti - Juma | Izgradnja i odr\u017eavanje bazena\" \/>\n<meta property=\"og:description\" content=\"Na\u0161i projekti Na\u0161i projekti\u200b\" \/>\n<meta property=\"og:url\" content=\"https:\/\/juma.hr\/nl\/portefeuille\/\" \/>\n<meta property=\"og:site_name\" content=\"Juma | Izgradnja i odr\u017eavanje bazena\" \/>\n<meta property=\"article:modified_time\" content=\"2024-02-25T16:27:08+00:00\" \/>\n<meta name=\"twitter:card\" content=\"summary_large_image\" \/>\n<meta name=\"twitter:label1\" content=\"Geschatte leestijd\" \/>\n\t<meta name=\"twitter:data1\" content=\"1 minuut\" \/>\n<script type=\"application\/ld+json\" class=\"yoast-schema-graph\">{\"@context\":\"https:\/\/schema.org\",\"@graph\":[{\"@type\":\"WebPage\",\"@id\":\"https:\/\/juma.hr\/portfolio\/\",\"url\":\"https:\/\/juma.hr\/portfolio\/\",\"name\":\"Projekti - Juma | Izgradnja i odr\u017eavanje bazena\",\"isPartOf\":{\"@id\":\"https:\/\/juma.hr\/#website\"},\"datePublished\":\"2024-02-25T16:24:57+00:00\",\"dateModified\":\"2024-02-25T16:27:08+00:00\",\"breadcrumb\":{\"@id\":\"https:\/\/juma.hr\/portfolio\/#breadcrumb\"},\"inLanguage\":\"nl-NL\",\"potentialAction\":[{\"@type\":\"ReadAction\",\"target\":[\"https:\/\/juma.hr\/portfolio\/\"]}]},{\"@type\":\"BreadcrumbList\",\"@id\":\"https:\/\/juma.hr\/portfolio\/#breadcrumb\",\"itemListElement\":[{\"@type\":\"ListItem\",\"position\":1,\"name\":\"Home\",\"item\":\"https:\/\/juma.hr\/\"},{\"@type\":\"ListItem\",\"position\":2,\"name\":\"Projekti\"}]},{\"@type\":\"WebSite\",\"@id\":\"https:\/\/juma.hr\/#website\",\"url\":\"https:\/\/juma.hr\/\",\"name\":\"Juma | Izgradnja i odr\u017eavanje bazena\",\"description\":\"\",\"potentialAction\":[{\"@type\":\"SearchAction\",\"target\":{\"@type\":\"EntryPoint\",\"urlTemplate\":\"https:\/\/juma.hr\/?s={search_term_string}\"},\"query-input\":\"required name=search_term_string\"}],\"inLanguage\":\"nl-NL\"}]}<\/script>\n<!-- \/ Yoast SEO plugin. -->","yoast_head_json":{"title":"Projekti - Juma | Izgradnja i odr\u017eavanje bazena","robots":{"index":"index","follow":"follow","max-snippet":"max-snippet:-1","max-image-preview":"max-image-preview:large","max-video-preview":"max-video-preview:-1"},"canonical":"https:\/\/juma.hr\/nl\/portefeuille\/","og_locale":"nl_NL","og_type":"article","og_title":"Projekti - Juma | Izgradnja i odr\u017eavanje bazena","og_description":"Na\u0161i projekti Na\u0161i projekti\u200b","og_url":"https:\/\/juma.hr\/nl\/portefeuille\/","og_site_name":"Juma | Izgradnja i odr\u017eavanje bazena","article_modified_time":"2024-02-25T16:27:08+00:00","twitter_card":"summary_large_image","twitter_misc":{"Geschatte leestijd":"1 minuut"},"schema":{"@context":"https:\/\/schema.org","@graph":[{"@type":"WebPage","@id":"https:\/\/juma.hr\/portfolio\/","url":"https:\/\/juma.hr\/portfolio\/","name":"Projekti - Juma | Izgradnja i odr\u017eavanje bazena","isPartOf":{"@id":"https:\/\/juma.hr\/#website"},"datePublished":"2024-02-25T16:24:57+00:00","dateModified":"2024-02-25T16:27:08+00:00","breadcrumb":{"@id":"https:\/\/juma.hr\/portfolio\/#breadcrumb"},"inLanguage":"nl-NL","potentialAction":[{"@type":"ReadAction","target":["https:\/\/juma.hr\/portfolio\/"]}]},{"@type":"BreadcrumbList","@id":"https:\/\/juma.hr\/portfolio\/#breadcrumb","itemListElement":[{"@type":"ListItem","position":1,"name":"Home","item":"https:\/\/juma.hr\/"},{"@type":"ListItem","position":2,"name":"Projekti"}]},{"@type":"WebSite","@id":"https:\/\/juma.hr\/#website","url":"https:\/\/juma.hr\/","name":"Juma | Izgradnja i odr\u017eavanje bazena","description":"","potentialAction":[{"@type":"SearchAction","target":{"@type":"EntryPoint","urlTemplate":"https:\/\/juma.hr\/?s={search_term_string}"},"query-input":"required name=search_term_string"}],"inLanguage":"nl-NL"}]}},"_links":{"self":[{"href":"https:\/\/juma.hr\/nl\/wp-json\/wp\/v2\/pages\/4538","targetHints":{"allow":["GET"]}}],"collection":[{"href":"https:\/\/juma.hr\/nl\/wp-json\/wp\/v2\/pages"}],"about":[{"href":"https:\/\/juma.hr\/nl\/wp-json\/wp\/v2\/types\/page"}],"author":[{"embeddable":true,"href":"https:\/\/juma.hr\/nl\/wp-json\/wp\/v2\/users\/1"}],"replies":[{"embeddable":true,"href":"https:\/\/juma.hr\/nl\/wp-json\/wp\/v2\/comments?post=4538"}],"version-history":[{"count":5,"href":"https:\/\/juma.hr\/nl\/wp-json\/wp\/v2\/pages\/4538\/revisions"}],"predecessor-version":[{"id":4543,"href":"https:\/\/juma.hr\/nl\/wp-json\/wp\/v2\/pages\/4538\/revisions\/4543"}],"wp:attachment":[{"href":"https:\/\/juma.hr\/nl\/wp-json\/wp\/v2\/media?parent=4538"}],"curies":[{"name":"wp","href":"https:\/\/api.w.org\/{rel}","templated":true}]}}