{"id":3740,"date":"2024-01-25T22:11:37","date_gmt":"2024-01-25T22:11:37","guid":{"rendered":"https:\/\/juma.hr\/?page_id=3740"},"modified":"2024-03-16T18:18:34","modified_gmt":"2024-03-16T18:18:34","slug":"odrzavanje-bazena","status":"publish","type":"page","link":"https:\/\/juma.hr\/fi\/altaan-huolto\/","title":{"rendered":"Altaan huolto"},"content":{"rendered":"<div data-elementor-type=\"wp-page\" data-elementor-id=\"3740\" class=\"elementor elementor-3740\" data-elementor-post-type=\"page\">\n\t\t\t\t\t\t\t<div class=\"elementor-element elementor-element-0e883f5 e-con-full e-flex e-con e-parent\" data-id=\"0e883f5\" data-element_type=\"container\" data-settings=\"{&quot;content_width&quot;:&quot;full&quot;}\" data-core-v316-plus=\"true\">\n\t\t\t\t<div class=\"elementor-element elementor-element-c8c7332 elementor-widget elementor-widget-heading\" data-id=\"c8c7332\" data-element_type=\"widget\" data-widget_type=\"heading.default\">\n\t\t\t\t<div class=\"elementor-widget-container\">\n\t\t\t<style>\/*! elementor - v3.18.0 - 20-12-2023 *\/\n.elementor-heading-title{padding:0;margin:0;line-height:1}.elementor-widget-heading .elementor-heading-title[class*=elementor-size-]>a{color:inherit;font-size:inherit;line-height:inherit}.elementor-widget-heading .elementor-heading-title.elementor-size-small{font-size:15px}.elementor-widget-heading .elementor-heading-title.elementor-size-medium{font-size:19px}.elementor-widget-heading .elementor-heading-title.elementor-size-large{font-size:29px}.elementor-widget-heading .elementor-heading-title.elementor-size-xl{font-size:39px}.elementor-widget-heading .elementor-heading-title.elementor-size-xxl{font-size:59px}<\/style><h1 class=\"elementor-heading-title elementor-size-xxl\">Altaan huolto<\/h1>\t\t<\/div>\n\t\t\t\t<\/div>\n\t\t\t\t<\/div>\n\t\t\t\t<section class=\"elementor-section elementor-top-section elementor-element elementor-element-57223bb elementor-section-full_width elementor-section-height-default elementor-section-height-default\" data-id=\"57223bb\" data-element_type=\"section\">\n\t\t\t\t\t\t<div class=\"elementor-container elementor-column-gap-no\">\n\t\t\t\t\t<div class=\"elementor-column elementor-col-100 elementor-top-column elementor-element elementor-element-041d56f\" data-id=\"041d56f\" data-element_type=\"column\">\n\t\t\t<div class=\"elementor-widget-wrap elementor-element-populated\">\n\t\t\t\t\t\t\t\t<div class=\"elementor-element elementor-element-9239e98 elementor-widget elementor-widget-text-editor\" data-id=\"9239e98\" data-element_type=\"widget\" data-widget_type=\"text-editor.default\">\n\t\t\t\t<div class=\"elementor-widget-container\">\n\t\t\t<style>\/*! elementor - v3.18.0 - 20-12-2023 *\/\n.elementor-widget-text-editor.elementor-drop-cap-view-stacked .elementor-drop-cap{background-color:#69727d;color:#fff}.elementor-widget-text-editor.elementor-drop-cap-view-framed .elementor-drop-cap{color:#69727d;border:3px solid;background-color:transparent}.elementor-widget-text-editor:not(.elementor-drop-cap-view-default) .elementor-drop-cap{margin-top:8px}.elementor-widget-text-editor:not(.elementor-drop-cap-view-default) .elementor-drop-cap-letter{width:1em;height:1em}.elementor-widget-text-editor .elementor-drop-cap{float:left;text-align:center;line-height:1;font-size:50px}.elementor-widget-text-editor .elementor-drop-cap-letter{display:inline-block}<\/style>\t\t\t\t<p>Betonialtaiden rakentamiseen ja kunnossapitoon erikoistuneena yrityksen\u00e4 tarjoamme kokonaisvaltaisen palvelun, joka t\u00e4ytt\u00e4\u00e4 kaikki toiveesi. <br \/><br \/><b>J\u00e4rjest\u00e4 s\u00e4\u00e4nn\u00f6llinen ja kausihuolto tai vain ajoita konehuoneen tekninen tarkastus.<\/b><\/p>\t\t\t\t\t\t<\/div>\n\t\t\t\t<\/div>\n\t\t\t\t<div class=\"elementor-element elementor-element-8a74fe3 non-clickable elementor-widget elementor-widget-pool_our_service\" data-id=\"8a74fe3\" data-element_type=\"widget\" data-widget_type=\"pool_our_service.default\">\n\t\t\t\t<div class=\"elementor-widget-container\">\n\t\t\t\t\t\t<div class=\"section-indent\">\n\t\t\t\t<div class=\"container\">\n\t\t\t\t\t<div class=\"blocktitle blocktitle__center blocktitle__maxwidth-03\">\n\t\t\t\t\t\t<div class=\"blocktitle__subtitle\"><\/div>\n\t\t\t\t\t\t<div class=\"blocktitle__title\"><\/div>\n\t\t\t\t\t<\/div>\n\t\t\t\t\t<div class=\"tt-services__wrapper\">\n\t\t\t\t\t\t<div class=\"swiper-container\" data-carousel=\"swiper\" data-space-between=\"0\" data-auto-height=\"false\" data-slides-xl=\"3\" data-slides-lg=\"3\" data-slides-md=\"2\" data-slides-sm=\"1\">\n\t\t\t\t\t\t\t<div class=\"swiper-wrapper\">\n\t\t\t\t\t\t\t\t\t\t\t\t\t\t\t\t\t<div class=\"swiper-slide\">\n\t\t\t\t\t\t\t\t\t\t<a href=\"\"   class=\"tt-services\">\n\t\t\t\t\t\t\t\t\t\t\t<div class=\"tt-services__icon\">\n\t\t\t\t\t\t\t\t\t\t\t\t<i aria-hidden=\"true\" class=\"icon-780833\"><\/i>\t\t\t\t\t\t\t\t\t\t\t<\/div>\n\t\t\t\t\t\t\t\t\t\t\t<div class=\"tt-services__title\">Tasapainottavat kemikaalit<\/div>\n\t\t\t\t\t\t\t\t\t\t\t<p>Varmista altaan puhtaus tarkalla vedenlaadun hallinnassamme: ihanteellinen pH, puhdas vesi, ei levi\u00e4. Puhtaus ja turvallisuus ilman kompromisseja.<\/p>\n\t\t\t\t\t\t\t\t\t\t<\/a>\n\t\t\t\t\t\t\t\t\t<\/div>\n\t\t\t\t\t\t\t\t\t\t\t\t\t\t\t\t\t\t<div class=\"swiper-slide\">\n\t\t\t\t\t\t\t\t\t\t<a href=\"\"   class=\"tt-services tt-services__color02\">\n\t\t\t\t\t\t\t\t\t\t\t<div class=\"tt-services__icon\">\n\t\t\t\t\t\t\t\t\t\t\t\t<i aria-hidden=\"true\" class=\"icon-wrench-and-screwdriver-crossed\"><\/i>\t\t\t\t\t\t\t\t\t\t\t<\/div>\n\t\t\t\t\t\t\t\t\t\t\t<div class=\"tt-services__title\">Tekninen allashuolto<\/div>\n\t\t\t\t\t\t\t\t\t\t\t<p>Pid\u00e4 uima-allas toimivana: tarkkaa huoltoa pumpusta, keruimesta, l\u00e4mmittimest\u00e4 valoihin. Virheet\u00f6n toiminta, turvallisuus taattu.\n<\/p>\n\t\t\t\t\t\t\t\t\t\t<\/a>\n\t\t\t\t\t\t\t\t\t<\/div>\n\t\t\t\t\t\t\t\t\t\t\t\t\t\t\t\t\t\t<div class=\"swiper-slide\">\n\t\t\t\t\t\t\t\t\t\t<a href=\"\"   class=\"tt-services\">\n\t\t\t\t\t\t\t\t\t\t\t<div class=\"tt-services__icon\">\n\t\t\t\t\t\t\t\t\t\t\t\t<i aria-hidden=\"true\" class=\"icon-787888\"><\/i>\t\t\t\t\t\t\t\t\t\t\t<\/div>\n\t\t\t\t\t\t\t\t\t\t\t<div class=\"tt-services__title\">Uima-altaan kausihuolto<\/div>\n\t\t\t\t\t\t\t\t\t\t\t<p>Talvipuhdistuksesta kes\u00e4n loistoon varmistamme, ett\u00e4 uima-allas on aina valmis, puhdas ja turvallinen. S\u00e4\u00e4olosuhteista riippumatta palvelumme takaa rauhan ja toimivuuden.<\/p>\n\t\t\t\t\t\t\t\t\t\t<\/a>\n\t\t\t\t\t\t\t\t\t<\/div>\n\t\t\t\t\t\t\t\t\t\t\t\t\t\t\t\t<\/div>\n\t\t\t\t\t\t\t<div class=\"swiper-pagination  swiper-pagination__center\"><\/div>\n\t\t\t\t\t\t<\/div>\n\t\t\t\t\t<\/div>\n\t\t\t\t<\/div>\n\t\t\t<\/div>\n\t\t\t\t\t<\/div>\n\t\t\t\t<\/div>\n\t\t\t\t\t<\/div>\n\t\t<\/div>\n\t\t\t\t\t\t\t<\/div>\n\t\t<\/section>\n\t\t<div class=\"elementor-element elementor-element-360a41a e-con-full e-flex e-con e-parent\" data-id=\"360a41a\" data-element_type=\"container\" data-settings=\"{&quot;content_width&quot;:&quot;full&quot;}\" data-core-v316-plus=\"true\">\n\t\t\t\t<div class=\"elementor-element elementor-element-f111523 elementor-widget elementor-widget-heading\" data-id=\"f111523\" data-element_type=\"widget\" data-widget_type=\"heading.default\">\n\t\t\t\t<div class=\"elementor-widget-container\">\n\t\t\t<h2 class=\"elementor-heading-title elementor-size-xl\">Haluatko vain nauttia itsest\u00e4si? Altaan huolto ilman ty\u00f6t\u00e4:<\/h2>\t\t<\/div>\n\t\t\t\t<\/div>\n\t\t\t\t<div class=\"elementor-element elementor-element-2c3687d elementor-widget elementor-widget-text-editor\" data-id=\"2c3687d\" data-element_type=\"widget\" data-widget_type=\"text-editor.default\">\n\t\t\t\t<div class=\"elementor-widget-container\">\n\t\t\t\t\t\t\t<p>Missiomme on varmistaa, ett\u00e4 uima-allas pysyy t\u00e4ydellisen puhtaana, turvallisena ja aina valmiina nautittavaksi. Ammattitaitoisten huoltopalveluidemme ansiosta altaan ei tarvitse olla vain uintipaikka, vaan rauhan ja rentoutumisen keidas pihallasi.<\/p><h3>Ammattimainen puhdistus ja huolto<\/h3><h4>Puhtaus ilman kompromisseja<\/h4><p>Palveluihimme kuuluvat altaan pohjan perusteellinen imurointi, seinien puhdistus ja kaiken kelluvan roskan poisto. S\u00e4\u00e4nn\u00f6llisen huollon ansiosta uima-allas ei vain n\u00e4yt\u00e4 t\u00e4ydelliselt\u00e4, vaan se on my\u00f6s terveellisempi paikka, josta voit nauttia.<\/p><h4>Suodatusj\u00e4rjestelm\u00e4 ennen kaikkea<\/h4><p>Tied\u00e4mme, kuinka t\u00e4rke\u00e4\u00e4 suodatusj\u00e4rjestelm\u00e4n oikea toiminta on veden puhtauden s\u00e4ilytt\u00e4miseksi. Asiantuntijamme tarkistavat ja puhdistavat s\u00e4\u00e4nn\u00f6llisesti suodattimet, suodattimet ja suihkut varmistaakseen, ett\u00e4 uima-allas toimii aina moitteettomasti.<\/p><h3>Kemiallisen tasapainotuksen asiantuntemus<\/h3><h4>T\u00e4ydellinen kemiallinen tasapaino<\/h4><p>Ei ole mik\u00e4\u00e4n salaisuus, ett\u00e4 asianmukainen kemiallinen tasapainotus on avain terveelle allasvedelle. Tiimimme k\u00e4ytt\u00e4\u00e4 edistyneit\u00e4 tekniikoita pH:n mittaamiseen ja s\u00e4\u00e4t\u00e4miseen <br \/>arvot, veden em\u00e4ksisyys ja kovuus, mik\u00e4 takaa, ett\u00e4 olosuhteet ovat aina ihanteelliset.<\/p><p>\u00a0<\/p><h3>Tekninen huippuosaaminen<\/h3><h4>Ei varusteista huolta<\/h4><p>Pumpuista valaisimiin tekninen palvelumme kattaa kaiken. S\u00e4\u00e4nn\u00f6lliset tarkastukset ja huolto varmistavat, ett\u00e4 uima-allassi kaikki osat toimivat tehokkaasti, mik\u00e4 s\u00e4\u00e4st\u00e4\u00e4 aikaa ja rahaa pitk\u00e4ll\u00e4 aikav\u00e4lill\u00e4.<\/p><p>\u00a0<\/p><h3>Innovaatioita, jotka s\u00e4\u00e4st\u00e4v\u00e4t<\/h3><h4>V\u00e4henn\u00e4 kustannuksia, ei laatua<\/h4><p>S\u00e4\u00e4st\u00f6vinkkiemme, kuten pumpun toiminnan optimointi ja l\u00e4mmittimen tehokas k\u00e4ytt\u00f6, avulla altaasi ei ole vain puhdas ja turvallinen, vaan my\u00f6s taloudellisempi. L\u00e4hestymistapamme tarkoittaa v\u00e4hemm\u00e4n energia- ja kemikaalikustannuksia laadusta tinkim\u00e4tt\u00e4.<\/p><p>\u00a0<\/p><h3>Uima-altaan yll\u00e4pidon tulevaisuus<\/h3><h4>Tekniikka puolellasi<\/h4><p>Esittelemme uusimmat teknologiat uima-altaiden kunnossapidossa vesielektrolyysist\u00e4 automaattisiin puhdistusaineisiin. Ratkaisumme asettavat alalla uudet standardit tehden yll\u00e4pidosta yksinkertaisempaa ja tehokkaampaa.<\/p><p>\u00a0<\/p><h3>Lupauksemme sinulle<\/h3><p>Altaan kunnossapidon asiantuntijatiimimme on sitoutunut varmistamaan, ett\u00e4 uima-allas n\u00e4ytt\u00e4\u00e4 ja tuntuu aina uudelta. S\u00e4\u00e4nn\u00f6llisest\u00e4 siivouksesta edistyneisiin teknologisiin ratkaisuihin palvelumme on kattavaa, ammattimaista ja tarpeidesi mukaan r\u00e4\u00e4t\u00e4l\u00f6ity\u00e4. Anna meid\u00e4n huolehtia uima-altaasi kunnossapidosta, jotta voit nauttia siit\u00e4 huoletta.<\/p><p>Ota yhteytt\u00e4 jo t\u00e4n\u00e4\u00e4n ja katso, kuinka palvelumme voi muuttaa uima-allaskokemuksesi ja tehd\u00e4 siit\u00e4 kauniimman, turvallisemman ja nautinnollisemman kuin koskaan ennen.<\/p><p>Lue lis\u00e4\u00e4 <a href=\"https:\/\/juma.hr\/fi\/uima-altaan-kunnossapito-kaikki-mita-sinun-tarvitsee-tietaa\/\" data-wplink-edit=\"true\"><span style=\"text-decoration: underline;\"><em><strong>tiedot altaan kunnossapidosta.<\/strong><\/em><\/span><\/a><\/p>\t\t\t\t\t\t<\/div>\n\t\t\t\t<\/div>\n\t\t\t\t<\/div>\n\t\t\t\t<section class=\"elementor-section elementor-top-section elementor-element elementor-element-7f4ed76 elementor-section-full_width elementor-section-height-default elementor-section-height-default\" data-id=\"7f4ed76\" data-element_type=\"section\">\n\t\t\t\t\t\t<div class=\"elementor-container elementor-column-gap-no\">\n\t\t\t\t\t<div class=\"elementor-column elementor-col-100 elementor-top-column elementor-element elementor-element-1f7c9b0\" data-id=\"1f7c9b0\" data-element_type=\"column\">\n\t\t\t<div class=\"elementor-widget-wrap elementor-element-populated\">\n\t\t\t\t\t\t\t\t<div class=\"elementor-element elementor-element-35c244a elementor-widget elementor-widget-pool_services_home_contact\" data-id=\"35c244a\" data-element_type=\"widget\" data-widget_type=\"pool_services_home_contact.default\">\n\t\t\t\t<div class=\"elementor-widget-container\">\n\t\t\t\t\t<div class=\"section-indent\">\n\t\t\t<div class=\"tt-bg bg-index-03 lazyload\" data-bg=\"https:\/\/juma.hr\/wp-content\/uploads\/2021\/08\/bg-index-03.png\"><\/div>\n\t\t\t<div class=\"container tt-position__relative\">\n\t\t\t\t<div class=\"row align-items-center\">\n\t\t\t\t\t<div class=\"col-md-6\">\n\t\t\t\t\t\t<div class=\"box-info03__wrapper\">\n\t\t\t\t\t\t\t<div class=\"row\">\n\t\t\t\t\t\t\t\t<div class=\"col-sm-6\">\n\t\t\t\t\t\t\t\t\t\t\t\t\t\t\t\t\t\t\t<div class=\"box-info03\">\n\t\t\t\t\t\t\t\t\t\t\t<div class=\"box-info03__icon\"><span>100+<\/span><\/div>\n\t\t\t\t\t\t\t\t\t\t\t<div class=\"box-info03__title\">Rakennetut uima-altaat<\/div>\n\t\t\t\t\t\t\t\t\t\t\t\t\t\t\t\t\t\t\t\t\t<\/div>\n\t\t\t\t\t\t\t\t\t\t\t\t\t\t\t\t\t\t\t\t<div class=\"box-info03\">\n\t\t\t\t\t\t\t\t\t\t\t<div class=\"box-info03__icon\"><span>40+<\/span><\/div>\n\t\t\t\t\t\t\t\t\t\t\t<div class=\"box-info03__title\">Sopimushuolto<\/div>\n\t\t\t\t\t\t\t\t\t\t\t\t\t\t\t\t\t\t\t\t\t<\/div>\n\t\t\t\t\t\t\t\t\t\t\t\t\t\t\t\t\t\t<\/div>\n\t\t\t\t\t\t\t\t<div class=\"col-sm-6\">\n\t\t\t\t\t\t\t\t\t\t\t\t\t\t\t\t\t\t\t\t<div class=\"box-info03\">\n\t\t\t\t\t\t\t\t\t\t\t\t<div class=\"box-info03__icon\"><span>10+<\/span><\/div>\n\t\t\t\t\t\t\t\t\t\t\t\t<div class=\"box-info03__title\">Ty\u00f6ntekij\u00e4t<\/div>\n\t\t\t\t\t\t\t\t\t\t\t\t\t\t\t\t\t\t\t\t\t\t\t<\/div>\n\t\t\t\t\t\t\t\t\t\t\t\t\t\t\t\t\t\t\t\t\t\t<div class=\"box-info03\">\n\t\t\t\t\t\t\t\t\t\t\t\t<div class=\"box-info03__icon\"><span>20+<\/span><\/div>\n\t\t\t\t\t\t\t\t\t\t\t\t<div class=\"box-info03__title\">Tyytyv\u00e4iset yhteisty\u00f6kumppanit<\/div>\n\t\t\t\t\t\t\t\t\t\t\t\t\t\t\t\t\t\t\t\t\t\t\t<\/div>\n\t\t\t\t\t\t\t\t\t\t\t\t\t\t\t\t\t\t\t<\/div>\n\t\t\t\t\t\t\t<\/div>\n\t\t\t\t\t\t<\/div>\n\t\t\t\t\t<\/div>\n\t\t\t\t\t<div class=\"divider-size-md tt-visible__mobile\"><\/div>\n\t\t\t\t\t<div class=\"col-md-6\">\n\t\t\t\t\t\t<div class=\"tt-box-wrapper01\">\n\t\t\t\t\t\t\t<div class=\"blocktitle\">\n\t\t\t\t\t\t\t\t<div class=\"blocktitle__title\">Ota yhteytt\u00e4<\/div>\n\t\t\t\t\t\t\t<\/div>\n\t\t\t\t\t\t\t\n<div class=\"wpcf7 no-js\" id=\"wpcf7-f3692-o1\" lang=\"en-US\" dir=\"ltr\">\n<div class=\"screen-reader-response\"><p role=\"status\" aria-live=\"polite\" aria-atomic=\"true\"><\/p> <ul><\/ul><\/div>\n<form action=\"\/fi\/wp-json\/wp\/v2\/pages\/3740#wpcf7-f3692-o1\" method=\"post\" class=\"wpcf7-form init\" aria-label=\"Yhteydenottolomake\" novalidate=\"novalidate\" data-status=\"init\" data-trp-original-action=\"\/fi\/wp-json\/wp\/v2\/pages\/3740#wpcf7-f3692-o1\">\n<div style=\"display: none;\">\n<input type=\"hidden\" name=\"_wpcf7\" value=\"3692\" \/>\n<input type=\"hidden\" name=\"_wpcf7_version\" value=\"5.8.6\" \/>\n<input type=\"hidden\" name=\"_wpcf7_locale\" value=\"en_US\" \/>\n<input type=\"hidden\" name=\"_wpcf7_unit_tag\" value=\"wpcf7-f3692-o1\" \/>\n<input type=\"hidden\" name=\"_wpcf7_container_post\" value=\"0\" \/>\n<input type=\"hidden\" name=\"_wpcf7_posted_data_hash\" value=\"\" \/>\n<\/div>\n<div class=\"tt-form\">\n\t<div class=\"tt-form__group\">\n\t\t<p><span class=\"wpcf7-form-control-wrap\" data-name=\"your-name\"><input size=\"40\" class=\"wpcf7-form-control wpcf7-text tt-form__control\" aria-invalid=\"false\" value=\"Va\u0161e puno ime\" type=\"text\" name=\"your-name\" \/><\/span>\n\t\t<\/p>\n\t<\/div>\n\t<div class=\"row\">\n\t\t<div class=\"col-lg-6\">\n\t\t\t<div class=\"tt-form__group\">\n\t\t\t\t<p><span class=\"wpcf7-form-control-wrap\" data-name=\"your-email\"><input size=\"40\" class=\"wpcf7-form-control wpcf7-email wpcf7-text wpcf7-validates-as-email tt-form__control\" aria-invalid=\"false\" placeholder=\"S\u00e4hk\u00f6posti\" value=\"\" type=\"email\" name=\"your-email\" \/><\/span>\n\t\t\t\t<\/p>\n\t\t\t<\/div>\n\t\t<\/div>\n\t\t<div class=\"col-lg-6\">\n\t\t\t<div class=\"tt-form__group\">\n\t\t\t\t<p><span class=\"wpcf7-form-control-wrap\" data-name=\"phonenumber\"><input size=\"40\" class=\"wpcf7-form-control wpcf7-text tt-form__control\" aria-invalid=\"false\" placeholder=\"Puhelin\" value=\"\" type=\"text\" name=\"phonenumber\" \/><\/span>\n\t\t\t\t<\/p>\n\t\t\t<\/div>\n\t\t<\/div>\n\t\t<div class=\"tt-form__group\">\n\t\t\t<div class=\"custom-select\">\n\t\t\t\t<p><span class=\"wpcf7-form-control-wrap\" data-name=\"services\"><select class=\"wpcf7-form-control wpcf7-select\" aria-invalid=\"false\" name=\"services\"><option value=\"Projektiranje i izgradnja bazena\">Uima-altaiden suunnittelu ja rakentaminen<\/option><option value=\"Odr\u017eavanje bazena\">Altaan huolto<\/option><option value=\"Konzultacije\">Konsultaatiot<\/option><option value=\"Partnerstvo\">Kumppanuus<\/option><\/select><\/span>\n\t\t\t\t<\/p>\n\t\t\t<\/div>\n\t\t<\/div>\n\t\t<div class=\"tt-form__group\">\n\t\t\t<p><span class=\"wpcf7-form-control-wrap\" data-name=\"your-message\"><textarea cols=\"40\" rows=\"10\" class=\"wpcf7-form-control wpcf7-textarea tt-form__control\" aria-invalid=\"false\" placeholder=\"Lis\u00e4tiedot...\" name=\"your-message\"><\/textarea><\/span>\n\t\t\t<\/p>\n\t\t<\/div>\n\t\t<div class=\"tt-form__btn\">\n\t\t\t<p><button type=\"submit\" class=\"tt-btn tt-btn02 wpcf7-form-control wpcf7-submit\"><span class=\"tt-btn__text\" data-effect=\"Po\u0161alji upit\">L\u00e4het\u00e4 pyynt\u00f6<\/span><span class=\"tt-btn__icon icon-142042\"><\/span><\/button>\n\t\t\t<\/p>\n\t\t<\/div>\n\t<\/div>\n<\/div><div class=\"wpcf7-response-output\" aria-hidden=\"true\"><\/div>\n<input type=\"hidden\" name=\"trp-form-language\" value=\"fi\"\/><\/form>\n<\/div>\n\t\t\t\t\t\t<\/div>\n\t\t\t\t\t<\/div>\n\t\t\t\t<\/div>\n\t\t\t<\/div>\n\t\t<\/div>\n\t\t\t\t<\/div>\n\t\t\t\t<\/div>\n\t\t\t\t\t<\/div>\n\t\t<\/div>\n\t\t\t\t\t\t\t<\/div>\n\t\t<\/section>\n\t\t\t\t\t\t\t<\/div>","protected":false},"excerpt":{"rendered":"<p>Allashuolto Betonialtaiden rakentamiseen ja kunnossapitoon erikoistuneena yrityksen\u00e4 tarjoamme kokonaisvaltaisen palvelun, joka t\u00e4ytt\u00e4\u00e4 kaikki toiveesi. J\u00e4rjest\u00e4 s\u00e4\u00e4nn\u00f6llinen ja kausihuolto tai vain ajoita konehuoneen tekninen tarkastus. Tasapainottavat kemikaalit Varmista altaan puhtaus tarkalla vedenlaadun hallinnassamme: ihanteellinen pH, puhdas vesi, ei levi\u00e4. Puhtaus ja turvallisuus ilman kompromisseja. Tekninen allashuolto [...]<\/p>","protected":false},"author":1,"featured_media":0,"parent":0,"menu_order":0,"comment_status":"closed","ping_status":"closed","template":"","meta":{"footnotes":""},"class_list":["post-3740","page","type-page","status-publish","hentry"],"yoast_head":"<!-- This site is optimized with the Yoast SEO plugin v21.8 - https:\/\/yoast.com\/wordpress\/plugins\/seo\/ -->\n<title>Odr\u017eavanje bazena\u200b | Skimmerski i preljevni bazen<\/title>\n<meta name=\"description\" content=\"Juma d.o.o. je tvrtka specijalizirana za izgradnju i odr\u017eavanje betonskih bazena. U na\u0161oj ponudi nalaze se skimmerski bazeni, preljevni bazeni i masa\u017ene kade. Uspje\u0161no smo realizirali vi\u0161e od 100 projekata!\" \/>\n<meta name=\"robots\" content=\"index, follow, max-snippet:-1, max-image-preview:large, max-video-preview:-1\" \/>\n<link rel=\"canonical\" href=\"https:\/\/juma.hr\/fi\/altaan-huolto\/\" \/>\n<meta property=\"og:locale\" content=\"fi_FI\" \/>\n<meta property=\"og:type\" content=\"article\" \/>\n<meta property=\"og:title\" content=\"Odr\u017eavanje bazena\u200b | Skimmerski i preljevni bazen\" \/>\n<meta property=\"og:description\" content=\"Juma d.o.o. je tvrtka specijalizirana za izgradnju i odr\u017eavanje betonskih bazena. U na\u0161oj ponudi nalaze se skimmerski bazeni, preljevni bazeni i masa\u017ene kade. Uspje\u0161no smo realizirali vi\u0161e od 100 projekata!\" \/>\n<meta property=\"og:url\" content=\"https:\/\/juma.hr\/fi\/altaan-huolto\/\" \/>\n<meta property=\"og:site_name\" content=\"Juma | Izgradnja i odr\u017eavanje bazena\" \/>\n<meta property=\"article:modified_time\" content=\"2024-03-16T18:18:34+00:00\" \/>\n<meta name=\"twitter:card\" content=\"summary_large_image\" \/>\n<meta name=\"twitter:label1\" content=\"Arvioitu lukuaika\" \/>\n\t<meta name=\"twitter:data1\" content=\"3 minuuttia\" \/>\n<script type=\"application\/ld+json\" class=\"yoast-schema-graph\">{\"@context\":\"https:\/\/schema.org\",\"@graph\":[{\"@type\":\"WebPage\",\"@id\":\"https:\/\/juma.hr\/odrzavanje-bazena\/\",\"url\":\"https:\/\/juma.hr\/odrzavanje-bazena\/\",\"name\":\"Odr\u017eavanje bazena\u200b | Skimmerski i preljevni bazen\",\"isPartOf\":{\"@id\":\"https:\/\/juma.hr\/#website\"},\"datePublished\":\"2024-01-25T22:11:37+00:00\",\"dateModified\":\"2024-03-16T18:18:34+00:00\",\"description\":\"Juma d.o.o. je tvrtka specijalizirana za izgradnju i odr\u017eavanje betonskih bazena. U na\u0161oj ponudi nalaze se skimmerski bazeni, preljevni bazeni i masa\u017ene kade. Uspje\u0161no smo realizirali vi\u0161e od 100 projekata!\",\"breadcrumb\":{\"@id\":\"https:\/\/juma.hr\/odrzavanje-bazena\/#breadcrumb\"},\"inLanguage\":\"fi\",\"potentialAction\":[{\"@type\":\"ReadAction\",\"target\":[\"https:\/\/juma.hr\/odrzavanje-bazena\/\"]}]},{\"@type\":\"BreadcrumbList\",\"@id\":\"https:\/\/juma.hr\/odrzavanje-bazena\/#breadcrumb\",\"itemListElement\":[{\"@type\":\"ListItem\",\"position\":1,\"name\":\"Home\",\"item\":\"https:\/\/juma.hr\/\"},{\"@type\":\"ListItem\",\"position\":2,\"name\":\"Odr\u017eavanje bazena\"}]},{\"@type\":\"WebSite\",\"@id\":\"https:\/\/juma.hr\/#website\",\"url\":\"https:\/\/juma.hr\/\",\"name\":\"Juma | Izgradnja i odr\u017eavanje bazena\",\"description\":\"\",\"potentialAction\":[{\"@type\":\"SearchAction\",\"target\":{\"@type\":\"EntryPoint\",\"urlTemplate\":\"https:\/\/juma.hr\/?s={search_term_string}\"},\"query-input\":\"required name=search_term_string\"}],\"inLanguage\":\"fi\"}]}<\/script>\n<!-- \/ Yoast SEO plugin. -->","yoast_head_json":{"title":"Odr\u017eavanje bazena\u200b | Skimmerski i preljevni bazen","description":"Juma d.o.o. je tvrtka specijalizirana za izgradnju i odr\u017eavanje betonskih bazena. U na\u0161oj ponudi nalaze se skimmerski bazeni, preljevni bazeni i masa\u017ene kade. Uspje\u0161no smo realizirali vi\u0161e od 100 projekata!","robots":{"index":"index","follow":"follow","max-snippet":"max-snippet:-1","max-image-preview":"max-image-preview:large","max-video-preview":"max-video-preview:-1"},"canonical":"https:\/\/juma.hr\/fi\/altaan-huolto\/","og_locale":"fi_FI","og_type":"article","og_title":"Odr\u017eavanje bazena\u200b | Skimmerski i preljevni bazen","og_description":"Juma d.o.o. je tvrtka specijalizirana za izgradnju i odr\u017eavanje betonskih bazena. U na\u0161oj ponudi nalaze se skimmerski bazeni, preljevni bazeni i masa\u017ene kade. Uspje\u0161no smo realizirali vi\u0161e od 100 projekata!","og_url":"https:\/\/juma.hr\/fi\/altaan-huolto\/","og_site_name":"Juma | Izgradnja i odr\u017eavanje bazena","article_modified_time":"2024-03-16T18:18:34+00:00","twitter_card":"summary_large_image","twitter_misc":{"Arvioitu lukuaika":"3 minuuttia"},"schema":{"@context":"https:\/\/schema.org","@graph":[{"@type":"WebPage","@id":"https:\/\/juma.hr\/odrzavanje-bazena\/","url":"https:\/\/juma.hr\/odrzavanje-bazena\/","name":"Odr\u017eavanje bazena\u200b | Skimmerski i preljevni bazen","isPartOf":{"@id":"https:\/\/juma.hr\/#website"},"datePublished":"2024-01-25T22:11:37+00:00","dateModified":"2024-03-16T18:18:34+00:00","description":"Juma d.o.o. je tvrtka specijalizirana za izgradnju i odr\u017eavanje betonskih bazena. U na\u0161oj ponudi nalaze se skimmerski bazeni, preljevni bazeni i masa\u017ene kade. Uspje\u0161no smo realizirali vi\u0161e od 100 projekata!","breadcrumb":{"@id":"https:\/\/juma.hr\/odrzavanje-bazena\/#breadcrumb"},"inLanguage":"fi","potentialAction":[{"@type":"ReadAction","target":["https:\/\/juma.hr\/odrzavanje-bazena\/"]}]},{"@type":"BreadcrumbList","@id":"https:\/\/juma.hr\/odrzavanje-bazena\/#breadcrumb","itemListElement":[{"@type":"ListItem","position":1,"name":"Home","item":"https:\/\/juma.hr\/"},{"@type":"ListItem","position":2,"name":"Odr\u017eavanje bazena"}]},{"@type":"WebSite","@id":"https:\/\/juma.hr\/#website","url":"https:\/\/juma.hr\/","name":"Juma | Izgradnja i odr\u017eavanje bazena","description":"","potentialAction":[{"@type":"SearchAction","target":{"@type":"EntryPoint","urlTemplate":"https:\/\/juma.hr\/?s={search_term_string}"},"query-input":"required name=search_term_string"}],"inLanguage":"fi"}]}},"_links":{"self":[{"href":"https:\/\/juma.hr\/fi\/wp-json\/wp\/v2\/pages\/3740","targetHints":{"allow":["GET"]}}],"collection":[{"href":"https:\/\/juma.hr\/fi\/wp-json\/wp\/v2\/pages"}],"about":[{"href":"https:\/\/juma.hr\/fi\/wp-json\/wp\/v2\/types\/page"}],"author":[{"embeddable":true,"href":"https:\/\/juma.hr\/fi\/wp-json\/wp\/v2\/users\/1"}],"replies":[{"embeddable":true,"href":"https:\/\/juma.hr\/fi\/wp-json\/wp\/v2\/comments?post=3740"}],"version-history":[{"count":94,"href":"https:\/\/juma.hr\/fi\/wp-json\/wp\/v2\/pages\/3740\/revisions"}],"predecessor-version":[{"id":4638,"href":"https:\/\/juma.hr\/fi\/wp-json\/wp\/v2\/pages\/3740\/revisions\/4638"}],"wp:attachment":[{"href":"https:\/\/juma.hr\/fi\/wp-json\/wp\/v2\/media?parent=3740"}],"curies":[{"name":"wp","href":"https:\/\/api.w.org\/{rel}","templated":true}]}}