{"id":3740,"date":"2024-01-25T22:11:37","date_gmt":"2024-01-25T22:11:37","guid":{"rendered":"https:\/\/juma.hr\/?page_id=3740"},"modified":"2024-03-16T18:18:34","modified_gmt":"2024-03-16T18:18:34","slug":"odrzavanje-bazena","status":"publish","type":"page","link":"https:\/\/juma.hr\/es\/mantenimiento-de-piscinas\/","title":{"rendered":"mantenimiento de piscinas"},"content":{"rendered":"<div data-elementor-type=\"wp-page\" data-elementor-id=\"3740\" class=\"elementor elementor-3740\" data-elementor-post-type=\"page\">\n\t\t\t\t\t\t\t<div class=\"elementor-element elementor-element-0e883f5 e-con-full e-flex e-con e-parent\" data-id=\"0e883f5\" data-element_type=\"container\" data-settings=\"{&quot;content_width&quot;:&quot;full&quot;}\" data-core-v316-plus=\"true\">\n\t\t\t\t<div class=\"elementor-element elementor-element-c8c7332 elementor-widget elementor-widget-heading\" data-id=\"c8c7332\" data-element_type=\"widget\" data-widget_type=\"heading.default\">\n\t\t\t\t<div class=\"elementor-widget-container\">\n\t\t\t<style>\/*! elementor - v3.18.0 - 20-12-2023 *\/\n.elementor-heading-title{padding:0;margin:0;line-height:1}.elementor-widget-heading .elementor-heading-title[class*=elementor-size-]>a{color:inherit;font-size:inherit;line-height:inherit}.elementor-widget-heading .elementor-heading-title.elementor-size-small{font-size:15px}.elementor-widget-heading .elementor-heading-title.elementor-size-medium{font-size:19px}.elementor-widget-heading .elementor-heading-title.elementor-size-large{font-size:29px}.elementor-widget-heading .elementor-heading-title.elementor-size-xl{font-size:39px}.elementor-widget-heading .elementor-heading-title.elementor-size-xxl{font-size:59px}<\/style><h1 class=\"elementor-heading-title elementor-size-xxl\">mantenimiento de piscinas<\/h1>\t\t<\/div>\n\t\t\t\t<\/div>\n\t\t\t\t<\/div>\n\t\t\t\t<section class=\"elementor-section elementor-top-section elementor-element elementor-element-57223bb elementor-section-full_width elementor-section-height-default elementor-section-height-default\" data-id=\"57223bb\" data-element_type=\"section\">\n\t\t\t\t\t\t<div class=\"elementor-container elementor-column-gap-no\">\n\t\t\t\t\t<div class=\"elementor-column elementor-col-100 elementor-top-column elementor-element elementor-element-041d56f\" data-id=\"041d56f\" data-element_type=\"column\">\n\t\t\t<div class=\"elementor-widget-wrap elementor-element-populated\">\n\t\t\t\t\t\t\t\t<div class=\"elementor-element elementor-element-9239e98 elementor-widget elementor-widget-text-editor\" data-id=\"9239e98\" data-element_type=\"widget\" data-widget_type=\"text-editor.default\">\n\t\t\t\t<div class=\"elementor-widget-container\">\n\t\t\t<style>\/*! elementor - v3.18.0 - 20-12-2023 *\/\n.elementor-widget-text-editor.elementor-drop-cap-view-stacked .elementor-drop-cap{background-color:#69727d;color:#fff}.elementor-widget-text-editor.elementor-drop-cap-view-framed .elementor-drop-cap{color:#69727d;border:3px solid;background-color:transparent}.elementor-widget-text-editor:not(.elementor-drop-cap-view-default) .elementor-drop-cap{margin-top:8px}.elementor-widget-text-editor:not(.elementor-drop-cap-view-default) .elementor-drop-cap-letter{width:1em;height:1em}.elementor-widget-text-editor .elementor-drop-cap{float:left;text-align:center;line-height:1;font-size:50px}.elementor-widget-text-editor .elementor-drop-cap-letter{display:inline-block}<\/style>\t\t\t\t<p>Como empresa especializada en la construcci\u00f3n y mantenimiento de piscinas de hormig\u00f3n, ofrecemos un servicio integral que cumple todos sus deseos. <br \/><br \/><b>Organice un mantenimiento regular y estacional o simplemente programe una inspecci\u00f3n t\u00e9cnica de la sala de m\u00e1quinas.<\/b><\/p>\t\t\t\t\t\t<\/div>\n\t\t\t\t<\/div>\n\t\t\t\t<div class=\"elementor-element elementor-element-8a74fe3 non-clickable elementor-widget elementor-widget-pool_our_service\" data-id=\"8a74fe3\" data-element_type=\"widget\" data-widget_type=\"pool_our_service.default\">\n\t\t\t\t<div class=\"elementor-widget-container\">\n\t\t\t\t\t\t<div class=\"section-indent\">\n\t\t\t\t<div class=\"container\">\n\t\t\t\t\t<div class=\"blocktitle blocktitle__center blocktitle__maxwidth-03\">\n\t\t\t\t\t\t<div class=\"blocktitle__subtitle\"><\/div>\n\t\t\t\t\t\t<div class=\"blocktitle__title\"><\/div>\n\t\t\t\t\t<\/div>\n\t\t\t\t\t<div class=\"tt-services__wrapper\">\n\t\t\t\t\t\t<div class=\"swiper-container\" data-carousel=\"swiper\" data-space-between=\"0\" data-auto-height=\"false\" data-slides-xl=\"3\" data-slides-lg=\"3\" data-slides-md=\"2\" data-slides-sm=\"1\">\n\t\t\t\t\t\t\t<div class=\"swiper-wrapper\">\n\t\t\t\t\t\t\t\t\t\t\t\t\t\t\t\t\t<div class=\"swiper-slide\">\n\t\t\t\t\t\t\t\t\t\t<a href=\"\"   class=\"tt-services\">\n\t\t\t\t\t\t\t\t\t\t\t<div class=\"tt-services__icon\">\n\t\t\t\t\t\t\t\t\t\t\t\t<i aria-hidden=\"true\" class=\"icon-780833\"><\/i>\t\t\t\t\t\t\t\t\t\t\t<\/div>\n\t\t\t\t\t\t\t\t\t\t\t<div class=\"tt-services__title\">Productos qu\u00edmicos de equilibrio<\/div>\n\t\t\t\t\t\t\t\t\t\t\t<p>Garantiza la limpieza de la piscina con nuestra precisa gesti\u00f3n de la calidad del agua: pH ideal, agua limpia, sin algas. Limpieza y seguridad, sin compromiso.<\/p>\n\t\t\t\t\t\t\t\t\t\t<\/a>\n\t\t\t\t\t\t\t\t\t<\/div>\n\t\t\t\t\t\t\t\t\t\t\t\t\t\t\t\t\t\t<div class=\"swiper-slide\">\n\t\t\t\t\t\t\t\t\t\t<a href=\"\"   class=\"tt-services tt-services__color02\">\n\t\t\t\t\t\t\t\t\t\t\t<div class=\"tt-services__icon\">\n\t\t\t\t\t\t\t\t\t\t\t\t<i aria-hidden=\"true\" class=\"icon-wrench-and-screwdriver-crossed\"><\/i>\t\t\t\t\t\t\t\t\t\t\t<\/div>\n\t\t\t\t\t\t\t\t\t\t\t<div class=\"tt-services__title\">Mantenimiento T\u00e9cnico de Piscinas<\/div>\n\t\t\t\t\t\t\t\t\t\t\t<p>Mantenga la piscina funcional: mantenimiento preciso desde la bomba, el skimmer, el calentador hasta las luces. Funcionamiento perfecto, seguridad garantizada.\n<\/p>\n\t\t\t\t\t\t\t\t\t\t<\/a>\n\t\t\t\t\t\t\t\t\t<\/div>\n\t\t\t\t\t\t\t\t\t\t\t\t\t\t\t\t\t\t<div class=\"swiper-slide\">\n\t\t\t\t\t\t\t\t\t\t<a href=\"\"   class=\"tt-services\">\n\t\t\t\t\t\t\t\t\t\t\t<div class=\"tt-services__icon\">\n\t\t\t\t\t\t\t\t\t\t\t\t<i aria-hidden=\"true\" class=\"icon-787888\"><\/i>\t\t\t\t\t\t\t\t\t\t\t<\/div>\n\t\t\t\t\t\t\t\t\t\t\t<div class=\"tt-services__title\">Mantenimiento de piscina estacional<\/div>\n\t\t\t\t\t\t\t\t\t\t\t<p>Desde la limpieza de invierno hasta el brillo del verano, nos aseguramos de que su piscina est\u00e9 siempre lista, limpia y segura. Independientemente de las condiciones clim\u00e1ticas, nuestro servicio garantiza tranquilidad y funcionalidad.<\/p>\n\t\t\t\t\t\t\t\t\t\t<\/a>\n\t\t\t\t\t\t\t\t\t<\/div>\n\t\t\t\t\t\t\t\t\t\t\t\t\t\t\t\t<\/div>\n\t\t\t\t\t\t\t<div class=\"swiper-pagination  swiper-pagination__center\"><\/div>\n\t\t\t\t\t\t<\/div>\n\t\t\t\t\t<\/div>\n\t\t\t\t<\/div>\n\t\t\t<\/div>\n\t\t\t\t\t<\/div>\n\t\t\t\t<\/div>\n\t\t\t\t\t<\/div>\n\t\t<\/div>\n\t\t\t\t\t\t\t<\/div>\n\t\t<\/section>\n\t\t<div class=\"elementor-element elementor-element-360a41a e-con-full e-flex e-con e-parent\" data-id=\"360a41a\" data-element_type=\"container\" data-settings=\"{&quot;content_width&quot;:&quot;full&quot;}\" data-core-v316-plus=\"true\">\n\t\t\t\t<div class=\"elementor-element elementor-element-f111523 elementor-widget elementor-widget-heading\" data-id=\"f111523\" data-element_type=\"widget\" data-widget_type=\"heading.default\">\n\t\t\t\t<div class=\"elementor-widget-container\">\n\t\t\t<h2 class=\"elementor-heading-title elementor-size-xl\">\u00bfSolo quieres divertirte? Mantenimiento de piscina sin obra:<\/h2>\t\t<\/div>\n\t\t\t\t<\/div>\n\t\t\t\t<div class=\"elementor-element elementor-element-2c3687d elementor-widget elementor-widget-text-editor\" data-id=\"2c3687d\" data-element_type=\"widget\" data-widget_type=\"text-editor.default\">\n\t\t\t\t<div class=\"elementor-widget-container\">\n\t\t\t\t\t\t\t<p>Nuestra misi\u00f3n es garantizar que su piscina permanezca perfectamente limpia, segura y lista para disfrutar en todo momento. Con nuestros servicios de mantenimiento profesionales, la piscina no tiene que ser s\u00f3lo un lugar para nadar, sino un oasis de paz y relajaci\u00f3n en su jard\u00edn.<\/p><h3>Limpieza y mantenimiento profesional<\/h3><h4>Pureza sin concesiones<\/h4><p>Nuestros servicios incluyen aspiraci\u00f3n exhaustiva del fondo de la piscina, limpieza de las paredes y eliminaci\u00f3n de todos los restos flotantes. Con nuestro mantenimiento regular, su piscina no s\u00f3lo lucir\u00e1 impecable, sino que tambi\u00e9n ser\u00e1 un lugar m\u00e1s saludable para disfrutar.<\/p><h4>El sistema de filtraci\u00f3n en primer lugar<\/h4><p>Sabemos lo importante que es el correcto funcionamiento del sistema de filtraci\u00f3n para preservar la pureza del agua. Nuestros expertos revisan y limpian peri\u00f3dicamente los filtros, skimmers y jets, asegur\u00e1ndose de que su piscina funcione siempre a la perfecci\u00f3n.<\/p><h3>Experiencia en equilibrio qu\u00edmico<\/h3><h4>Equilibrio qu\u00edmico perfecto<\/h4><p>No es ning\u00fan secreto que un equilibrio qu\u00edmico adecuado es clave para que el agua de la piscina sea saludable. Nuestro equipo utiliza t\u00e9cnicas avanzadas para medir y ajustar el pH. <br \/>valores, alcalinidad y dureza del agua, garantizando que las condiciones sean siempre ideales.<\/p><p>\u00a0<\/p><h3>Excelencia t\u00e9cnica<\/h3><h4>Sin preocupaciones por el equipo<\/h4><p>Desde bombas hasta luminarias, nuestro servicio t\u00e9cnico lo cubre todo. Las inspecciones y el mantenimiento peri\u00f3dicos garantizan que cada parte de su piscina funcione de manera eficiente, lo que le permitir\u00e1 ahorrar tiempo y dinero a largo plazo.<\/p><p>\u00a0<\/p><h3>Innovaciones que ahorran<\/h3><h4>Reduzca los costos, no la calidad<\/h4><p>Con nuestros consejos y trucos para el ahorro, como optimizar el funcionamiento de la bomba y el uso eficiente del calentador, tu piscina no s\u00f3lo estar\u00e1 limpia y segura, sino tambi\u00e9n m\u00e1s econ\u00f3mica. Nuestro enfoque significa menos costos de energ\u00eda y productos qu\u00edmicos, sin comprometer la calidad.<\/p><p>\u00a0<\/p><h3>El futuro del mantenimiento de piscinas<\/h3><h4>Tecnolog\u00eda de tu lado<\/h4><p>Presentamos las \u00faltimas tecnolog\u00edas en mantenimiento de piscinas, desde electr\u00f3lisis del agua hasta limpiafondos autom\u00e1ticos. Nuestras soluciones establecen nuevos est\u00e1ndares en la industria, haciendo que el mantenimiento sea m\u00e1s simple y eficiente.<\/p><p>\u00a0<\/p><h3>Nuestra promesa para usted<\/h3><p>Nuestro equipo de expertos en mantenimiento de piscinas est\u00e1 dedicado a garantizar que su piscina siempre luzca y se sienta como nueva. Desde limpieza peri\u00f3dica hasta soluciones tecnol\u00f3gicas avanzadas, nuestro servicio es integral, profesional y adaptado a sus necesidades. D\u00e9janos encargarnos del mantenimiento de tu piscina, para que puedas disfrutarla sin preocupaciones.<\/p><p>Cont\u00e1ctenos hoy y descubra c\u00f3mo nuestro servicio puede transformar su experiencia en la piscina, haci\u00e9ndola m\u00e1s hermosa, segura y placentera que nunca.<\/p><p>Descubra m\u00e1s <a href=\"https:\/\/juma.hr\/es\/mantenimiento-de-piscinas-todo-lo-que-necesitas-saber\/\" data-wplink-edit=\"true\"><span style=\"text-decoration: underline;\"><em><strong>Detalles sobre el mantenimiento de la piscina.<\/strong><\/em><\/span><\/a><\/p>\t\t\t\t\t\t<\/div>\n\t\t\t\t<\/div>\n\t\t\t\t<\/div>\n\t\t\t\t<section class=\"elementor-section elementor-top-section elementor-element elementor-element-7f4ed76 elementor-section-full_width elementor-section-height-default elementor-section-height-default\" data-id=\"7f4ed76\" data-element_type=\"section\">\n\t\t\t\t\t\t<div class=\"elementor-container elementor-column-gap-no\">\n\t\t\t\t\t<div class=\"elementor-column elementor-col-100 elementor-top-column elementor-element elementor-element-1f7c9b0\" data-id=\"1f7c9b0\" data-element_type=\"column\">\n\t\t\t<div class=\"elementor-widget-wrap elementor-element-populated\">\n\t\t\t\t\t\t\t\t<div class=\"elementor-element elementor-element-35c244a elementor-widget elementor-widget-pool_services_home_contact\" data-id=\"35c244a\" data-element_type=\"widget\" data-widget_type=\"pool_services_home_contact.default\">\n\t\t\t\t<div class=\"elementor-widget-container\">\n\t\t\t\t\t<div class=\"section-indent\">\n\t\t\t<div class=\"tt-bg bg-index-03 lazyload\" data-bg=\"https:\/\/juma.hr\/wp-content\/uploads\/2021\/08\/bg-index-03.png\"><\/div>\n\t\t\t<div class=\"container tt-position__relative\">\n\t\t\t\t<div class=\"row align-items-center\">\n\t\t\t\t\t<div class=\"col-md-6\">\n\t\t\t\t\t\t<div class=\"box-info03__wrapper\">\n\t\t\t\t\t\t\t<div class=\"row\">\n\t\t\t\t\t\t\t\t<div class=\"col-sm-6\">\n\t\t\t\t\t\t\t\t\t\t\t\t\t\t\t\t\t\t\t<div class=\"box-info03\">\n\t\t\t\t\t\t\t\t\t\t\t<div class=\"box-info03__icon\"><span>100+<\/span><\/div>\n\t\t\t\t\t\t\t\t\t\t\t<div class=\"box-info03__title\">piscinas construidas<\/div>\n\t\t\t\t\t\t\t\t\t\t\t\t\t\t\t\t\t\t\t\t\t<\/div>\n\t\t\t\t\t\t\t\t\t\t\t\t\t\t\t\t\t\t\t\t<div class=\"box-info03\">\n\t\t\t\t\t\t\t\t\t\t\t<div class=\"box-info03__icon\"><span>40+<\/span><\/div>\n\t\t\t\t\t\t\t\t\t\t\t<div class=\"box-info03__title\">Mantenimiento contratado<\/div>\n\t\t\t\t\t\t\t\t\t\t\t\t\t\t\t\t\t\t\t\t\t<\/div>\n\t\t\t\t\t\t\t\t\t\t\t\t\t\t\t\t\t\t<\/div>\n\t\t\t\t\t\t\t\t<div class=\"col-sm-6\">\n\t\t\t\t\t\t\t\t\t\t\t\t\t\t\t\t\t\t\t\t<div class=\"box-info03\">\n\t\t\t\t\t\t\t\t\t\t\t\t<div class=\"box-info03__icon\"><span>10+<\/span><\/div>\n\t\t\t\t\t\t\t\t\t\t\t\t<div class=\"box-info03__title\">Empleados<\/div>\n\t\t\t\t\t\t\t\t\t\t\t\t\t\t\t\t\t\t\t\t\t\t\t<\/div>\n\t\t\t\t\t\t\t\t\t\t\t\t\t\t\t\t\t\t\t\t\t\t<div class=\"box-info03\">\n\t\t\t\t\t\t\t\t\t\t\t\t<div class=\"box-info03__icon\"><span>20+<\/span><\/div>\n\t\t\t\t\t\t\t\t\t\t\t\t<div class=\"box-info03__title\">Socios satisfechos<\/div>\n\t\t\t\t\t\t\t\t\t\t\t\t\t\t\t\t\t\t\t\t\t\t\t<\/div>\n\t\t\t\t\t\t\t\t\t\t\t\t\t\t\t\t\t\t\t<\/div>\n\t\t\t\t\t\t\t<\/div>\n\t\t\t\t\t\t<\/div>\n\t\t\t\t\t<\/div>\n\t\t\t\t\t<div class=\"divider-size-md tt-visible__mobile\"><\/div>\n\t\t\t\t\t<div class=\"col-md-6\">\n\t\t\t\t\t\t<div class=\"tt-box-wrapper01\">\n\t\t\t\t\t\t\t<div class=\"blocktitle\">\n\t\t\t\t\t\t\t\t<div class=\"blocktitle__title\">Cont\u00e1ctenos<\/div>\n\t\t\t\t\t\t\t<\/div>\n\t\t\t\t\t\t\t\n<div class=\"wpcf7 no-js\" id=\"wpcf7-f3692-o1\" lang=\"en-US\" dir=\"ltr\">\n<div class=\"screen-reader-response\"><p role=\"status\" aria-live=\"polite\" aria-atomic=\"true\"><\/p> <ul><\/ul><\/div>\n<form action=\"\/es\/wp-json\/wp\/v2\/pages\/3740#wpcf7-f3692-o1\" method=\"post\" class=\"wpcf7-form init\" aria-label=\"Formulario de contacto\" novalidate=\"novalidate\" data-status=\"init\" data-trp-original-action=\"\/es\/wp-json\/wp\/v2\/pages\/3740#wpcf7-f3692-o1\">\n<div style=\"display: none;\">\n<input type=\"hidden\" name=\"_wpcf7\" value=\"3692\" \/>\n<input type=\"hidden\" name=\"_wpcf7_version\" value=\"5.8.6\" \/>\n<input type=\"hidden\" name=\"_wpcf7_locale\" value=\"en_US\" \/>\n<input type=\"hidden\" name=\"_wpcf7_unit_tag\" value=\"wpcf7-f3692-o1\" \/>\n<input type=\"hidden\" name=\"_wpcf7_container_post\" value=\"0\" \/>\n<input type=\"hidden\" name=\"_wpcf7_posted_data_hash\" value=\"\" \/>\n<\/div>\n<div class=\"tt-form\">\n\t<div class=\"tt-form__group\">\n\t\t<p><span class=\"wpcf7-form-control-wrap\" data-name=\"your-name\"><input size=\"40\" class=\"wpcf7-form-control wpcf7-text tt-form__control\" aria-invalid=\"false\" value=\"Va\u0161e puno ime\" type=\"text\" name=\"your-name\" \/><\/span>\n\t\t<\/p>\n\t<\/div>\n\t<div class=\"row\">\n\t\t<div class=\"col-lg-6\">\n\t\t\t<div class=\"tt-form__group\">\n\t\t\t\t<p><span class=\"wpcf7-form-control-wrap\" data-name=\"your-email\"><input size=\"40\" class=\"wpcf7-form-control wpcf7-email wpcf7-text wpcf7-validates-as-email tt-form__control\" aria-invalid=\"false\" placeholder=\"Correo electr\u00f3nico\" value=\"\" type=\"email\" name=\"your-email\" \/><\/span>\n\t\t\t\t<\/p>\n\t\t\t<\/div>\n\t\t<\/div>\n\t\t<div class=\"col-lg-6\">\n\t\t\t<div class=\"tt-form__group\">\n\t\t\t\t<p><span class=\"wpcf7-form-control-wrap\" data-name=\"phonenumber\"><input size=\"40\" class=\"wpcf7-form-control wpcf7-text tt-form__control\" aria-invalid=\"false\" placeholder=\"Tel\u00e9fono\" value=\"\" type=\"text\" name=\"phonenumber\" \/><\/span>\n\t\t\t\t<\/p>\n\t\t\t<\/div>\n\t\t<\/div>\n\t\t<div class=\"tt-form__group\">\n\t\t\t<div class=\"custom-select\">\n\t\t\t\t<p><span class=\"wpcf7-form-control-wrap\" data-name=\"services\"><select class=\"wpcf7-form-control wpcf7-select\" aria-invalid=\"false\" name=\"services\"><option value=\"Projektiranje i izgradnja bazena\">Dise\u00f1o y construcci\u00f3n de piscinas.<\/option><option value=\"Odr\u017eavanje bazena\">mantenimiento de piscinas<\/option><option value=\"Konzultacije\">Consultas<\/option><option value=\"Partnerstvo\">Asociaci\u00f3n<\/option><\/select><\/span>\n\t\t\t\t<\/p>\n\t\t\t<\/div>\n\t\t<\/div>\n\t\t<div class=\"tt-form__group\">\n\t\t\t<p><span class=\"wpcf7-form-control-wrap\" data-name=\"your-message\"><textarea cols=\"40\" rows=\"10\" class=\"wpcf7-form-control wpcf7-textarea tt-form__control\" aria-invalid=\"false\" placeholder=\"Informaci\u00f3n adicional...\" name=\"your-message\"><\/textarea><\/span>\n\t\t\t<\/p>\n\t\t<\/div>\n\t\t<div class=\"tt-form__btn\">\n\t\t\t<p><button type=\"submit\" class=\"tt-btn tt-btn02 wpcf7-form-control wpcf7-submit\"><span class=\"tt-btn__text\" data-effect=\"Po\u0161alji upit\">Enviar solicitud<\/span><span class=\"tt-btn__icon icon-142042\"><\/span><\/button>\n\t\t\t<\/p>\n\t\t<\/div>\n\t<\/div>\n<\/div><div class=\"wpcf7-response-output\" aria-hidden=\"true\"><\/div>\n<input type=\"hidden\" name=\"trp-form-language\" value=\"es\"\/><\/form>\n<\/div>\n\t\t\t\t\t\t<\/div>\n\t\t\t\t\t<\/div>\n\t\t\t\t<\/div>\n\t\t\t<\/div>\n\t\t<\/div>\n\t\t\t\t<\/div>\n\t\t\t\t<\/div>\n\t\t\t\t\t<\/div>\n\t\t<\/div>\n\t\t\t\t\t\t\t<\/div>\n\t\t<\/section>\n\t\t\t\t\t\t\t<\/div>","protected":false},"excerpt":{"rendered":"<p>Mantenimiento de piscinas Como empresa especializada en la construcci\u00f3n y mantenimiento de piscinas de hormig\u00f3n, ofrecemos un servicio integral que satisfaga todos sus deseos. Organice un mantenimiento regular y estacional o simplemente programe una inspecci\u00f3n t\u00e9cnica de la sala de m\u00e1quinas. Productos qu\u00edmicos equilibradores Garantice la limpieza de la piscina con nuestra gesti\u00f3n precisa de la calidad del agua: pH ideal, agua limpia, sin algas. Limpieza y seguridad, sin compromiso. Mantenimiento T\u00e9cnico de Piscinas [...]<\/p>","protected":false},"author":1,"featured_media":0,"parent":0,"menu_order":0,"comment_status":"closed","ping_status":"closed","template":"","meta":{"footnotes":""},"class_list":["post-3740","page","type-page","status-publish","hentry"],"yoast_head":"<!-- This site is optimized with the Yoast SEO plugin v21.8 - https:\/\/yoast.com\/wordpress\/plugins\/seo\/ -->\n<title>Odr\u017eavanje bazena\u200b | Skimmerski i preljevni bazen<\/title>\n<meta name=\"description\" content=\"Juma d.o.o. je tvrtka specijalizirana za izgradnju i odr\u017eavanje betonskih bazena. U na\u0161oj ponudi nalaze se skimmerski bazeni, preljevni bazeni i masa\u017ene kade. Uspje\u0161no smo realizirali vi\u0161e od 100 projekata!\" \/>\n<meta name=\"robots\" content=\"index, follow, max-snippet:-1, max-image-preview:large, max-video-preview:-1\" \/>\n<link rel=\"canonical\" href=\"https:\/\/juma.hr\/es\/mantenimiento-de-piscinas\/\" \/>\n<meta property=\"og:locale\" content=\"es_ES\" \/>\n<meta property=\"og:type\" content=\"article\" \/>\n<meta property=\"og:title\" content=\"Odr\u017eavanje bazena\u200b | Skimmerski i preljevni bazen\" \/>\n<meta property=\"og:description\" content=\"Juma d.o.o. je tvrtka specijalizirana za izgradnju i odr\u017eavanje betonskih bazena. U na\u0161oj ponudi nalaze se skimmerski bazeni, preljevni bazeni i masa\u017ene kade. Uspje\u0161no smo realizirali vi\u0161e od 100 projekata!\" \/>\n<meta property=\"og:url\" content=\"https:\/\/juma.hr\/es\/mantenimiento-de-piscinas\/\" \/>\n<meta property=\"og:site_name\" content=\"Juma | Izgradnja i odr\u017eavanje bazena\" \/>\n<meta property=\"article:modified_time\" content=\"2024-03-16T18:18:34+00:00\" \/>\n<meta name=\"twitter:card\" content=\"summary_large_image\" \/>\n<meta name=\"twitter:label1\" content=\"Tiempo de lectura\" \/>\n\t<meta name=\"twitter:data1\" content=\"3 minutos\" \/>\n<script type=\"application\/ld+json\" class=\"yoast-schema-graph\">{\"@context\":\"https:\/\/schema.org\",\"@graph\":[{\"@type\":\"WebPage\",\"@id\":\"https:\/\/juma.hr\/odrzavanje-bazena\/\",\"url\":\"https:\/\/juma.hr\/odrzavanje-bazena\/\",\"name\":\"Odr\u017eavanje bazena\u200b | Skimmerski i preljevni bazen\",\"isPartOf\":{\"@id\":\"https:\/\/juma.hr\/#website\"},\"datePublished\":\"2024-01-25T22:11:37+00:00\",\"dateModified\":\"2024-03-16T18:18:34+00:00\",\"description\":\"Juma d.o.o. je tvrtka specijalizirana za izgradnju i odr\u017eavanje betonskih bazena. U na\u0161oj ponudi nalaze se skimmerski bazeni, preljevni bazeni i masa\u017ene kade. Uspje\u0161no smo realizirali vi\u0161e od 100 projekata!\",\"breadcrumb\":{\"@id\":\"https:\/\/juma.hr\/odrzavanje-bazena\/#breadcrumb\"},\"inLanguage\":\"es\",\"potentialAction\":[{\"@type\":\"ReadAction\",\"target\":[\"https:\/\/juma.hr\/odrzavanje-bazena\/\"]}]},{\"@type\":\"BreadcrumbList\",\"@id\":\"https:\/\/juma.hr\/odrzavanje-bazena\/#breadcrumb\",\"itemListElement\":[{\"@type\":\"ListItem\",\"position\":1,\"name\":\"Home\",\"item\":\"https:\/\/juma.hr\/\"},{\"@type\":\"ListItem\",\"position\":2,\"name\":\"Odr\u017eavanje bazena\"}]},{\"@type\":\"WebSite\",\"@id\":\"https:\/\/juma.hr\/#website\",\"url\":\"https:\/\/juma.hr\/\",\"name\":\"Juma | Izgradnja i odr\u017eavanje bazena\",\"description\":\"\",\"potentialAction\":[{\"@type\":\"SearchAction\",\"target\":{\"@type\":\"EntryPoint\",\"urlTemplate\":\"https:\/\/juma.hr\/?s={search_term_string}\"},\"query-input\":\"required name=search_term_string\"}],\"inLanguage\":\"es\"}]}<\/script>\n<!-- \/ Yoast SEO plugin. -->","yoast_head_json":{"title":"Odr\u017eavanje bazena\u200b | Skimmerski i preljevni bazen","description":"Juma d.o.o. je tvrtka specijalizirana za izgradnju i odr\u017eavanje betonskih bazena. U na\u0161oj ponudi nalaze se skimmerski bazeni, preljevni bazeni i masa\u017ene kade. Uspje\u0161no smo realizirali vi\u0161e od 100 projekata!","robots":{"index":"index","follow":"follow","max-snippet":"max-snippet:-1","max-image-preview":"max-image-preview:large","max-video-preview":"max-video-preview:-1"},"canonical":"https:\/\/juma.hr\/es\/mantenimiento-de-piscinas\/","og_locale":"es_ES","og_type":"article","og_title":"Odr\u017eavanje bazena\u200b | Skimmerski i preljevni bazen","og_description":"Juma d.o.o. je tvrtka specijalizirana za izgradnju i odr\u017eavanje betonskih bazena. U na\u0161oj ponudi nalaze se skimmerski bazeni, preljevni bazeni i masa\u017ene kade. Uspje\u0161no smo realizirali vi\u0161e od 100 projekata!","og_url":"https:\/\/juma.hr\/es\/mantenimiento-de-piscinas\/","og_site_name":"Juma | Izgradnja i odr\u017eavanje bazena","article_modified_time":"2024-03-16T18:18:34+00:00","twitter_card":"summary_large_image","twitter_misc":{"Tiempo de lectura":"3 minutos"},"schema":{"@context":"https:\/\/schema.org","@graph":[{"@type":"WebPage","@id":"https:\/\/juma.hr\/odrzavanje-bazena\/","url":"https:\/\/juma.hr\/odrzavanje-bazena\/","name":"Odr\u017eavanje bazena\u200b | Skimmerski i preljevni bazen","isPartOf":{"@id":"https:\/\/juma.hr\/#website"},"datePublished":"2024-01-25T22:11:37+00:00","dateModified":"2024-03-16T18:18:34+00:00","description":"Juma d.o.o. je tvrtka specijalizirana za izgradnju i odr\u017eavanje betonskih bazena. U na\u0161oj ponudi nalaze se skimmerski bazeni, preljevni bazeni i masa\u017ene kade. Uspje\u0161no smo realizirali vi\u0161e od 100 projekata!","breadcrumb":{"@id":"https:\/\/juma.hr\/odrzavanje-bazena\/#breadcrumb"},"inLanguage":"es","potentialAction":[{"@type":"ReadAction","target":["https:\/\/juma.hr\/odrzavanje-bazena\/"]}]},{"@type":"BreadcrumbList","@id":"https:\/\/juma.hr\/odrzavanje-bazena\/#breadcrumb","itemListElement":[{"@type":"ListItem","position":1,"name":"Home","item":"https:\/\/juma.hr\/"},{"@type":"ListItem","position":2,"name":"Odr\u017eavanje bazena"}]},{"@type":"WebSite","@id":"https:\/\/juma.hr\/#website","url":"https:\/\/juma.hr\/","name":"Juma | Izgradnja i odr\u017eavanje bazena","description":"","potentialAction":[{"@type":"SearchAction","target":{"@type":"EntryPoint","urlTemplate":"https:\/\/juma.hr\/?s={search_term_string}"},"query-input":"required name=search_term_string"}],"inLanguage":"es"}]}},"_links":{"self":[{"href":"https:\/\/juma.hr\/es\/wp-json\/wp\/v2\/pages\/3740","targetHints":{"allow":["GET"]}}],"collection":[{"href":"https:\/\/juma.hr\/es\/wp-json\/wp\/v2\/pages"}],"about":[{"href":"https:\/\/juma.hr\/es\/wp-json\/wp\/v2\/types\/page"}],"author":[{"embeddable":true,"href":"https:\/\/juma.hr\/es\/wp-json\/wp\/v2\/users\/1"}],"replies":[{"embeddable":true,"href":"https:\/\/juma.hr\/es\/wp-json\/wp\/v2\/comments?post=3740"}],"version-history":[{"count":94,"href":"https:\/\/juma.hr\/es\/wp-json\/wp\/v2\/pages\/3740\/revisions"}],"predecessor-version":[{"id":4638,"href":"https:\/\/juma.hr\/es\/wp-json\/wp\/v2\/pages\/3740\/revisions\/4638"}],"wp:attachment":[{"href":"https:\/\/juma.hr\/es\/wp-json\/wp\/v2\/media?parent=3740"}],"curies":[{"name":"wp","href":"https:\/\/api.w.org\/{rel}","templated":true}]}}