{"id":444,"date":"2021-08-09T06:02:23","date_gmt":"2021-08-09T06:02:23","guid":{"rendered":"http:\/\/localhost\/pool-services\/?page_id=444"},"modified":"2024-02-25T16:51:49","modified_gmt":"2024-02-25T16:51:49","slug":"o-nama","status":"publish","type":"page","link":"https:\/\/juma.hr\/de\/uber-uns\/","title":{"rendered":"\u00dcber uns"},"content":{"rendered":"<div data-elementor-type=\"wp-page\" data-elementor-id=\"444\" class=\"elementor elementor-444\" data-elementor-post-type=\"page\">\n\t\t\t\t\t\t\t\t\t<section class=\"elementor-section elementor-top-section elementor-element elementor-element-eac29af elementor-section-full_width elementor-section-height-default elementor-section-height-default\" data-id=\"eac29af\" data-element_type=\"section\">\n\t\t\t\t\t\t<div class=\"elementor-container elementor-column-gap-no\">\n\t\t\t\t\t<div class=\"elementor-column elementor-col-100 elementor-top-column elementor-element elementor-element-14c2844\" data-id=\"14c2844\" data-element_type=\"column\">\n\t\t\t<div class=\"elementor-widget-wrap elementor-element-populated\">\n\t\t\t\t\t\t\t\t<div class=\"elementor-element elementor-element-9d3c7eb elementor-widget elementor-widget-pool_services_about\" data-id=\"9d3c7eb\" data-element_type=\"widget\" data-widget_type=\"pool_services_about.default\">\n\t\t\t\t<div class=\"elementor-widget-container\">\n\t\t\t\t\t\t<div class=\"section-indent\">\n\t\t\t\t<div class=\"container tt-position__relative tt-position__relative-level-up\">\n\t\t\t\t\t<div class=\"row\">\n\t\t\t\t\t\t<div class=\"col-md-6\">\n\t\t\t\t\t\t\t<div class=\"blocktitle blocktitle__shift\">\n\t\t\t\t\t\t\t\t<div class=\"blocktitle__subtitle\">Auf der Suche nach dem perfekten Pool? Kontaktieren Sie die Experten!\t\t\t\t\t\t\t\t<\/div>\n\t\t\t\t\t\t\t\t<div class=\"blocktitle__title\">JUMA ist ein auf den Bau und die Wartung von Schwimmb\u00e4dern spezialisiertes Unternehmen<\/div>\n\t\t\t\t\t\t\t<\/div>\n\t\t\t\t\t\t\t<strong>\nWillkommen bei JUMA, Ihrem Top-Spezialisten f\u00fcr Poolbau und -wartung. Mit einem Erfahrungsschatz von mehr als einem Jahrzehnt und einem beeindruckenden Portfolio von \u00fcber hundert erfolgreich abgeschlossenen Projekten setzen wir uns daf\u00fcr ein, dass Ihre Tr\u00e4ume vom perfekten Pool Wirklichkeit werden.:<\/strong>\n\t\t\t\t\t\t\t<ul class=\"tt-list tt-list__top\">\n\t\t\t\t\t\t\t\t <li>Kostenlose professionelle Beratung<\/li>\n <li>Schnelle Projektbewertung<\/li>\n<li>Vom Projekt bis zur Wartung<\/li>\n<li>Private und \u00f6ffentliche Einrichtungen<\/li>\t\t\t\t\t\t\t<\/ul>\n\t\t\t\t\t\t\t <a class=\"tt-icon-point tt-icon-point__top\" href=\"tel:\u202d 385 95 3776 396\u202c\"><span class=\"icon-733464\"><\/span> +385 95 3776 396<\/a>\t\t\t\t\t\t<\/div>\n\t\t\t\t\t\t<div class=\"divider-size-md tt-visible__table\"><\/div>\n\t\t\t\t\t\t<div class=\"col-md-6\">\n\t\t\t\t\t\t\t<div class=\"img-box\">\n\t\t\t\t\t\t\t\t<div class=\"img-box__img\">\n\t\t\t\t\t\t\t\t\t<picture>\n\t\t\t\t\t\t\t\t\t\t<img fetchpriority=\"high\" decoding=\"async\" width=\"2560\" height=\"1829\" src=\"https:\/\/juma.hr\/wp-content\/uploads\/2024\/01\/DJI_0195h-scaled.jpg\" class=\"attachment-full size-full\" alt=\"\" \/>\t\t\t\t\t\t\t\t\t<\/picture>\n\t\t\t\t\t\t\t\t<\/div>\n\t\t\t\t\t\t\t\t<div class=\"img-box__bg\">\n\t\t\t\t\t\t\t\t\t<picture>\n\t\t\t\t\t\t\t\t\t\t<img decoding=\"async\" width=\"301\" height=\"220\" src=\"https:\/\/juma.hr\/wp-content\/uploads\/2021\/08\/img-box__bg.png\" class=\"attachment-full size-full\" alt=\"\" \/>\t\t\t\t\t\t\t\t\t<\/picture>\n\t\t\t\t\t\t\t\t<\/div>\n\t\t\t\t\t\t\t\t<div class=\"img-box__label\">\n\t\t\t\t\t\t\t\t\t<div class=\"img-box__label-text01\">15<\/div>\n\t\t\t\t\t\t\t\t\t<div class=\"img-box__label-text02\">Jahr in <br> Industrie<\/div>\n\t\t\t\t\t\t\t\t<\/div>\n\t\t\t\t\t\t\t\t<div class=\"img-box__content\">\n\t\t\t\t\t\t\t\t\t<div class=\"img-box__title\">Bereit zum Chatten?<\/div>\n\t\t\t\t\t\t\t\t\t<p>\n\t\t\t\t\t\t\t\t\t\tKontaktieren Sie uns noch heute, um ein kostenloses Treffen mit unserem Team zu vereinbaren.\t\t\t\t\t\t\t\t\t<\/p>\n\t\t\t\t\t\t\t\t\t\t\t\t\t\t\t\t\t\t\t\t\t\t\t\t\t\t\t\t\t<a href=\"https:\/\/juma.hr\/de\/kontakt\/\"   class=\"tt-btn tt-btn01 img-box__btn\">\n\t\t\t\t\t\t\t\t\t\t\t<span class=\"tt-btn__text\" data-effect=\"Po\u0161alji upit\">Senden Sie eine Anfrage<\/span>\n\t\t\t\t\t\t\t\t\t\t\t<span class=\"tt-btn__icon icon-142042\"><\/span>\n\t\t\t\t\t\t\t\t\t\t<\/a>\n\t\t\t\t\t\t\t\t\t\t\t\t\t\t\t\t\t\t\t\t\t\t\t\t\t\t\t<\/div>\n\t\t\t\t\t\t\t<\/div>\n\t\t\t\t\t\t<\/div>\n\t\t\t\t\t<\/div>\n\t\t\t\t<\/div>\n\t\t\t<\/div>\n\t\t\t\t<\/div>\n\t\t\t\t<\/div>\n\t\t\t\t\t<\/div>\n\t\t<\/div>\n\t\t\t\t\t\t\t<\/div>\n\t\t<\/section>\n\t\t\t\t<section class=\"elementor-section elementor-top-section elementor-element elementor-element-baf2025 elementor-section-full_width elementor-section-height-default elementor-section-height-default\" data-id=\"baf2025\" data-element_type=\"section\">\n\t\t\t\t\t\t<div class=\"elementor-container elementor-column-gap-no\">\n\t\t\t\t\t<div class=\"elementor-column elementor-col-100 elementor-top-column elementor-element elementor-element-2a11c52\" data-id=\"2a11c52\" data-element_type=\"column\">\n\t\t\t<div class=\"elementor-widget-wrap elementor-element-populated\">\n\t\t\t\t\t\t\t\t<div class=\"elementor-element elementor-element-6b1fdf3 elementor-widget elementor-widget-pool_service_provider\" data-id=\"6b1fdf3\" data-element_type=\"widget\" data-widget_type=\"pool_service_provider.default\">\n\t\t\t\t<div class=\"elementor-widget-container\">\n\t\t\t\t\t<div class=\"section-indent tt-position__relative\">\n\t\t\t<div class=\"tt-bg bg-about-02 lazyload\" data-bg=\"https:\/\/juma.hr\/wp-content\/uploads\/2021\/08\/bg-about-02.png\"><\/div>\n\t\t\t<div class=\"container\">\n\t\t\t\t<div class=\"blocktitle blocktitle__center\">\n\t\t\t\t\t<div class=\"blocktitle__subtitle\"><\/div>\n\t\t\t\t\t<div class=\"blocktitle__title\">Warum uns w\u00e4hlen?<\/div>\n\t\t\t\t<\/div>\n\t\t\t\t<div class=\"box-info04__wrapper\">\n\t\t\t\t\t<div class=\"swiper-container tt-notcrop\" data-carousel=\"swiper\" data-space-between=\"30\" data-space-between-lg=\"20\" data-slides-xl=\"3\" data-slides-lg=\"3\" data-slides-md=\"2\" data-slides-sm=\"1\">\n\t\t\t\t\t\t<div class=\"swiper-wrapper\">\n\t\t\t\t\t\t\t\t\t\t\t\t\t\t\t<div class=\"swiper-slide\">\n\t\t\t\t\t\t\t\t\t<div class=\"box-info04\">\n\t\t\t\t\t\t\t\t\t\t<div class=\"box-info04__img\">\n\t\t\t\t\t\t\t\t\t\t\t<picture>\n\t\t\t\t\t\t\t\t\t\t\t\t<source srcset=\"https:\/\/juma.hr\/wp-content\/uploads\/2021\/08\/offers02__img06-1.jpg\" data-srcset=\"https:\/\/juma.hr\/wp-content\/uploads\/2021\/08\/offers02__img06-1.jpg\" type=\"image\/jpg\">\n\t\t\t\t\t\t\t\t\t\t\t\t<img decoding=\"async\" width=\"370\" height=\"280\" src=\"https:\/\/juma.hr\/wp-content\/uploads\/2021\/08\/offers02__img06-1.jpg\" class=\"attachment-full size-full\" alt=\"\" \/>\t\t\t\t\t\t\t\t\t\t\t<\/picture>\n\t\t\t\t\t\t\t\t\t\t<\/div>\n\t\t\t\t\t\t\t\t\t\t<div class=\"box-info04__content\" data-value=\"1\">\n\t\t\t\t\t\t\t\t\t\t\t<h6 class=\"box-info04__title\">Breites Angebot<\/h6>\n\t\t\t\t\t\t\t\t\t\t\t<p>Von der Idee \u00fcber das erste Bad bis hin zur dauerhaften Betreuung von Projekten jeder Gr\u00f6\u00dfe, egal ob es sich um ein privates Paradies in Ihrem Garten oder um eine beeindruckende \u00f6ffentliche Anlage handelt. <\/p>\n\t\t\t\t\t\t\t\t\t\t<\/div>\n\t\t\t\t\t\t\t\t\t<\/div>\n\t\t\t\t\t\t\t\t<\/div>\n\t\t\t\t\t\t\t\t\t\t\t\t\t\t\t\t<div class=\"swiper-slide\">\n\t\t\t\t\t\t\t\t\t<div class=\"box-info04\">\n\t\t\t\t\t\t\t\t\t\t<div class=\"box-info04__img\">\n\t\t\t\t\t\t\t\t\t\t\t<picture>\n\t\t\t\t\t\t\t\t\t\t\t\t<source srcset=\"https:\/\/juma.hr\/wp-content\/uploads\/2021\/09\/box-info04-img02.jpg\" data-srcset=\"https:\/\/juma.hr\/wp-content\/uploads\/2021\/09\/box-info04-img02.jpg\" type=\"image\/jpg\">\n\t\t\t\t\t\t\t\t\t\t\t\t<img loading=\"lazy\" decoding=\"async\" width=\"370\" height=\"280\" src=\"https:\/\/juma.hr\/wp-content\/uploads\/2021\/09\/box-info04-img02.jpg\" class=\"attachment-full size-full\" alt=\"\" \/>\t\t\t\t\t\t\t\t\t\t\t<\/picture>\n\t\t\t\t\t\t\t\t\t\t<\/div>\n\t\t\t\t\t\t\t\t\t\t<div class=\"box-info04__content\" data-value=\"2\">\n\t\t\t\t\t\t\t\t\t\t\t<h6 class=\"box-info04__title\">Jahrelange Erfahrung<\/h6>\n\t\t\t\t\t\t\t\t\t\t\t<p>Bei uns erhalten Sie nicht nur ein Schwimmbad, sondern auch Sicherheit und Qualit\u00e4t von Anfang bis Ende. Daf\u00fcr sorgen unsere langj\u00e4hrige Erfahrung und hunderte abgeschlossene Projekte. <\/p>\n\t\t\t\t\t\t\t\t\t\t<\/div>\n\t\t\t\t\t\t\t\t\t<\/div>\n\t\t\t\t\t\t\t\t<\/div>\n\t\t\t\t\t\t\t\t\t\t\t\t\t\t\t\t<div class=\"swiper-slide\">\n\t\t\t\t\t\t\t\t\t<div class=\"box-info04\">\n\t\t\t\t\t\t\t\t\t\t<div class=\"box-info04__img\">\n\t\t\t\t\t\t\t\t\t\t\t<picture>\n\t\t\t\t\t\t\t\t\t\t\t\t<source srcset=\"https:\/\/juma.hr\/wp-content\/uploads\/2021\/08\/offers02__img03.jpg\" data-srcset=\"https:\/\/juma.hr\/wp-content\/uploads\/2021\/08\/offers02__img03.jpg\" type=\"image\/jpg\">\n\t\t\t\t\t\t\t\t\t\t\t\t<img loading=\"lazy\" decoding=\"async\" width=\"370\" height=\"280\" src=\"https:\/\/juma.hr\/wp-content\/uploads\/2021\/08\/offers02__img03.jpg\" class=\"attachment-full size-full\" alt=\"\" \/>\t\t\t\t\t\t\t\t\t\t\t<\/picture>\n\t\t\t\t\t\t\t\t\t\t<\/div>\n\t\t\t\t\t\t\t\t\t\t<div class=\"box-info04__content\" data-value=\"3\">\n\t\t\t\t\t\t\t\t\t\t\t<h6 class=\"box-info04__title\">Funktionsweise<\/h6>\n\t\t\t\t\t\t\t\t\t\t\t<p>Die Einhaltung von Fristen und der Aufbau eines Rufs, der auf Ihrer Zufriedenheit basiert, sind unsere Priorit\u00e4ten. Bislang konnten wir bei der Umsetzung von Projekten 100%ige Erfolge erzielen und zufriedene Kunden sind unsere beste Empfehlung. <\/p>\n\t\t\t\t\t\t\t\t\t\t<\/div>\n\t\t\t\t\t\t\t\t\t<\/div>\n\t\t\t\t\t\t\t\t<\/div>\n\t\t\t\t\t\t\t\t\t\t\t\t\t\t<\/div>\n\t\t\t\t\t\t<div class=\"swiper-pagination  swiper-pagination__center\"><\/div>\n\t\t\t\t\t<\/div>\n\t\t\t\t<\/div>\n\t\t\t<\/div>\n\t\t<\/div>\n\t\t\t\t<\/div>\n\t\t\t\t<\/div>\n\t\t\t\t\t<\/div>\n\t\t<\/div>\n\t\t\t\t\t\t\t<\/div>\n\t\t<\/section>\n\t\t\t\t<section class=\"elementor-section elementor-top-section elementor-element elementor-element-24179d8 elementor-section-full_width elementor-hidden-desktop elementor-hidden-tablet elementor-hidden-mobile elementor-section-height-default elementor-section-height-default\" data-id=\"24179d8\" data-element_type=\"section\">\n\t\t\t\t\t\t<div class=\"elementor-container elementor-column-gap-narrow\">\n\t\t\t\t\t<div class=\"elementor-column elementor-col-100 elementor-top-column elementor-element elementor-element-9dc1563\" data-id=\"9dc1563\" data-element_type=\"column\">\n\t\t\t<div class=\"elementor-widget-wrap elementor-element-populated\">\n\t\t\t\t\t\t\t\t<div class=\"elementor-element elementor-element-1480da5 elementor-widget elementor-widget-pool_service_certified\" data-id=\"1480da5\" data-element_type=\"widget\" data-widget_type=\"pool_service_certified.default\">\n\t\t\t\t<div class=\"elementor-widget-container\">\n\t\t\t\t\t<div class=\"section-indent\">\n\t\t\t<div class=\"section__fluid-left\">\n\t\t\t\t<div class=\"layout02 swiper__btn-wrapper\">\n\t\t\t\t\t<div class=\"layout02__bg\">\n\t\t\t\t\t\t<picture>\n\t\t\t\t\t\t\t<source media=\"(min-width: 768px)\" srcset=\"data:image\/gif;base64,R0lGODlhAQABAAAAACH5BAEKAAEALAAAAAABAAEAAAICTAEAOw==\" data-srcset=\"https:\/\/juma.hr\/wp-content\/uploads\/2021\/08\/layout01__bg.jpg\" type=\"image\/jpg\">\n\t\t\t\t\t\t\t<img decoding=\"async\" src=\"data:image\/gif;base64,R0lGODlhAQABAAAAACH5BAEKAAEALAAAAAABAAEAAAICTAEAOw==\" class=\"lazyload\" alt=\"\">\n\t\t\t\t\t\t<\/picture>\n\t\t\t\t\t<\/div>\n\t\t\t\t\t<div class=\"layout02__description\">\n\t\t\t\t\t\t<div class=\"layout02__bg-mobile\">\n\t\t\t\t\t\t\t<picture>\n\t\t\t\t\t\t\t\t<source media=\"(max-width: 768px)\" srcset=\"data:image\/gif;base64,R0lGODlhAQABAAAAACH5BAEKAAEALAAAAAABAAEAAAICTAEAOw==\" data-srcset=\"https:\/\/juma.hr\/wp-content\/uploads\/2021\/08\/layout01__bg.jpg\" type=\"image\/jpg\">\n\t\t\t\t\t\t\t\t<img decoding=\"async\" src=\"data:image\/gif;base64,R0lGODlhAQABAAAAACH5BAEKAAEALAAAAAABAAEAAAICTAEAOw==\" class=\"lazyload\" alt=\"\">\n\t\t\t\t\t\t\t<\/picture>\n\t\t\t\t\t\t<\/div>\n\t\t\t\t\t\t<div class=\"layout02__description-inner\">\n\t\t\t\t\t\t\t<div class=\"blocktitle blocktitle__color01\">\n\t\t\t\t\t\t\t\t<div class=\"blocktitle__subtitle\"><\/div>\n\t\t\t\t\t\t\t\t<div class=\"blocktitle__title\">Zertifikate, Erfolge, interessante Projekte<\/div>\n\t\t\t\t\t\t\t<\/div>\n\t\t\t\t\t\t\t<p>\n\t\t\t\t\t\t\t\thier, um die Kompetenz und St\u00e4rke des Unternehmens zu demonstrieren\t\t\t\t\t\t\t<\/p>\n\t\t\t\t\t\t\t<div class=\"swiper__btn swiper__btn-color01\">\n\t\t\t\t\t\t\t\t<div class=\"swiper__btn-prev icon-142042\"><\/div>\n\t\t\t\t\t\t\t\t<div class=\"swiper__btn-next icon-142042\"><\/div>\n\t\t\t\t\t\t\t<\/div>\n\t\t\t\t\t\t\t<div id=\"bullets03\" class=\"swiper-pagination swiper-pagination__color02\"><\/div>\n\t\t\t\t\t\t<\/div>\n\t\t\t\t\t<\/div>\n\t\t\t\t\t<div class=\"layout02__carusel\">\n\t\t\t\t\t\t<div class=\"layout02__carusel-indent\">\n\t\t\t\t\t\t\t<div class=\"swiper-container tt-notcrop\" data-carousel=\"swiper\" data-loop=\"false\" data-space-between=\"20\" data-space-between-lg=\"15\" data-slides-xxl=\"3.7\" data-slides-xl=\"2.6\" data-slides-lg=\"2.6\" data-slides-md=\"3\" data-slides-sm=\"2\" data-pagination-otherwhere=\"bullets03\" data-button-prev=\"swiper__btn-prev\" data-button-next=\"swiper__btn-next\" data-button-wrapper=\"swiper__btn-wrapper\">\n\t\t\t\t\t\t\t\t<div class=\"swiper-wrapper tt-gallery__wrapper\">\n\t\t\t\t\t\t\t\t\t\t\t\t\t\t\t\t\t\t\t<div class=\"swiper-slide\">\n\t\t\t\t\t\t\t\t\t\t\t<a href=\"https:\/\/juma.hr\/wp-content\/uploads\/2021\/08\/certificates-img01.jpg\" class=\"tt-item-img tt-gallery\" data-modal=\"gallery\">\n\t\t\t\t\t\t\t\t\t\t\t\t<picture>\n\t\t\t\t\t\t\t\t\t\t\t\t\t<img loading=\"lazy\" decoding=\"async\" width=\"286\" height=\"370\" src=\"https:\/\/juma.hr\/wp-content\/uploads\/2021\/08\/certificates-img01.jpg\" class=\"attachment-full size-full\" alt=\"\" \/>\t\t\t\t\t\t\t\t\t\t\t\t<\/picture>\n\t\t\t\t\t\t\t\t\t\t\t<\/a>\n\t\t\t\t\t\t\t\t\t\t<\/div>\n\t\t\t\t\t\t\t\t\t\t\t\t\t\t\t\t\t\t\t\t<div class=\"swiper-slide\">\n\t\t\t\t\t\t\t\t\t\t\t<a href=\"https:\/\/juma.hr\/wp-content\/uploads\/2021\/08\/certificates-img02.jpg\" class=\"tt-item-img tt-gallery\" data-modal=\"gallery\">\n\t\t\t\t\t\t\t\t\t\t\t\t<picture>\n\t\t\t\t\t\t\t\t\t\t\t\t\t<img loading=\"lazy\" decoding=\"async\" width=\"286\" height=\"370\" src=\"https:\/\/juma.hr\/wp-content\/uploads\/2021\/08\/certificates-img02.jpg\" class=\"attachment-full size-full\" alt=\"\" \/>\t\t\t\t\t\t\t\t\t\t\t\t<\/picture>\n\t\t\t\t\t\t\t\t\t\t\t<\/a>\n\t\t\t\t\t\t\t\t\t\t<\/div>\n\t\t\t\t\t\t\t\t\t\t\t\t\t\t\t\t\t\t\t\t<div class=\"swiper-slide\">\n\t\t\t\t\t\t\t\t\t\t\t<a href=\"https:\/\/juma.hr\/wp-content\/uploads\/2021\/08\/certificates-img03.jpg\" class=\"tt-item-img tt-gallery\" data-modal=\"gallery\">\n\t\t\t\t\t\t\t\t\t\t\t\t<picture>\n\t\t\t\t\t\t\t\t\t\t\t\t\t<img loading=\"lazy\" decoding=\"async\" width=\"286\" height=\"370\" src=\"https:\/\/juma.hr\/wp-content\/uploads\/2021\/08\/certificates-img03.jpg\" class=\"attachment-full size-full\" alt=\"\" \/>\t\t\t\t\t\t\t\t\t\t\t\t<\/picture>\n\t\t\t\t\t\t\t\t\t\t\t<\/a>\n\t\t\t\t\t\t\t\t\t\t<\/div>\n\t\t\t\t\t\t\t\t\t\t\t\t\t\t\t\t\t\t\t\t<div class=\"swiper-slide\">\n\t\t\t\t\t\t\t\t\t\t\t<a href=\"https:\/\/juma.hr\/wp-content\/uploads\/2021\/08\/certificates-img04.jpg\" class=\"tt-item-img tt-gallery\" data-modal=\"gallery\">\n\t\t\t\t\t\t\t\t\t\t\t\t<picture>\n\t\t\t\t\t\t\t\t\t\t\t\t\t<img loading=\"lazy\" decoding=\"async\" width=\"286\" height=\"370\" src=\"https:\/\/juma.hr\/wp-content\/uploads\/2021\/08\/certificates-img04.jpg\" class=\"attachment-full size-full\" alt=\"\" \/>\t\t\t\t\t\t\t\t\t\t\t\t<\/picture>\n\t\t\t\t\t\t\t\t\t\t\t<\/a>\n\t\t\t\t\t\t\t\t\t\t<\/div>\n\t\t\t\t\t\t\t\t\t\t\t\t\t\t\t\t\t\t\t\t<div class=\"swiper-slide\">\n\t\t\t\t\t\t\t\t\t\t\t<a href=\"https:\/\/juma.hr\/wp-content\/uploads\/2021\/08\/certificates-img05.jpg\" class=\"tt-item-img tt-gallery\" data-modal=\"gallery\">\n\t\t\t\t\t\t\t\t\t\t\t\t<picture>\n\t\t\t\t\t\t\t\t\t\t\t\t\t<img loading=\"lazy\" decoding=\"async\" width=\"286\" height=\"370\" src=\"https:\/\/juma.hr\/wp-content\/uploads\/2021\/08\/certificates-img05.jpg\" class=\"attachment-full size-full\" alt=\"\" \/>\t\t\t\t\t\t\t\t\t\t\t\t<\/picture>\n\t\t\t\t\t\t\t\t\t\t\t<\/a>\n\t\t\t\t\t\t\t\t\t\t<\/div>\n\t\t\t\t\t\t\t\t\t\t\t\t\t\t\t\t\t\t<\/div>\n\t\t\t\t\t\t\t\t<div class=\"swiper-pagination  swiper-pagination__center\"><\/div>\n\t\t\t\t\t\t\t<\/div>\n\t\t\t\t\t\t<\/div>\n\t\t\t\t\t<\/div>\n\t\t\t\t<\/div>\n\t\t\t<\/div>\n\t\t<\/div>\n\t\t\t\t<\/div>\n\t\t\t\t<\/div>\n\t\t\t\t\t<\/div>\n\t\t<\/div>\n\t\t\t\t\t\t\t<\/div>\n\t\t<\/section>\n\t\t\t\t<section class=\"elementor-section elementor-top-section elementor-element elementor-element-fdffe12 elementor-section-full_width elementor-section-height-default elementor-section-height-default\" data-id=\"fdffe12\" data-element_type=\"section\">\n\t\t\t\t\t\t<div class=\"elementor-container elementor-column-gap-no\">\n\t\t\t\t\t<div class=\"elementor-column elementor-col-100 elementor-top-column elementor-element elementor-element-49062bd\" data-id=\"49062bd\" data-element_type=\"column\">\n\t\t\t<div class=\"elementor-widget-wrap elementor-element-populated\">\n\t\t\t\t\t\t\t\t<div class=\"elementor-element elementor-element-2ea2bd3 elementor-widget elementor-widget-pool_service_deal\" data-id=\"2ea2bd3\" data-element_type=\"widget\" data-widget_type=\"pool_service_deal.default\">\n\t\t\t\t<div class=\"elementor-widget-container\">\n\t\t\t\t\t<div class=\"section-indent\">\n\t\t\t<div class=\"container\">\n\t\t\t\t<div class=\"blocktitle blocktitle__center\">\n\t\t\t\t\t\t\t\t\t\t<div class=\"blocktitle__title\">Treten Sie einer langen Liste zufriedener Kunden bei.<\/div>\n\t\t\t\t<\/div>\n\t\t\t\t<div class=\"info-contact\">\n\t\t\t\t\t<p>\n\t\t\t\t\t\tM\u00f6chten Sie Ihre Immobilie vermieten, aufwerten oder einfach nur genie\u00dfen? Wir bieten eine umfassende L\u00f6sung \u2013 vom Projekt bis zur Wartung, angepasst an Ihre W\u00fcnsche.\t\t\t\t\t<\/p>\n\t\t\t\t\t<a class=\"tt-icon-point\" href=\"tel:\u202d 385 95 3776 396\u202c\"><span class=\"icon-733464\"><\/span>+385 95 3776 396<\/a>\n\t\t\t\t<\/div>\n\t\t\t<\/div>\n\t\t<\/div>\n\t\t\t\t<\/div>\n\t\t\t\t<\/div>\n\t\t\t\t\t<\/div>\n\t\t<\/div>\n\t\t\t\t\t\t\t<\/div>\n\t\t<\/section>\n\t\t\t\t\t\t\t<\/div>","protected":false},"excerpt":{"rendered":"<p>Auf der Suche nach dem perfekten Pool? Kontaktieren Sie die Experten! JUMA, Ihr Fachbetrieb f\u00fcr Schwimmbadbau und -pflege Willkommen bei JUMA, Ihrem Top-Spezialisten f\u00fcr Schwimmbadbau und -pflege. Mit einem Erfahrungsschatz von mehr als einem Jahrzehnt und einem beeindruckenden Portfolio von \u00fcber hundert erfolgreich abgeschlossenen Projekten setzen wir uns daf\u00fcr ein, Ihre Tr\u00e4ume vom perfekten Pool Wirklichkeit werden zu lassen.: Kostenlose Expertenberatung Schneller Kostenvoranschlag [\u2026]<\/p>","protected":false},"author":1,"featured_media":1534,"parent":0,"menu_order":0,"comment_status":"closed","ping_status":"closed","template":"elementor_header_footer","meta":{"footnotes":""},"class_list":["post-444","page","type-page","status-publish","has-post-thumbnail","hentry"],"yoast_head":"<!-- This site is optimized with the Yoast SEO plugin v21.8 - https:\/\/yoast.com\/wordpress\/plugins\/seo\/ -->\n<title>O nama - Juma | Izgradnja i odr\u017eavanje bazena<\/title>\n<meta name=\"robots\" content=\"index, follow, max-snippet:-1, max-image-preview:large, max-video-preview:-1\" \/>\n<link rel=\"canonical\" href=\"https:\/\/juma.hr\/de\/uber-uns\/\" \/>\n<meta property=\"og:locale\" content=\"de_DE\" \/>\n<meta property=\"og:type\" content=\"article\" \/>\n<meta property=\"og:title\" content=\"O nama - Juma | Izgradnja i odr\u017eavanje bazena\" \/>\n<meta property=\"og:description\" content=\"Tra\u017eite savr\u0161en bazen? Obratite se stru\u010dnjacima! J.U.M.A. specijalizirana firma za izgradnju i odr\u017eavanje bazena Dobrodo\u0161li u J.U.M.A., va\u0161eg vrhunskog stru\u010dnjaka za izgradnju i odr\u017eavanje bazena. S bogatstvom iskustva koje prema\u0161uje desetlje\u0107e i impresivnim portfeljem od preko stotinu uspje\u0161no realiziranih projekata, posve\u0107eni smo pretvaranju va\u0161ih snova o savr\u0161enom bazenu u stvarnost.: Besplatna stru\u010dna savjetovanja Brza procjena [&hellip;]\" \/>\n<meta property=\"og:url\" content=\"https:\/\/juma.hr\/de\/uber-uns\/\" \/>\n<meta property=\"og:site_name\" content=\"Juma | Izgradnja i odr\u017eavanje bazena\" \/>\n<meta property=\"article:modified_time\" content=\"2024-02-25T16:51:49+00:00\" \/>\n<meta property=\"og:image\" content=\"https:\/\/juma.hr\/wp-content\/uploads\/2021\/09\/pagetitle_bg01.jpg\" \/>\n\t<meta property=\"og:image:width\" content=\"1760\" \/>\n\t<meta property=\"og:image:height\" content=\"292\" \/>\n\t<meta property=\"og:image:type\" content=\"image\/jpeg\" \/>\n<meta name=\"twitter:card\" content=\"summary_large_image\" \/>\n<meta name=\"twitter:label1\" content=\"Gesch\u00e4tzte Lesezeit\" \/>\n\t<meta name=\"twitter:data1\" content=\"6\u00a0Minuten\" \/>\n<script type=\"application\/ld+json\" class=\"yoast-schema-graph\">{\"@context\":\"https:\/\/schema.org\",\"@graph\":[{\"@type\":\"WebPage\",\"@id\":\"https:\/\/juma.hr\/o-nama\/\",\"url\":\"https:\/\/juma.hr\/o-nama\/\",\"name\":\"O nama - Juma | Izgradnja i odr\u017eavanje bazena\",\"isPartOf\":{\"@id\":\"https:\/\/juma.hr\/#website\"},\"datePublished\":\"2021-08-09T06:02:23+00:00\",\"dateModified\":\"2024-02-25T16:51:49+00:00\",\"breadcrumb\":{\"@id\":\"https:\/\/juma.hr\/o-nama\/#breadcrumb\"},\"inLanguage\":\"de\",\"potentialAction\":[{\"@type\":\"ReadAction\",\"target\":[\"https:\/\/juma.hr\/o-nama\/\"]}]},{\"@type\":\"BreadcrumbList\",\"@id\":\"https:\/\/juma.hr\/o-nama\/#breadcrumb\",\"itemListElement\":[{\"@type\":\"ListItem\",\"position\":1,\"name\":\"Home\",\"item\":\"https:\/\/juma.hr\/\"},{\"@type\":\"ListItem\",\"position\":2,\"name\":\"O nama\"}]},{\"@type\":\"WebSite\",\"@id\":\"https:\/\/juma.hr\/#website\",\"url\":\"https:\/\/juma.hr\/\",\"name\":\"Juma | Izgradnja i odr\u017eavanje bazena\",\"description\":\"\",\"potentialAction\":[{\"@type\":\"SearchAction\",\"target\":{\"@type\":\"EntryPoint\",\"urlTemplate\":\"https:\/\/juma.hr\/?s={search_term_string}\"},\"query-input\":\"required name=search_term_string\"}],\"inLanguage\":\"de\"}]}<\/script>\n<!-- \/ Yoast SEO plugin. -->","yoast_head_json":{"title":"O nama - Juma | Izgradnja i odr\u017eavanje bazena","robots":{"index":"index","follow":"follow","max-snippet":"max-snippet:-1","max-image-preview":"max-image-preview:large","max-video-preview":"max-video-preview:-1"},"canonical":"https:\/\/juma.hr\/de\/uber-uns\/","og_locale":"de_DE","og_type":"article","og_title":"O nama - Juma | Izgradnja i odr\u017eavanje bazena","og_description":"Tra\u017eite savr\u0161en bazen? Obratite se stru\u010dnjacima! J.U.M.A. specijalizirana firma za izgradnju i odr\u017eavanje bazena Dobrodo\u0161li u J.U.M.A., va\u0161eg vrhunskog stru\u010dnjaka za izgradnju i odr\u017eavanje bazena. S bogatstvom iskustva koje prema\u0161uje desetlje\u0107e i impresivnim portfeljem od preko stotinu uspje\u0161no realiziranih projekata, posve\u0107eni smo pretvaranju va\u0161ih snova o savr\u0161enom bazenu u stvarnost.: Besplatna stru\u010dna savjetovanja Brza procjena [&hellip;]","og_url":"https:\/\/juma.hr\/de\/uber-uns\/","og_site_name":"Juma | Izgradnja i odr\u017eavanje bazena","article_modified_time":"2024-02-25T16:51:49+00:00","og_image":[{"width":1760,"height":292,"url":"https:\/\/juma.hr\/wp-content\/uploads\/2021\/09\/pagetitle_bg01.jpg","type":"image\/jpeg"}],"twitter_card":"summary_large_image","twitter_misc":{"Gesch\u00e4tzte Lesezeit":"6\u00a0Minuten"},"schema":{"@context":"https:\/\/schema.org","@graph":[{"@type":"WebPage","@id":"https:\/\/juma.hr\/o-nama\/","url":"https:\/\/juma.hr\/o-nama\/","name":"O nama - Juma | Izgradnja i odr\u017eavanje bazena","isPartOf":{"@id":"https:\/\/juma.hr\/#website"},"datePublished":"2021-08-09T06:02:23+00:00","dateModified":"2024-02-25T16:51:49+00:00","breadcrumb":{"@id":"https:\/\/juma.hr\/o-nama\/#breadcrumb"},"inLanguage":"de","potentialAction":[{"@type":"ReadAction","target":["https:\/\/juma.hr\/o-nama\/"]}]},{"@type":"BreadcrumbList","@id":"https:\/\/juma.hr\/o-nama\/#breadcrumb","itemListElement":[{"@type":"ListItem","position":1,"name":"Home","item":"https:\/\/juma.hr\/"},{"@type":"ListItem","position":2,"name":"O nama"}]},{"@type":"WebSite","@id":"https:\/\/juma.hr\/#website","url":"https:\/\/juma.hr\/","name":"Juma | Izgradnja i odr\u017eavanje bazena","description":"","potentialAction":[{"@type":"SearchAction","target":{"@type":"EntryPoint","urlTemplate":"https:\/\/juma.hr\/?s={search_term_string}"},"query-input":"required name=search_term_string"}],"inLanguage":"de"}]}},"_links":{"self":[{"href":"https:\/\/juma.hr\/de\/wp-json\/wp\/v2\/pages\/444","targetHints":{"allow":["GET"]}}],"collection":[{"href":"https:\/\/juma.hr\/de\/wp-json\/wp\/v2\/pages"}],"about":[{"href":"https:\/\/juma.hr\/de\/wp-json\/wp\/v2\/types\/page"}],"author":[{"embeddable":true,"href":"https:\/\/juma.hr\/de\/wp-json\/wp\/v2\/users\/1"}],"replies":[{"embeddable":true,"href":"https:\/\/juma.hr\/de\/wp-json\/wp\/v2\/comments?post=444"}],"version-history":[{"count":40,"href":"https:\/\/juma.hr\/de\/wp-json\/wp\/v2\/pages\/444\/revisions"}],"predecessor-version":[{"id":4570,"href":"https:\/\/juma.hr\/de\/wp-json\/wp\/v2\/pages\/444\/revisions\/4570"}],"wp:featuredmedia":[{"embeddable":true,"href":"https:\/\/juma.hr\/de\/wp-json\/wp\/v2\/media\/1534"}],"wp:attachment":[{"href":"https:\/\/juma.hr\/de\/wp-json\/wp\/v2\/media?parent=444"}],"curies":[{"name":"wp","href":"https:\/\/api.w.org\/{rel}","templated":true}]}}