{"id":3740,"date":"2024-01-25T22:11:37","date_gmt":"2024-01-25T22:11:37","guid":{"rendered":"https:\/\/juma.hr\/?page_id=3740"},"modified":"2024-03-16T18:18:34","modified_gmt":"2024-03-16T18:18:34","slug":"odrzavanje-bazena","status":"publish","type":"page","link":"https:\/\/juma.hr\/de\/poolpflege\/","title":{"rendered":"Poolpflege"},"content":{"rendered":"<div data-elementor-type=\"wp-page\" data-elementor-id=\"3740\" class=\"elementor elementor-3740\" data-elementor-post-type=\"page\">\n\t\t\t\t\t\t\t<div class=\"elementor-element elementor-element-0e883f5 e-con-full e-flex e-con e-parent\" data-id=\"0e883f5\" data-element_type=\"container\" data-settings=\"{&quot;content_width&quot;:&quot;full&quot;}\" data-core-v316-plus=\"true\">\n\t\t\t\t<div class=\"elementor-element elementor-element-c8c7332 elementor-widget elementor-widget-heading\" data-id=\"c8c7332\" data-element_type=\"widget\" data-widget_type=\"heading.default\">\n\t\t\t\t<div class=\"elementor-widget-container\">\n\t\t\t<style>\/*! elementor - v3.18.0 - 20-12-2023 *\/\n.elementor-heading-title{padding:0;margin:0;line-height:1}.elementor-widget-heading .elementor-heading-title[class*=elementor-size-]>a{color:inherit;font-size:inherit;line-height:inherit}.elementor-widget-heading .elementor-heading-title.elementor-size-small{font-size:15px}.elementor-widget-heading .elementor-heading-title.elementor-size-medium{font-size:19px}.elementor-widget-heading .elementor-heading-title.elementor-size-large{font-size:29px}.elementor-widget-heading .elementor-heading-title.elementor-size-xl{font-size:39px}.elementor-widget-heading .elementor-heading-title.elementor-size-xxl{font-size:59px}<\/style><h1 class=\"elementor-heading-title elementor-size-xxl\">Poolpflege<\/h1>\t\t<\/div>\n\t\t\t\t<\/div>\n\t\t\t\t<\/div>\n\t\t\t\t<section class=\"elementor-section elementor-top-section elementor-element elementor-element-57223bb elementor-section-full_width elementor-section-height-default elementor-section-height-default\" data-id=\"57223bb\" data-element_type=\"section\">\n\t\t\t\t\t\t<div class=\"elementor-container elementor-column-gap-no\">\n\t\t\t\t\t<div class=\"elementor-column elementor-col-100 elementor-top-column elementor-element elementor-element-041d56f\" data-id=\"041d56f\" data-element_type=\"column\">\n\t\t\t<div class=\"elementor-widget-wrap elementor-element-populated\">\n\t\t\t\t\t\t\t\t<div class=\"elementor-element elementor-element-9239e98 elementor-widget elementor-widget-text-editor\" data-id=\"9239e98\" data-element_type=\"widget\" data-widget_type=\"text-editor.default\">\n\t\t\t\t<div class=\"elementor-widget-container\">\n\t\t\t<style>\/*! elementor - v3.18.0 - 20-12-2023 *\/\n.elementor-widget-text-editor.elementor-drop-cap-view-stacked .elementor-drop-cap{background-color:#69727d;color:#fff}.elementor-widget-text-editor.elementor-drop-cap-view-framed .elementor-drop-cap{color:#69727d;border:3px solid;background-color:transparent}.elementor-widget-text-editor:not(.elementor-drop-cap-view-default) .elementor-drop-cap{margin-top:8px}.elementor-widget-text-editor:not(.elementor-drop-cap-view-default) .elementor-drop-cap-letter{width:1em;height:1em}.elementor-widget-text-editor .elementor-drop-cap{float:left;text-align:center;line-height:1;font-size:50px}.elementor-widget-text-editor .elementor-drop-cap-letter{display:inline-block}<\/style>\t\t\t\t<p>Als auf den Bau und die Wartung von Betonpools spezialisiertes Unternehmen bieten wir einen umfassenden Service, der alle Ihre W\u00fcnsche erf\u00fcllt. <br \/><br \/><b>Vereinbaren Sie regelm\u00e4\u00dfige und saisonale Wartungsarbeiten oder vereinbaren Sie einfach eine technische Inspektion des Maschinenraums.<\/b><\/p>\t\t\t\t\t\t<\/div>\n\t\t\t\t<\/div>\n\t\t\t\t<div class=\"elementor-element elementor-element-8a74fe3 non-clickable elementor-widget elementor-widget-pool_our_service\" data-id=\"8a74fe3\" data-element_type=\"widget\" data-widget_type=\"pool_our_service.default\">\n\t\t\t\t<div class=\"elementor-widget-container\">\n\t\t\t\t\t\t<div class=\"section-indent\">\n\t\t\t\t<div class=\"container\">\n\t\t\t\t\t<div class=\"blocktitle blocktitle__center blocktitle__maxwidth-03\">\n\t\t\t\t\t\t<div class=\"blocktitle__subtitle\"><\/div>\n\t\t\t\t\t\t<div class=\"blocktitle__title\"><\/div>\n\t\t\t\t\t<\/div>\n\t\t\t\t\t<div class=\"tt-services__wrapper\">\n\t\t\t\t\t\t<div class=\"swiper-container\" data-carousel=\"swiper\" data-space-between=\"0\" data-auto-height=\"false\" data-slides-xl=\"3\" data-slides-lg=\"3\" data-slides-md=\"2\" data-slides-sm=\"1\">\n\t\t\t\t\t\t\t<div class=\"swiper-wrapper\">\n\t\t\t\t\t\t\t\t\t\t\t\t\t\t\t\t\t<div class=\"swiper-slide\">\n\t\t\t\t\t\t\t\t\t\t<a href=\"\"   class=\"tt-services\">\n\t\t\t\t\t\t\t\t\t\t\t<div class=\"tt-services__icon\">\n\t\t\t\t\t\t\t\t\t\t\t\t<i aria-hidden=\"true\" class=\"icon-780833\"><\/i>\t\t\t\t\t\t\t\t\t\t\t<\/div>\n\t\t\t\t\t\t\t\t\t\t\t<div class=\"tt-services__title\">Ausgleichschemikalien<\/div>\n\t\t\t\t\t\t\t\t\t\t\t<p>Sorgen Sie mit unserem pr\u00e4zisen Wasserqualit\u00e4tsmanagement f\u00fcr die Sauberkeit des Pools: idealer pH-Wert, sauberes Wasser, keine Algen. Sauberkeit und Sicherheit, ohne Kompromisse.<\/p>\n\t\t\t\t\t\t\t\t\t\t<\/a>\n\t\t\t\t\t\t\t\t\t<\/div>\n\t\t\t\t\t\t\t\t\t\t\t\t\t\t\t\t\t\t<div class=\"swiper-slide\">\n\t\t\t\t\t\t\t\t\t\t<a href=\"\"   class=\"tt-services tt-services__color02\">\n\t\t\t\t\t\t\t\t\t\t\t<div class=\"tt-services__icon\">\n\t\t\t\t\t\t\t\t\t\t\t\t<i aria-hidden=\"true\" class=\"icon-wrench-and-screwdriver-crossed\"><\/i>\t\t\t\t\t\t\t\t\t\t\t<\/div>\n\t\t\t\t\t\t\t\t\t\t\t<div class=\"tt-services__title\">Technische Poolwartung<\/div>\n\t\t\t\t\t\t\t\t\t\t\t<p>Halten Sie den Pool funktionsf\u00e4hig: Pr\u00e4zise Wartung von Pumpe, Skimmer, Heizung bis hin zu Lichtern. Einwandfreier Betrieb, Sicherheit garantiert.\n<\/p>\n\t\t\t\t\t\t\t\t\t\t<\/a>\n\t\t\t\t\t\t\t\t\t<\/div>\n\t\t\t\t\t\t\t\t\t\t\t\t\t\t\t\t\t\t<div class=\"swiper-slide\">\n\t\t\t\t\t\t\t\t\t\t<a href=\"\"   class=\"tt-services\">\n\t\t\t\t\t\t\t\t\t\t\t<div class=\"tt-services__icon\">\n\t\t\t\t\t\t\t\t\t\t\t\t<i aria-hidden=\"true\" class=\"icon-787888\"><\/i>\t\t\t\t\t\t\t\t\t\t\t<\/div>\n\t\t\t\t\t\t\t\t\t\t\t<div class=\"tt-services__title\">Saisonale Poolwartung<\/div>\n\t\t\t\t\t\t\t\t\t\t\t<p>Von der Winterreinigung bis zur Sommerreinigung sorgen wir daf\u00fcr, dass Ihr Pool immer bereit, sauber und sicher ist. Unabh\u00e4ngig von den Wetterbedingungen garantiert unser Service Ruhe und Funktionalit\u00e4t.<\/p>\n\t\t\t\t\t\t\t\t\t\t<\/a>\n\t\t\t\t\t\t\t\t\t<\/div>\n\t\t\t\t\t\t\t\t\t\t\t\t\t\t\t\t<\/div>\n\t\t\t\t\t\t\t<div class=\"swiper-pagination  swiper-pagination__center\"><\/div>\n\t\t\t\t\t\t<\/div>\n\t\t\t\t\t<\/div>\n\t\t\t\t<\/div>\n\t\t\t<\/div>\n\t\t\t\t\t<\/div>\n\t\t\t\t<\/div>\n\t\t\t\t\t<\/div>\n\t\t<\/div>\n\t\t\t\t\t\t\t<\/div>\n\t\t<\/section>\n\t\t<div class=\"elementor-element elementor-element-360a41a e-con-full e-flex e-con e-parent\" data-id=\"360a41a\" data-element_type=\"container\" data-settings=\"{&quot;content_width&quot;:&quot;full&quot;}\" data-core-v316-plus=\"true\">\n\t\t\t\t<div class=\"elementor-element elementor-element-f111523 elementor-widget elementor-widget-heading\" data-id=\"f111523\" data-element_type=\"widget\" data-widget_type=\"heading.default\">\n\t\t\t\t<div class=\"elementor-widget-container\">\n\t\t\t<h2 class=\"elementor-heading-title elementor-size-xl\">Sie wollen einfach nur Spa\u00df haben? Poolpflege ohne Arbeit:<\/h2>\t\t<\/div>\n\t\t\t\t<\/div>\n\t\t\t\t<div class=\"elementor-element elementor-element-2c3687d elementor-widget elementor-widget-text-editor\" data-id=\"2c3687d\" data-element_type=\"widget\" data-widget_type=\"text-editor.default\">\n\t\t\t\t<div class=\"elementor-widget-container\">\n\t\t\t\t\t\t\t<p>Unsere Mission ist es, daf\u00fcr zu sorgen, dass Ihr Pool jederzeit perfekt sauber, sicher und betriebsbereit bleibt. Mit unseren professionellen Wartungsdiensten muss der Pool nicht nur ein Ort zum Schwimmen sein, sondern eine Oase der Ruhe und Entspannung in Ihrem Garten.<\/p><h3>Professionelle Reinigung und Wartung<\/h3><h4>Reinheit ohne Kompromisse<\/h4><p>Zu unseren Dienstleistungen geh\u00f6rt das gr\u00fcndliche Absaugen des Beckenbodens, die Reinigung der W\u00e4nde und die Entfernung aller schwimmenden Ablagerungen. Durch unsere regelm\u00e4\u00dfige Wartung wird Ihr Pool nicht nur makellos aussehen, sondern auch zu einem ges\u00fcnderen Ort, an dem Sie Spa\u00df haben k\u00f6nnen.<\/p><h4>Filtersystem an erster Stelle<\/h4><p>Wir wissen, wie wichtig der korrekte Betrieb des Filtersystems f\u00fcr die Erhaltung der Reinheit des Wassers ist. Unsere Experten pr\u00fcfen und reinigen regelm\u00e4\u00dfig die Filter, Skimmer und D\u00fcsen und stellen so sicher, dass Ihr Pool immer einwandfrei funktioniert.<\/p><h3>Fachwissen im chemischen Ausgleich<\/h3><h4>Perfektes chemisches Gleichgewicht<\/h4><p>Es ist kein Geheimnis, dass das richtige chemische Gleichgewicht der Schl\u00fcssel zu gesundem Poolwasser ist. Unser Team verwendet fortschrittliche Techniken zur Messung und Einstellung des pH-Werts <br \/>Werte, Alkalit\u00e4t und H\u00e4rte des Wassers, sodass immer ideale Bedingungen gew\u00e4hrleistet sind.<\/p><p>\u00a0<\/p><h3>Technische Exzellenz<\/h3><h4>Keine Sorge um die Ausr\u00fcstung<\/h4><p>Von Pumpen bis hin zu Beleuchtungsk\u00f6rpern deckt unser technischer Service alles ab. Regelm\u00e4\u00dfige Inspektionen und Wartung stellen sicher, dass jeder Teil Ihres Pools effizient funktioniert, und sparen Ihnen auf lange Sicht Zeit und Geld.<\/p><p>\u00a0<\/p><h3>Innovationen, die sparen<\/h3><h4>Reduzieren Sie Kosten, nicht Qualit\u00e4t<\/h4><p>Mit unseren Tipps und Tricks zum Sparen, wie der Optimierung des Pumpenbetriebs und der effizienten Nutzung der Heizung, wird Ihr Pool nicht nur sauber und sicher, sondern auch sparsamer. Unser Ansatz bedeutet weniger Energie- und Chemikalienkosten, ohne Kompromisse bei der Qualit\u00e4t einzugehen.<\/p><p>\u00a0<\/p><h3>Die Zukunft der Poolpflege<\/h3><h4>Technologie an Ihrer Seite<\/h4><p>Wir pr\u00e4sentieren die neuesten Technologien in der Poolpflege, von der Wasserelektrolyse bis hin zu automatischen Reinigern. Unsere L\u00f6sungen setzen neue Ma\u00dfst\u00e4be in der Branche und machen die Wartung einfacher und effizienter.<\/p><p>\u00a0<\/p><h3>Unser Versprechen an Sie<\/h3><p>Unser Team aus Poolwartungsexperten setzt sich daf\u00fcr ein, dass Ihr Pool immer wie neu aussieht und sich auch so anf\u00fchlt. Von der regelm\u00e4\u00dfigen Reinigung bis hin zu fortschrittlichen technologischen L\u00f6sungen ist unser Service umfassend, professionell und auf Ihre Bed\u00fcrfnisse zugeschnitten. Wir k\u00fcmmern uns um die Wartung Ihres Pools, damit Sie ihn sorgenfrei genie\u00dfen k\u00f6nnen.<\/p><p>Kontaktieren Sie uns noch heute und entdecken Sie, wie unser Service Ihr Poolerlebnis ver\u00e4ndern und es sch\u00f6ner, sicherer und angenehmer als je zuvor machen kann.<\/p><p>Erfahren Sie mehr <a href=\"https:\/\/juma.hr\/de\/poolpflege-alles-was-sie-wissen-mussen\/\" data-wplink-edit=\"true\"><span style=\"text-decoration: underline;\"><em><strong>Details zur Poolpflege.<\/strong><\/em><\/span><\/a><\/p>\t\t\t\t\t\t<\/div>\n\t\t\t\t<\/div>\n\t\t\t\t<\/div>\n\t\t\t\t<section class=\"elementor-section elementor-top-section elementor-element elementor-element-7f4ed76 elementor-section-full_width elementor-section-height-default elementor-section-height-default\" data-id=\"7f4ed76\" data-element_type=\"section\">\n\t\t\t\t\t\t<div class=\"elementor-container elementor-column-gap-no\">\n\t\t\t\t\t<div class=\"elementor-column elementor-col-100 elementor-top-column elementor-element elementor-element-1f7c9b0\" data-id=\"1f7c9b0\" data-element_type=\"column\">\n\t\t\t<div class=\"elementor-widget-wrap elementor-element-populated\">\n\t\t\t\t\t\t\t\t<div class=\"elementor-element elementor-element-35c244a elementor-widget elementor-widget-pool_services_home_contact\" data-id=\"35c244a\" data-element_type=\"widget\" data-widget_type=\"pool_services_home_contact.default\">\n\t\t\t\t<div class=\"elementor-widget-container\">\n\t\t\t\t\t<div class=\"section-indent\">\n\t\t\t<div class=\"tt-bg bg-index-03 lazyload\" data-bg=\"https:\/\/juma.hr\/wp-content\/uploads\/2021\/08\/bg-index-03.png\"><\/div>\n\t\t\t<div class=\"container tt-position__relative\">\n\t\t\t\t<div class=\"row align-items-center\">\n\t\t\t\t\t<div class=\"col-md-6\">\n\t\t\t\t\t\t<div class=\"box-info03__wrapper\">\n\t\t\t\t\t\t\t<div class=\"row\">\n\t\t\t\t\t\t\t\t<div class=\"col-sm-6\">\n\t\t\t\t\t\t\t\t\t\t\t\t\t\t\t\t\t\t\t<div class=\"box-info03\">\n\t\t\t\t\t\t\t\t\t\t\t<div class=\"box-info03__icon\"><span>100+<\/span><\/div>\n\t\t\t\t\t\t\t\t\t\t\t<div class=\"box-info03__title\">Schwimmb\u00e4der gebaut<\/div>\n\t\t\t\t\t\t\t\t\t\t\t\t\t\t\t\t\t\t\t\t\t<\/div>\n\t\t\t\t\t\t\t\t\t\t\t\t\t\t\t\t\t\t\t\t<div class=\"box-info03\">\n\t\t\t\t\t\t\t\t\t\t\t<div class=\"box-info03__icon\"><span>40+<\/span><\/div>\n\t\t\t\t\t\t\t\t\t\t\t<div class=\"box-info03__title\">Vertragliche Wartung<\/div>\n\t\t\t\t\t\t\t\t\t\t\t\t\t\t\t\t\t\t\t\t\t<\/div>\n\t\t\t\t\t\t\t\t\t\t\t\t\t\t\t\t\t\t<\/div>\n\t\t\t\t\t\t\t\t<div class=\"col-sm-6\">\n\t\t\t\t\t\t\t\t\t\t\t\t\t\t\t\t\t\t\t\t<div class=\"box-info03\">\n\t\t\t\t\t\t\t\t\t\t\t\t<div class=\"box-info03__icon\"><span>10+<\/span><\/div>\n\t\t\t\t\t\t\t\t\t\t\t\t<div class=\"box-info03__title\">Mitarbeiter<\/div>\n\t\t\t\t\t\t\t\t\t\t\t\t\t\t\t\t\t\t\t\t\t\t\t<\/div>\n\t\t\t\t\t\t\t\t\t\t\t\t\t\t\t\t\t\t\t\t\t\t<div class=\"box-info03\">\n\t\t\t\t\t\t\t\t\t\t\t\t<div class=\"box-info03__icon\"><span>20+<\/span><\/div>\n\t\t\t\t\t\t\t\t\t\t\t\t<div class=\"box-info03__title\">Zufriedene Partner<\/div>\n\t\t\t\t\t\t\t\t\t\t\t\t\t\t\t\t\t\t\t\t\t\t\t<\/div>\n\t\t\t\t\t\t\t\t\t\t\t\t\t\t\t\t\t\t\t<\/div>\n\t\t\t\t\t\t\t<\/div>\n\t\t\t\t\t\t<\/div>\n\t\t\t\t\t<\/div>\n\t\t\t\t\t<div class=\"divider-size-md tt-visible__mobile\"><\/div>\n\t\t\t\t\t<div class=\"col-md-6\">\n\t\t\t\t\t\t<div class=\"tt-box-wrapper01\">\n\t\t\t\t\t\t\t<div class=\"blocktitle\">\n\t\t\t\t\t\t\t\t<div class=\"blocktitle__title\">Kontaktieren Sie uns<\/div>\n\t\t\t\t\t\t\t<\/div>\n\t\t\t\t\t\t\t\n<div class=\"wpcf7 no-js\" id=\"wpcf7-f3692-o1\" lang=\"en-US\" dir=\"ltr\">\n<div class=\"screen-reader-response\"><p role=\"status\" aria-live=\"polite\" aria-atomic=\"true\"><\/p> <ul><\/ul><\/div>\n<form action=\"\/de\/wp-json\/wp\/v2\/pages\/3740#wpcf7-f3692-o1\" method=\"post\" class=\"wpcf7-form init\" aria-label=\"Kontaktformular\" novalidate=\"novalidate\" data-status=\"init\" data-trp-original-action=\"\/de\/wp-json\/wp\/v2\/pages\/3740#wpcf7-f3692-o1\">\n<div style=\"display: none;\">\n<input type=\"hidden\" name=\"_wpcf7\" value=\"3692\" \/>\n<input type=\"hidden\" name=\"_wpcf7_version\" value=\"5.8.6\" \/>\n<input type=\"hidden\" name=\"_wpcf7_locale\" value=\"en_US\" \/>\n<input type=\"hidden\" name=\"_wpcf7_unit_tag\" value=\"wpcf7-f3692-o1\" \/>\n<input type=\"hidden\" name=\"_wpcf7_container_post\" value=\"0\" \/>\n<input type=\"hidden\" name=\"_wpcf7_posted_data_hash\" value=\"\" \/>\n<\/div>\n<div class=\"tt-form\">\n\t<div class=\"tt-form__group\">\n\t\t<p><span class=\"wpcf7-form-control-wrap\" data-name=\"your-name\"><input size=\"40\" class=\"wpcf7-form-control wpcf7-text tt-form__control\" aria-invalid=\"false\" value=\"Va\u0161e puno ime\" type=\"text\" name=\"your-name\" \/><\/span>\n\t\t<\/p>\n\t<\/div>\n\t<div class=\"row\">\n\t\t<div class=\"col-lg-6\">\n\t\t\t<div class=\"tt-form__group\">\n\t\t\t\t<p><span class=\"wpcf7-form-control-wrap\" data-name=\"your-email\"><input size=\"40\" class=\"wpcf7-form-control wpcf7-email wpcf7-text wpcf7-validates-as-email tt-form__control\" aria-invalid=\"false\" placeholder=\"E-Mail\" value=\"\" type=\"email\" name=\"your-email\" \/><\/span>\n\t\t\t\t<\/p>\n\t\t\t<\/div>\n\t\t<\/div>\n\t\t<div class=\"col-lg-6\">\n\t\t\t<div class=\"tt-form__group\">\n\t\t\t\t<p><span class=\"wpcf7-form-control-wrap\" data-name=\"phonenumber\"><input size=\"40\" class=\"wpcf7-form-control wpcf7-text tt-form__control\" aria-invalid=\"false\" placeholder=\"Telefon\" value=\"\" type=\"text\" name=\"phonenumber\" \/><\/span>\n\t\t\t\t<\/p>\n\t\t\t<\/div>\n\t\t<\/div>\n\t\t<div class=\"tt-form__group\">\n\t\t\t<div class=\"custom-select\">\n\t\t\t\t<p><span class=\"wpcf7-form-control-wrap\" data-name=\"services\"><select class=\"wpcf7-form-control wpcf7-select\" aria-invalid=\"false\" name=\"services\"><option value=\"Projektiranje i izgradnja bazena\">Planung und Bau von Schwimmb\u00e4dern<\/option><option value=\"Odr\u017eavanje bazena\">Poolpflege<\/option><option value=\"Konzultacije\">Beratungen<\/option><option value=\"Partnerstvo\">Partnerschaft<\/option><\/select><\/span>\n\t\t\t\t<\/p>\n\t\t\t<\/div>\n\t\t<\/div>\n\t\t<div class=\"tt-form__group\">\n\t\t\t<p><span class=\"wpcf7-form-control-wrap\" data-name=\"your-message\"><textarea cols=\"40\" rows=\"10\" class=\"wpcf7-form-control wpcf7-textarea tt-form__control\" aria-invalid=\"false\" placeholder=\"Weitere Informationen...\" name=\"your-message\"><\/textarea><\/span>\n\t\t\t<\/p>\n\t\t<\/div>\n\t\t<div class=\"tt-form__btn\">\n\t\t\t<p><button type=\"submit\" class=\"tt-btn tt-btn02 wpcf7-form-control wpcf7-submit\"><span class=\"tt-btn__text\" data-effect=\"Po\u0161alji upit\">Anfrage senden<\/span><span class=\"tt-btn__icon icon-142042\"><\/span><\/button>\n\t\t\t<\/p>\n\t\t<\/div>\n\t<\/div>\n<\/div><div class=\"wpcf7-response-output\" aria-hidden=\"true\"><\/div>\n<input type=\"hidden\" name=\"trp-form-language\" value=\"de\"\/><\/form>\n<\/div>\n\t\t\t\t\t\t<\/div>\n\t\t\t\t\t<\/div>\n\t\t\t\t<\/div>\n\t\t\t<\/div>\n\t\t<\/div>\n\t\t\t\t<\/div>\n\t\t\t\t<\/div>\n\t\t\t\t\t<\/div>\n\t\t<\/div>\n\t\t\t\t\t\t\t<\/div>\n\t\t<\/section>\n\t\t\t\t\t\t\t<\/div>","protected":false},"excerpt":{"rendered":"<p>Poolwartung Als auf den Bau und die Wartung von Betonpools spezialisiertes Unternehmen bieten wir einen umfassenden Service, der alle Ihre W\u00fcnsche erf\u00fcllt. Vereinbaren Sie regelm\u00e4\u00dfige und saisonale Wartungsarbeiten oder vereinbaren Sie einfach eine technische Inspektion des Maschinenraums. Ausgleichschemikalien Sorgen Sie mit unserem pr\u00e4zisen Wasserqualit\u00e4tsmanagement f\u00fcr Poolsauberkeit: idealer pH-Wert, sauberes Wasser, keine Algen. Sauberkeit und Sicherheit, ohne Kompromisse. Technische Poolwartung [...]<\/p>","protected":false},"author":1,"featured_media":0,"parent":0,"menu_order":0,"comment_status":"closed","ping_status":"closed","template":"","meta":{"footnotes":""},"class_list":["post-3740","page","type-page","status-publish","hentry"],"yoast_head":"<!-- This site is optimized with the Yoast SEO plugin v21.8 - https:\/\/yoast.com\/wordpress\/plugins\/seo\/ -->\n<title>Odr\u017eavanje bazena\u200b | Skimmerski i preljevni bazen<\/title>\n<meta name=\"description\" content=\"Juma d.o.o. je tvrtka specijalizirana za izgradnju i odr\u017eavanje betonskih bazena. U na\u0161oj ponudi nalaze se skimmerski bazeni, preljevni bazeni i masa\u017ene kade. Uspje\u0161no smo realizirali vi\u0161e od 100 projekata!\" \/>\n<meta name=\"robots\" content=\"index, follow, max-snippet:-1, max-image-preview:large, max-video-preview:-1\" \/>\n<link rel=\"canonical\" href=\"https:\/\/juma.hr\/de\/poolpflege\/\" \/>\n<meta property=\"og:locale\" content=\"de_DE\" \/>\n<meta property=\"og:type\" content=\"article\" \/>\n<meta property=\"og:title\" content=\"Odr\u017eavanje bazena\u200b | Skimmerski i preljevni bazen\" \/>\n<meta property=\"og:description\" content=\"Juma d.o.o. je tvrtka specijalizirana za izgradnju i odr\u017eavanje betonskih bazena. U na\u0161oj ponudi nalaze se skimmerski bazeni, preljevni bazeni i masa\u017ene kade. Uspje\u0161no smo realizirali vi\u0161e od 100 projekata!\" \/>\n<meta property=\"og:url\" content=\"https:\/\/juma.hr\/de\/poolpflege\/\" \/>\n<meta property=\"og:site_name\" content=\"Juma | Izgradnja i odr\u017eavanje bazena\" \/>\n<meta property=\"article:modified_time\" content=\"2024-03-16T18:18:34+00:00\" \/>\n<meta name=\"twitter:card\" content=\"summary_large_image\" \/>\n<meta name=\"twitter:label1\" content=\"Gesch\u00e4tzte Lesezeit\" \/>\n\t<meta name=\"twitter:data1\" content=\"3\u00a0Minuten\" \/>\n<script type=\"application\/ld+json\" class=\"yoast-schema-graph\">{\"@context\":\"https:\/\/schema.org\",\"@graph\":[{\"@type\":\"WebPage\",\"@id\":\"https:\/\/juma.hr\/odrzavanje-bazena\/\",\"url\":\"https:\/\/juma.hr\/odrzavanje-bazena\/\",\"name\":\"Odr\u017eavanje bazena\u200b | Skimmerski i preljevni bazen\",\"isPartOf\":{\"@id\":\"https:\/\/juma.hr\/#website\"},\"datePublished\":\"2024-01-25T22:11:37+00:00\",\"dateModified\":\"2024-03-16T18:18:34+00:00\",\"description\":\"Juma d.o.o. je tvrtka specijalizirana za izgradnju i odr\u017eavanje betonskih bazena. U na\u0161oj ponudi nalaze se skimmerski bazeni, preljevni bazeni i masa\u017ene kade. Uspje\u0161no smo realizirali vi\u0161e od 100 projekata!\",\"breadcrumb\":{\"@id\":\"https:\/\/juma.hr\/odrzavanje-bazena\/#breadcrumb\"},\"inLanguage\":\"de\",\"potentialAction\":[{\"@type\":\"ReadAction\",\"target\":[\"https:\/\/juma.hr\/odrzavanje-bazena\/\"]}]},{\"@type\":\"BreadcrumbList\",\"@id\":\"https:\/\/juma.hr\/odrzavanje-bazena\/#breadcrumb\",\"itemListElement\":[{\"@type\":\"ListItem\",\"position\":1,\"name\":\"Home\",\"item\":\"https:\/\/juma.hr\/\"},{\"@type\":\"ListItem\",\"position\":2,\"name\":\"Odr\u017eavanje bazena\"}]},{\"@type\":\"WebSite\",\"@id\":\"https:\/\/juma.hr\/#website\",\"url\":\"https:\/\/juma.hr\/\",\"name\":\"Juma | Izgradnja i odr\u017eavanje bazena\",\"description\":\"\",\"potentialAction\":[{\"@type\":\"SearchAction\",\"target\":{\"@type\":\"EntryPoint\",\"urlTemplate\":\"https:\/\/juma.hr\/?s={search_term_string}\"},\"query-input\":\"required name=search_term_string\"}],\"inLanguage\":\"de\"}]}<\/script>\n<!-- \/ Yoast SEO plugin. -->","yoast_head_json":{"title":"Odr\u017eavanje bazena\u200b | Skimmerski i preljevni bazen","description":"Juma d.o.o. je tvrtka specijalizirana za izgradnju i odr\u017eavanje betonskih bazena. U na\u0161oj ponudi nalaze se skimmerski bazeni, preljevni bazeni i masa\u017ene kade. Uspje\u0161no smo realizirali vi\u0161e od 100 projekata!","robots":{"index":"index","follow":"follow","max-snippet":"max-snippet:-1","max-image-preview":"max-image-preview:large","max-video-preview":"max-video-preview:-1"},"canonical":"https:\/\/juma.hr\/de\/poolpflege\/","og_locale":"de_DE","og_type":"article","og_title":"Odr\u017eavanje bazena\u200b | Skimmerski i preljevni bazen","og_description":"Juma d.o.o. je tvrtka specijalizirana za izgradnju i odr\u017eavanje betonskih bazena. U na\u0161oj ponudi nalaze se skimmerski bazeni, preljevni bazeni i masa\u017ene kade. Uspje\u0161no smo realizirali vi\u0161e od 100 projekata!","og_url":"https:\/\/juma.hr\/de\/poolpflege\/","og_site_name":"Juma | Izgradnja i odr\u017eavanje bazena","article_modified_time":"2024-03-16T18:18:34+00:00","twitter_card":"summary_large_image","twitter_misc":{"Gesch\u00e4tzte Lesezeit":"3\u00a0Minuten"},"schema":{"@context":"https:\/\/schema.org","@graph":[{"@type":"WebPage","@id":"https:\/\/juma.hr\/odrzavanje-bazena\/","url":"https:\/\/juma.hr\/odrzavanje-bazena\/","name":"Odr\u017eavanje bazena\u200b | Skimmerski i preljevni bazen","isPartOf":{"@id":"https:\/\/juma.hr\/#website"},"datePublished":"2024-01-25T22:11:37+00:00","dateModified":"2024-03-16T18:18:34+00:00","description":"Juma d.o.o. je tvrtka specijalizirana za izgradnju i odr\u017eavanje betonskih bazena. U na\u0161oj ponudi nalaze se skimmerski bazeni, preljevni bazeni i masa\u017ene kade. Uspje\u0161no smo realizirali vi\u0161e od 100 projekata!","breadcrumb":{"@id":"https:\/\/juma.hr\/odrzavanje-bazena\/#breadcrumb"},"inLanguage":"de","potentialAction":[{"@type":"ReadAction","target":["https:\/\/juma.hr\/odrzavanje-bazena\/"]}]},{"@type":"BreadcrumbList","@id":"https:\/\/juma.hr\/odrzavanje-bazena\/#breadcrumb","itemListElement":[{"@type":"ListItem","position":1,"name":"Home","item":"https:\/\/juma.hr\/"},{"@type":"ListItem","position":2,"name":"Odr\u017eavanje bazena"}]},{"@type":"WebSite","@id":"https:\/\/juma.hr\/#website","url":"https:\/\/juma.hr\/","name":"Juma | Izgradnja i odr\u017eavanje bazena","description":"","potentialAction":[{"@type":"SearchAction","target":{"@type":"EntryPoint","urlTemplate":"https:\/\/juma.hr\/?s={search_term_string}"},"query-input":"required name=search_term_string"}],"inLanguage":"de"}]}},"_links":{"self":[{"href":"https:\/\/juma.hr\/de\/wp-json\/wp\/v2\/pages\/3740","targetHints":{"allow":["GET"]}}],"collection":[{"href":"https:\/\/juma.hr\/de\/wp-json\/wp\/v2\/pages"}],"about":[{"href":"https:\/\/juma.hr\/de\/wp-json\/wp\/v2\/types\/page"}],"author":[{"embeddable":true,"href":"https:\/\/juma.hr\/de\/wp-json\/wp\/v2\/users\/1"}],"replies":[{"embeddable":true,"href":"https:\/\/juma.hr\/de\/wp-json\/wp\/v2\/comments?post=3740"}],"version-history":[{"count":94,"href":"https:\/\/juma.hr\/de\/wp-json\/wp\/v2\/pages\/3740\/revisions"}],"predecessor-version":[{"id":4638,"href":"https:\/\/juma.hr\/de\/wp-json\/wp\/v2\/pages\/3740\/revisions\/4638"}],"wp:attachment":[{"href":"https:\/\/juma.hr\/de\/wp-json\/wp\/v2\/media?parent=3740"}],"curies":[{"name":"wp","href":"https:\/\/api.w.org\/{rel}","templated":true}]}}