{"id":1202,"date":"2021-08-12T04:10:29","date_gmt":"2021-08-12T04:10:29","guid":{"rendered":"http:\/\/localhost\/pool-services\/?page_id=1202"},"modified":"2024-02-05T01:01:47","modified_gmt":"2024-02-05T01:01:47","slug":"kontakt","status":"publish","type":"page","link":"https:\/\/juma.hr\/de\/kontakt\/","title":{"rendered":"Kontakt"},"content":{"rendered":"<div data-elementor-type=\"wp-page\" data-elementor-id=\"1202\" class=\"elementor elementor-1202\" data-elementor-post-type=\"page\">\n\t\t\t\t\t\t\t\t\t<section class=\"elementor-section elementor-top-section elementor-element elementor-element-4d56e9a elementor-section-full_width elementor-section-height-default elementor-section-height-default\" data-id=\"4d56e9a\" data-element_type=\"section\">\n\t\t\t\t\t\t<div class=\"elementor-container elementor-column-gap-no\">\n\t\t\t\t\t<div class=\"elementor-column elementor-col-100 elementor-top-column elementor-element elementor-element-1601634\" data-id=\"1601634\" data-element_type=\"column\">\n\t\t\t<div class=\"elementor-widget-wrap elementor-element-populated\">\n\t\t\t\t\t\t\t\t<div class=\"elementor-element elementor-element-1f2bbf3 elementor-widget elementor-widget-pool_location_and_address\" data-id=\"1f2bbf3\" data-element_type=\"widget\" data-widget_type=\"pool_location_and_address.default\">\n\t\t\t\t<div class=\"elementor-widget-container\">\n\t\t\t\t\t<div class=\"section-indent\">\n\t\t\t<div class=\"container container__fluid-xl\">\n\t\t\t\t<div class=\"row info-contact02__wrapper\">\n\t\t\t\t\t\t\t\t\t\t\t<div class=\"col-md-4\">\n\t\t\t\t\t\t\t<div class=\"info-contact02\">\n\t\t\t\t\t\t\t\t<div class=\"info-contact02__img  icon-2983736\">\n\t\t\t\t\t\t\t\t\t<picture>\n\t\t\t\t\t\t\t\t\t\t<source srcset=\"https:\/\/juma.hr\/wp-content\/uploads\/2021\/08\/icon-bg__bull-02.png\" data-srcset=\"https:\/\/juma.hr\/wp-content\/uploads\/2021\/08\/icon-bg__bull-02.png\" type=\"image\/png\">\n\t\t\t\t\t\t\t\t\t\t<img decoding=\"async\" width=\"102\" height=\"91\" src=\"https:\/\/juma.hr\/wp-content\/uploads\/2021\/08\/icon-bg__bull-02.png\" class=\"attachment-full size-full\" alt=\"\" \/>\t\t\t\t\t\t\t\t\t<\/picture>\n\t\t\t\t\t\t\t\t<\/div>\n\t\t\t\t\t\t\t\t<div class=\"info-contact02__contact\">\n\t\t\t\t\t\t\t\t\t<div class=\"info-contact02__title\">Standort<\/div>\n\t\t\t\t\t\t\t\t\tErcegovci 46 A, Dicmo Ercegovci, Kroatien\t\t\t\t\t\t\t\t<\/div>\n\t\t\t\t\t\t\t<\/div>\n\t\t\t\t\t\t<\/div>\n\t\t\t\t\t\t\t\t\t\t\t\t<div class=\"col-md-4\">\n\t\t\t\t\t\t\t<div class=\"info-contact02\">\n\t\t\t\t\t\t\t\t<div class=\"info-contact02__img  icon-126509\">\n\t\t\t\t\t\t\t\t\t<picture>\n\t\t\t\t\t\t\t\t\t\t<source srcset=\"https:\/\/juma.hr\/wp-content\/uploads\/2021\/08\/icon-bg__bull-02.png\" data-srcset=\"https:\/\/juma.hr\/wp-content\/uploads\/2021\/08\/icon-bg__bull-02.png\" type=\"image\/png\">\n\t\t\t\t\t\t\t\t\t\t<img decoding=\"async\" width=\"102\" height=\"91\" src=\"https:\/\/juma.hr\/wp-content\/uploads\/2021\/08\/icon-bg__bull-02.png\" class=\"attachment-full size-full\" alt=\"\" \/>\t\t\t\t\t\t\t\t\t<\/picture>\n\t\t\t\t\t\t\t\t<\/div>\n\t\t\t\t\t\t\t\t<div class=\"info-contact02__contact\">\n\t\t\t\t\t\t\t\t\t<div class=\"info-contact02__title\">Handy<\/div>\n\t\t\t\t\t\t\t\t\t<a href=\"tel: 385 95 3776 396\u202c\">+385 95 3776 396<\/a> <br>von Mo bis Fr\t\t\t\t\t\t\t\t<\/div>\n\t\t\t\t\t\t\t<\/div>\n\t\t\t\t\t\t<\/div>\n\t\t\t\t\t\t\t\t\t\t\t\t<div class=\"col-md-4\">\n\t\t\t\t\t\t\t<div class=\"info-contact02\">\n\t\t\t\t\t\t\t\t<div class=\"info-contact02__img  icon-126516\">\n\t\t\t\t\t\t\t\t\t<picture>\n\t\t\t\t\t\t\t\t\t\t<source srcset=\"https:\/\/juma.hr\/wp-content\/uploads\/2021\/08\/icon-bg__bull-02.png\" data-srcset=\"https:\/\/juma.hr\/wp-content\/uploads\/2021\/08\/icon-bg__bull-02.png\" type=\"image\/png\">\n\t\t\t\t\t\t\t\t\t\t<img decoding=\"async\" width=\"102\" height=\"91\" src=\"https:\/\/juma.hr\/wp-content\/uploads\/2021\/08\/icon-bg__bull-02.png\" class=\"attachment-full size-full\" alt=\"\" \/>\t\t\t\t\t\t\t\t\t<\/picture>\n\t\t\t\t\t\t\t\t<\/div>\n\t\t\t\t\t\t\t\t<div class=\"info-contact02__contact\">\n\t\t\t\t\t\t\t\t\t<div class=\"info-contact02__title\">E-Mail-Adresse<\/div>\n\t\t\t\t\t\t\t\t\t<a href=\"mailto:info@juma.hr\">info@juma.hr<\/a>\t\t\t\t\t\t\t\t<\/div>\n\t\t\t\t\t\t\t<\/div>\n\t\t\t\t\t\t<\/div>\n\t\t\t\t\t\t\t\t\t\t<\/div>\n\t\t\t<\/div>\n\t\t<\/div>\n\t\t\t\t<\/div>\n\t\t\t\t<\/div>\n\t\t\t\t\t<\/div>\n\t\t<\/div>\n\t\t\t\t\t\t\t<\/div>\n\t\t<\/section>\n\t\t\t\t<section class=\"elementor-section elementor-top-section elementor-element elementor-element-355838d elementor-section-full_width elementor-section-height-default elementor-section-height-default\" data-id=\"355838d\" data-element_type=\"section\">\n\t\t\t\t\t\t<div class=\"elementor-container elementor-column-gap-no\">\n\t\t\t\t\t<div class=\"elementor-column elementor-col-100 elementor-top-column elementor-element elementor-element-ad6eb3e\" data-id=\"ad6eb3e\" data-element_type=\"column\">\n\t\t\t<div class=\"elementor-widget-wrap elementor-element-populated\">\n\t\t\t\t\t\t\t\t<div class=\"elementor-element elementor-element-cdac0c4 elementor-widget elementor-widget-pool_services_contact\" data-id=\"cdac0c4\" data-element_type=\"widget\" data-widget_type=\"pool_services_contact.default\">\n\t\t\t\t<div class=\"elementor-widget-container\">\n\t\t\t\t\t<div class=\"section-indent\">\n\t\t\t<div class=\"container\">\n\t\t\t\t<div class=\"blocktitle blocktitle__center blocktitle__maxwidth-01\">\n\t\t\t\t\t<div class=\"blocktitle__title\">Kontaktieren Sie uns und vereinbaren Sie einen Termin<\/div>\n\t\t\t\t\t<div class=\"blocktitle__text\">Wir sind f\u00fcr alle Fragen und Beratungen da. Von der Idee bis zur Umsetzung begleitet Juma alles. Bau von Schwimmb\u00e4dern f\u00fcr private und \u00f6ffentliche Zwecke.<\/div>\n\t\t\t\t<\/div>\n\t\t\t\t\n<div class=\"wpcf7 no-js\" id=\"wpcf7-f3692-o1\" lang=\"en-US\" dir=\"ltr\">\n<div class=\"screen-reader-response\"><p role=\"status\" aria-live=\"polite\" aria-atomic=\"true\"><\/p> <ul><\/ul><\/div>\n<form action=\"\/de\/wp-json\/wp\/v2\/pages\/1202#wpcf7-f3692-o1\" method=\"post\" class=\"wpcf7-form init\" aria-label=\"Kontaktformular\" novalidate=\"novalidate\" data-status=\"init\" data-trp-original-action=\"\/de\/wp-json\/wp\/v2\/pages\/1202#wpcf7-f3692-o1\">\n<div style=\"display: none;\">\n<input type=\"hidden\" name=\"_wpcf7\" value=\"3692\" \/>\n<input type=\"hidden\" name=\"_wpcf7_version\" value=\"5.8.6\" \/>\n<input type=\"hidden\" name=\"_wpcf7_locale\" value=\"en_US\" \/>\n<input type=\"hidden\" name=\"_wpcf7_unit_tag\" value=\"wpcf7-f3692-o1\" \/>\n<input type=\"hidden\" name=\"_wpcf7_container_post\" value=\"0\" \/>\n<input type=\"hidden\" name=\"_wpcf7_posted_data_hash\" value=\"\" \/>\n<\/div>\n<div class=\"tt-form\">\n\t<div class=\"tt-form__group\">\n\t\t<p><span class=\"wpcf7-form-control-wrap\" data-name=\"your-name\"><input size=\"40\" class=\"wpcf7-form-control wpcf7-text tt-form__control\" aria-invalid=\"false\" value=\"Va\u0161e puno ime\" type=\"text\" name=\"your-name\" \/><\/span>\n\t\t<\/p>\n\t<\/div>\n\t<div class=\"row\">\n\t\t<div class=\"col-lg-6\">\n\t\t\t<div class=\"tt-form__group\">\n\t\t\t\t<p><span class=\"wpcf7-form-control-wrap\" data-name=\"your-email\"><input size=\"40\" class=\"wpcf7-form-control wpcf7-email wpcf7-text wpcf7-validates-as-email tt-form__control\" aria-invalid=\"false\" placeholder=\"E-Mail\" value=\"\" type=\"email\" name=\"your-email\" \/><\/span>\n\t\t\t\t<\/p>\n\t\t\t<\/div>\n\t\t<\/div>\n\t\t<div class=\"col-lg-6\">\n\t\t\t<div class=\"tt-form__group\">\n\t\t\t\t<p><span class=\"wpcf7-form-control-wrap\" data-name=\"phonenumber\"><input size=\"40\" class=\"wpcf7-form-control wpcf7-text tt-form__control\" aria-invalid=\"false\" placeholder=\"Telefon\" value=\"\" type=\"text\" name=\"phonenumber\" \/><\/span>\n\t\t\t\t<\/p>\n\t\t\t<\/div>\n\t\t<\/div>\n\t\t<div class=\"tt-form__group\">\n\t\t\t<div class=\"custom-select\">\n\t\t\t\t<p><span class=\"wpcf7-form-control-wrap\" data-name=\"services\"><select class=\"wpcf7-form-control wpcf7-select\" aria-invalid=\"false\" name=\"services\"><option value=\"Projektiranje i izgradnja bazena\">Planung und Bau von Schwimmb\u00e4dern<\/option><option value=\"Odr\u017eavanje bazena\">Poolpflege<\/option><option value=\"Konzultacije\">Beratungen<\/option><option value=\"Partnerstvo\">Partnerschaft<\/option><\/select><\/span>\n\t\t\t\t<\/p>\n\t\t\t<\/div>\n\t\t<\/div>\n\t\t<div class=\"tt-form__group\">\n\t\t\t<p><span class=\"wpcf7-form-control-wrap\" data-name=\"your-message\"><textarea cols=\"40\" rows=\"10\" class=\"wpcf7-form-control wpcf7-textarea tt-form__control\" aria-invalid=\"false\" placeholder=\"Weitere Informationen...\" name=\"your-message\"><\/textarea><\/span>\n\t\t\t<\/p>\n\t\t<\/div>\n\t\t<div class=\"tt-form__btn\">\n\t\t\t<p><button type=\"submit\" class=\"tt-btn tt-btn02 wpcf7-form-control wpcf7-submit\"><span class=\"tt-btn__text\" data-effect=\"Po\u0161alji upit\">Anfrage senden<\/span><span class=\"tt-btn__icon icon-142042\"><\/span><\/button>\n\t\t\t<\/p>\n\t\t<\/div>\n\t<\/div>\n<\/div><div class=\"wpcf7-response-output\" aria-hidden=\"true\"><\/div>\n<input type=\"hidden\" name=\"trp-form-language\" value=\"de\"\/><\/form>\n<\/div>\n\t\t\t<\/div>\n\t\t<\/div>\n\t\t\t\t<\/div>\n\t\t\t\t<\/div>\n\t\t\t\t\t<\/div>\n\t\t<\/div>\n\t\t\t\t\t\t\t<\/div>\n\t\t<\/section>\n\t\t\t\t\t\t\t<\/div>","protected":false},"excerpt":{"rendered":"<p>Standort Ercegovci 46 A, Dicmo Ercegovci, Kroatien Mobil +385 95 3776 396 von Mo bis Fr E-Mail-Adresse info@juma.hr Kontaktieren Sie uns und vereinbaren Sie einen Termin Wir sind f\u00fcr alle Fragen und Beratungen da. Von der Idee bis zur Umsetzung begleitet Juma alles. Bau von Schwimmb\u00e4dern f\u00fcr private und \u00f6ffentliche Zwecke.<\/p>","protected":false},"author":1,"featured_media":1534,"parent":0,"menu_order":0,"comment_status":"closed","ping_status":"closed","template":"elementor_header_footer","meta":{"footnotes":""},"class_list":["post-1202","page","type-page","status-publish","has-post-thumbnail","hentry"],"yoast_head":"<!-- This site is optimized with the Yoast SEO plugin v21.8 - https:\/\/yoast.com\/wordpress\/plugins\/seo\/ -->\n<title>Kontakt - Juma | Izgradnja i odr\u017eavanje bazena<\/title>\n<meta name=\"robots\" content=\"index, follow, max-snippet:-1, max-image-preview:large, max-video-preview:-1\" \/>\n<link rel=\"canonical\" href=\"https:\/\/juma.hr\/de\/kontakt\/\" \/>\n<meta property=\"og:locale\" content=\"de_DE\" \/>\n<meta property=\"og:type\" content=\"article\" \/>\n<meta property=\"og:title\" content=\"Kontakt - Juma | Izgradnja i odr\u017eavanje bazena\" \/>\n<meta property=\"og:description\" content=\"Lokacija Ercegovci 46 A, Dicmo Ercegovci, Croatia Mobitel +385 95 3776 396\u202c od Pon do Pet Email Adresa info@juma.hr Kontaktirajte nas i dogovorite sastanak Tu smo za sva pitanja i konzultacije. Od ideje do realizacije Juma prati sve. Izgradnja bazena za privatne i javne svrhe.\" \/>\n<meta property=\"og:url\" content=\"https:\/\/juma.hr\/de\/kontakt\/\" \/>\n<meta property=\"og:site_name\" content=\"Juma | Izgradnja i odr\u017eavanje bazena\" \/>\n<meta property=\"article:modified_time\" content=\"2024-02-05T01:01:47+00:00\" \/>\n<meta property=\"og:image\" content=\"https:\/\/juma.hr\/wp-content\/uploads\/2021\/09\/pagetitle_bg01.jpg\" \/>\n\t<meta property=\"og:image:width\" content=\"1760\" \/>\n\t<meta property=\"og:image:height\" content=\"292\" \/>\n\t<meta property=\"og:image:type\" content=\"image\/jpeg\" \/>\n<meta name=\"twitter:card\" content=\"summary_large_image\" \/>\n<meta name=\"twitter:label1\" content=\"Gesch\u00e4tzte Lesezeit\" \/>\n\t<meta name=\"twitter:data1\" content=\"1\u00a0Minute\" \/>\n<script type=\"application\/ld+json\" class=\"yoast-schema-graph\">{\"@context\":\"https:\/\/schema.org\",\"@graph\":[{\"@type\":\"WebPage\",\"@id\":\"https:\/\/juma.hr\/kontakt\/\",\"url\":\"https:\/\/juma.hr\/kontakt\/\",\"name\":\"Kontakt - Juma | Izgradnja i odr\u017eavanje bazena\",\"isPartOf\":{\"@id\":\"https:\/\/juma.hr\/#website\"},\"datePublished\":\"2021-08-12T04:10:29+00:00\",\"dateModified\":\"2024-02-05T01:01:47+00:00\",\"breadcrumb\":{\"@id\":\"https:\/\/juma.hr\/kontakt\/#breadcrumb\"},\"inLanguage\":\"de\",\"potentialAction\":[{\"@type\":\"ReadAction\",\"target\":[\"https:\/\/juma.hr\/kontakt\/\"]}]},{\"@type\":\"BreadcrumbList\",\"@id\":\"https:\/\/juma.hr\/kontakt\/#breadcrumb\",\"itemListElement\":[{\"@type\":\"ListItem\",\"position\":1,\"name\":\"Home\",\"item\":\"https:\/\/juma.hr\/\"},{\"@type\":\"ListItem\",\"position\":2,\"name\":\"Kontakt\"}]},{\"@type\":\"WebSite\",\"@id\":\"https:\/\/juma.hr\/#website\",\"url\":\"https:\/\/juma.hr\/\",\"name\":\"Juma | Izgradnja i odr\u017eavanje bazena\",\"description\":\"\",\"potentialAction\":[{\"@type\":\"SearchAction\",\"target\":{\"@type\":\"EntryPoint\",\"urlTemplate\":\"https:\/\/juma.hr\/?s={search_term_string}\"},\"query-input\":\"required name=search_term_string\"}],\"inLanguage\":\"de\"}]}<\/script>\n<!-- \/ Yoast SEO plugin. -->","yoast_head_json":{"title":"Kontakt - Juma | Izgradnja i odr\u017eavanje bazena","robots":{"index":"index","follow":"follow","max-snippet":"max-snippet:-1","max-image-preview":"max-image-preview:large","max-video-preview":"max-video-preview:-1"},"canonical":"https:\/\/juma.hr\/de\/kontakt\/","og_locale":"de_DE","og_type":"article","og_title":"Kontakt - Juma | Izgradnja i odr\u017eavanje bazena","og_description":"Lokacija Ercegovci 46 A, Dicmo Ercegovci, Croatia Mobitel +385 95 3776 396\u202c od Pon do Pet Email Adresa info@juma.hr Kontaktirajte nas i dogovorite sastanak Tu smo za sva pitanja i konzultacije. Od ideje do realizacije Juma prati sve. Izgradnja bazena za privatne i javne svrhe.","og_url":"https:\/\/juma.hr\/de\/kontakt\/","og_site_name":"Juma | Izgradnja i odr\u017eavanje bazena","article_modified_time":"2024-02-05T01:01:47+00:00","og_image":[{"width":1760,"height":292,"url":"https:\/\/juma.hr\/wp-content\/uploads\/2021\/09\/pagetitle_bg01.jpg","type":"image\/jpeg"}],"twitter_card":"summary_large_image","twitter_misc":{"Gesch\u00e4tzte Lesezeit":"1\u00a0Minute"},"schema":{"@context":"https:\/\/schema.org","@graph":[{"@type":"WebPage","@id":"https:\/\/juma.hr\/kontakt\/","url":"https:\/\/juma.hr\/kontakt\/","name":"Kontakt - Juma | Izgradnja i odr\u017eavanje bazena","isPartOf":{"@id":"https:\/\/juma.hr\/#website"},"datePublished":"2021-08-12T04:10:29+00:00","dateModified":"2024-02-05T01:01:47+00:00","breadcrumb":{"@id":"https:\/\/juma.hr\/kontakt\/#breadcrumb"},"inLanguage":"de","potentialAction":[{"@type":"ReadAction","target":["https:\/\/juma.hr\/kontakt\/"]}]},{"@type":"BreadcrumbList","@id":"https:\/\/juma.hr\/kontakt\/#breadcrumb","itemListElement":[{"@type":"ListItem","position":1,"name":"Home","item":"https:\/\/juma.hr\/"},{"@type":"ListItem","position":2,"name":"Kontakt"}]},{"@type":"WebSite","@id":"https:\/\/juma.hr\/#website","url":"https:\/\/juma.hr\/","name":"Juma | Izgradnja i odr\u017eavanje bazena","description":"","potentialAction":[{"@type":"SearchAction","target":{"@type":"EntryPoint","urlTemplate":"https:\/\/juma.hr\/?s={search_term_string}"},"query-input":"required name=search_term_string"}],"inLanguage":"de"}]}},"_links":{"self":[{"href":"https:\/\/juma.hr\/de\/wp-json\/wp\/v2\/pages\/1202","targetHints":{"allow":["GET"]}}],"collection":[{"href":"https:\/\/juma.hr\/de\/wp-json\/wp\/v2\/pages"}],"about":[{"href":"https:\/\/juma.hr\/de\/wp-json\/wp\/v2\/types\/page"}],"author":[{"embeddable":true,"href":"https:\/\/juma.hr\/de\/wp-json\/wp\/v2\/users\/1"}],"replies":[{"embeddable":true,"href":"https:\/\/juma.hr\/de\/wp-json\/wp\/v2\/comments?post=1202"}],"version-history":[{"count":22,"href":"https:\/\/juma.hr\/de\/wp-json\/wp\/v2\/pages\/1202\/revisions"}],"predecessor-version":[{"id":4436,"href":"https:\/\/juma.hr\/de\/wp-json\/wp\/v2\/pages\/1202\/revisions\/4436"}],"wp:featuredmedia":[{"embeddable":true,"href":"https:\/\/juma.hr\/de\/wp-json\/wp\/v2\/media\/1534"}],"wp:attachment":[{"href":"https:\/\/juma.hr\/de\/wp-json\/wp\/v2\/media?parent=1202"}],"curies":[{"name":"wp","href":"https:\/\/api.w.org\/{rel}","templated":true}]}}